{"id":142127,"date":"2025-07-03T10:25:14","date_gmt":"2025-07-03T07:25:14","guid":{"rendered":"https:\/\/www.biopapa.lt\/?post_type=product&#038;p=142127"},"modified":"2025-12-16T13:52:31","modified_gmt":"2025-12-16T11:52:31","slug":"instant-pot-vortex-slim-6qt-air-fryer-5-7l","status":"publish","type":"product","link":"https:\/\/www.biopapa.lt\/en\/produktas\/instant-pot-vortex-slim-6qt-air-fryer-5-7l\/","title":{"rendered":"Instant Pot\u00ae Vortex\u00ae Slim 6QT air fryer (5,7L)"},"content":{"rendered":"<p><strong>Delivery only by Venipak courier.<br \/>\n<\/strong><strong>Instant Pot\u00ae Vortex\u00ae Slim 6QT Air Fryer (5,7L) 5-IN-1<\/strong><br \/>\nThe perfect choice for quick, tasty air fried meals &#8211; now with a new narrow design and quieter fryer.<br \/>\nInstant\u00ae Vortex\u00ae Slim is the perfect choice for those who want to cook tasty meals quickly and conveniently. Its narrower design saves space in the kitchen, while the advanced EvenCrisp\u2122 technology ensures that food is crispy on the outside and soft on the inside. This model is spacious enough for growing families, yet compact enough to easily fit into any size kitchen.<br \/><!-- -->Integrated smart features make it easy to customise your cooking settings, while overheat protection keeps you safe. It&#8217;s a quick, versatile and convenient way to enjoy your favourite fried foods with much less oil!   <\/p>\n<p>5-FIVE: baking, roasting, roasting, cooking and reheating.<\/p>\n<p>Ergonomic design: thinner than the traditional 6QT Vortex model, making it more compact and space-saving.<br \/>\nLess oil: EvenCrisp\u2122 technology ensures crispness and softness using 95% less oil than normal.<br \/>\nQuiet operation: this fryer is Quiet Mark certified, so it runs quieter than others.<br \/>\nDeepest cooking basket: makes it easier to cook a variety of dishes such as fritters, kebabs, bacon and other favourite snacks.<br \/>\nWide temperature range: adjustable from 49 \u00b0C to 205 \u00b0C, perfect for a wide range of recipes.<br \/>\nQuick preparation: with little or no need for reheating, cooking starts in just a few minutes.<br \/>\nEasy to use: a simple touchscreen displays every step of the cooking process and makes it easy to control the cooking process.<br \/>\nEasy cleaning: the basket has a non-stick coating and is dishwasher safe, ensuring convenience after use.<br \/>\nThe right size: ideal for medium to large families.<br \/>\nSafety features: built-in overheating protection and automatic switch-off ensure safe use.<br \/>\nPower: 1700 watts for fast and efficient cooking.<br \/>\nCertifications: ETL certified.<br \/>\nVoltage: 220V ~ 60 Hz.<\/p>\n<p>Dimensions: (I) 30.5 x (W) 38.9 x (H) 32.3 cm<br \/>\nVolume: 5.7 litres<br \/>\nWarranty: 12 months<\/p>\n<p><a href=\"https:\/\/p.widencdn.net\/qsfeuw\/140-3100-01_IB_Vortex_Slim_6QT_US_Manual_R27-FINAL-04-19-2024_LoRes\">Download the user guide \u21d2<\/a><\/p>\n","protected":false},"excerpt":{"rendered":"<p>Delivery only by Venipak courier. Instant Pot\u00ae Vortex\u00ae Slim 6QT Air Fryer (5,7L) 5-IN-1 The perfect choice for quick, tasty<\/p>\n","protected":false},"featured_media":142137,"template":"","meta":{"_acf_changed":false},"product_brand":[],"product_cat":[1988,2410],"product_tag":[],"class_list":{"0":"post-142127","1":"product","2":"type-product","3":"status-publish","4":"has-post-thumbnail","6":"product_cat-home","7":"product_cat-household-appliances","9":"first","10":"instock","11":"shipping-taxable","12":"purchasable","13":"product-type-simple"},"acf":[],"yoast_head":"<!-- This site is optimized with the Yoast SEO plugin v27.3 - https:\/\/yoast.com\/product\/yoast-seo-wordpress\/ -->\n<title>Instant Pot\u00ae Vortex\u00ae Slim 6QT air fryer (5,7L) - Biopapa<\/title>\n<meta name=\"description\" content=\"Instant Pot\u00ae Vortex\u00ae Slim 6QT air fryer (5,7L) 5-IN-1\" \/>\n<meta name=\"robots\" content=\"index, follow, max-snippet:-1, max-image-preview:large, max-video-preview:-1\" \/>\n<link rel=\"canonical\" href=\"https:\/\/www.biopapa.lt\/en\/produktas\/instant-pot-vortex-slim-6qt-air-fryer-5-7l\/\" \/>\n<meta property=\"og:locale\" content=\"en_US\" \/>\n<meta property=\"og:type\" content=\"article\" \/>\n<meta property=\"og:title\" content=\"Instant Pot\u00ae Vortex\u00ae Slim 6QT air fryer (5,7L) - Biopapa\" \/>\n<meta property=\"og:description\" content=\"Instant Pot\u00ae Vortex\u00ae Slim 6QT air fryer (5,7L) 5-IN-1\" \/>\n<meta property=\"og:url\" content=\"https:\/\/www.biopapa.lt\/en\/produktas\/instant-pot-vortex-slim-6qt-air-fryer-5-7l\/\" \/>\n<meta property=\"og:site_name\" content=\"Biopapa\" \/>\n<meta property=\"article:publisher\" content=\"https:\/\/www.facebook.com\/biopapa.lt\" \/>\n<meta property=\"article:modified_time\" content=\"2025-12-16T11:52:31+00:00\" \/>\n<meta property=\"og:image\" content=\"https:\/\/www.biopapa.lt\/wp-content\/uploads\/2025\/07\/Instant-Pot\u00ae-Vortex\u00ae-Slim-6QT-oro-gruzdintuve.png\" \/>\n\t<meta property=\"og:image:width\" content=\"800\" \/>\n\t<meta property=\"og:image:height\" content=\"640\" \/>\n\t<meta property=\"og:image:type\" content=\"image\/png\" \/>\n<meta name=\"twitter:card\" content=\"summary_large_image\" \/>\n<script type=\"application\/ld+json\" class=\"yoast-schema-graph\">{\"@context\":\"https:\\\/\\\/schema.org\",\"@graph\":[{\"@type\":\"WebPage\",\"@id\":\"https:\\\/\\\/www.biopapa.lt\\\/en\\\/produktas\\\/instant-pot-vortex-slim-6qt-air-fryer-5-7l\\\/\",\"url\":\"https:\\\/\\\/www.biopapa.lt\\\/en\\\/produktas\\\/instant-pot-vortex-slim-6qt-air-fryer-5-7l\\\/\",\"name\":\"Instant Pot\u00ae Vortex\u00ae Slim 6QT air fryer (5,7L) - Biopapa\",\"isPartOf\":{\"@id\":\"https:\\\/\\\/www.biopapa.lt\\\/#website\"},\"primaryImageOfPage\":{\"@id\":\"https:\\\/\\\/www.biopapa.lt\\\/en\\\/produktas\\\/instant-pot-vortex-slim-6qt-air-fryer-5-7l\\\/#primaryimage\"},\"image\":{\"@id\":\"https:\\\/\\\/www.biopapa.lt\\\/en\\\/produktas\\\/instant-pot-vortex-slim-6qt-air-fryer-5-7l\\\/#primaryimage\"},\"thumbnailUrl\":\"https:\\\/\\\/www.biopapa.lt\\\/wp-content\\\/uploads\\\/2025\\\/07\\\/Instant-Pot\u00ae-Vortex\u00ae-Slim-6QT-oro-gruzdintuve.png\",\"datePublished\":\"2025-07-03T07:25:14+00:00\",\"dateModified\":\"2025-12-16T11:52:31+00:00\",\"description\":\"Instant Pot\u00ae Vortex\u00ae Slim 6QT air fryer (5,7L) 5-IN-1\",\"breadcrumb\":{\"@id\":\"https:\\\/\\\/www.biopapa.lt\\\/en\\\/produktas\\\/instant-pot-vortex-slim-6qt-air-fryer-5-7l\\\/#breadcrumb\"},\"inLanguage\":\"en-US\",\"potentialAction\":[{\"@type\":\"ReadAction\",\"target\":[\"https:\\\/\\\/www.biopapa.lt\\\/en\\\/produktas\\\/instant-pot-vortex-slim-6qt-air-fryer-5-7l\\\/\"]}]},{\"@type\":\"ImageObject\",\"inLanguage\":\"en-US\",\"@id\":\"https:\\\/\\\/www.biopapa.lt\\\/en\\\/produktas\\\/instant-pot-vortex-slim-6qt-air-fryer-5-7l\\\/#primaryimage\",\"url\":\"https:\\\/\\\/www.biopapa.lt\\\/wp-content\\\/uploads\\\/2025\\\/07\\\/Instant-Pot\u00ae-Vortex\u00ae-Slim-6QT-oro-gruzdintuve.png\",\"contentUrl\":\"https:\\\/\\\/www.biopapa.lt\\\/wp-content\\\/uploads\\\/2025\\\/07\\\/Instant-Pot\u00ae-Vortex\u00ae-Slim-6QT-oro-gruzdintuve.png\",\"width\":800,\"height\":640},{\"@type\":\"BreadcrumbList\",\"@id\":\"https:\\\/\\\/www.biopapa.lt\\\/en\\\/produktas\\\/instant-pot-vortex-slim-6qt-air-fryer-5-7l\\\/#breadcrumb\",\"itemListElement\":[{\"@type\":\"ListItem\",\"position\":1,\"name\":\"Home\",\"item\":\"https:\\\/\\\/www.biopapa.lt\\\/en\\\/\"},{\"@type\":\"ListItem\",\"position\":2,\"name\":\"Shop\",\"item\":\"https:\\\/\\\/www.biopapa.lt\\\/en\\\/shop\\\/\"},{\"@type\":\"ListItem\",\"position\":3,\"name\":\"Instant Pot\u00ae Vortex\u00ae Slim 6QT air fryer (5,7L)\"}]},{\"@type\":\"WebSite\",\"@id\":\"https:\\\/\\\/www.biopapa.lt\\\/#website\",\"url\":\"https:\\\/\\\/www.biopapa.lt\\\/\",\"name\":\"Biopapa\",\"description\":\"\u0160var\u016bs ekologi\u0161ki produktai\",\"publisher\":{\"@id\":\"https:\\\/\\\/www.biopapa.lt\\\/#organization\"},\"potentialAction\":[{\"@type\":\"SearchAction\",\"target\":{\"@type\":\"EntryPoint\",\"urlTemplate\":\"https:\\\/\\\/www.biopapa.lt\\\/?s={search_term_string}\"},\"query-input\":{\"@type\":\"PropertyValueSpecification\",\"valueRequired\":true,\"valueName\":\"search_term_string\"}}],\"inLanguage\":\"en-US\"},{\"@type\":\"Organization\",\"@id\":\"https:\\\/\\\/www.biopapa.lt\\\/#organization\",\"name\":\"Biopapa\",\"url\":\"https:\\\/\\\/www.biopapa.lt\\\/\",\"logo\":{\"@type\":\"ImageObject\",\"inLanguage\":\"en-US\",\"@id\":\"https:\\\/\\\/www.biopapa.lt\\\/#\\\/schema\\\/logo\\\/image\\\/\",\"url\":\"https:\\\/\\\/www.biopapa.lt\\\/wp-content\\\/uploads\\\/2022\\\/04\\\/facebook_biopapa.jpg\",\"contentUrl\":\"https:\\\/\\\/www.biopapa.lt\\\/wp-content\\\/uploads\\\/2022\\\/04\\\/facebook_biopapa.jpg\",\"width\":1733,\"height\":907,\"caption\":\"Biopapa\"},\"image\":{\"@id\":\"https:\\\/\\\/www.biopapa.lt\\\/#\\\/schema\\\/logo\\\/image\\\/\"},\"sameAs\":[\"https:\\\/\\\/www.facebook.com\\\/biopapa.lt\"]}]}<\/script>\n<!-- \/ Yoast SEO plugin. -->","yoast_head_json":{"title":"Instant Pot\u00ae Vortex\u00ae Slim 6QT air fryer (5,7L) - Biopapa","description":"Instant Pot\u00ae Vortex\u00ae Slim 6QT air fryer (5,7L) 5-IN-1","robots":{"index":"index","follow":"follow","max-snippet":"max-snippet:-1","max-image-preview":"max-image-preview:large","max-video-preview":"max-video-preview:-1"},"canonical":"https:\/\/www.biopapa.lt\/en\/produktas\/instant-pot-vortex-slim-6qt-air-fryer-5-7l\/","og_locale":"en_US","og_type":"article","og_title":"Instant Pot\u00ae Vortex\u00ae Slim 6QT air fryer (5,7L) - Biopapa","og_description":"Instant Pot\u00ae Vortex\u00ae Slim 6QT air fryer (5,7L) 5-IN-1","og_url":"https:\/\/www.biopapa.lt\/en\/produktas\/instant-pot-vortex-slim-6qt-air-fryer-5-7l\/","og_site_name":"Biopapa","article_publisher":"https:\/\/www.facebook.com\/biopapa.lt","article_modified_time":"2025-12-16T11:52:31+00:00","og_image":[{"width":800,"height":640,"url":"https:\/\/www.biopapa.lt\/wp-content\/uploads\/2025\/07\/Instant-Pot\u00ae-Vortex\u00ae-Slim-6QT-oro-gruzdintuve.png","type":"image\/png"}],"twitter_card":"summary_large_image","schema":{"@context":"https:\/\/schema.org","@graph":[{"@type":"WebPage","@id":"https:\/\/www.biopapa.lt\/en\/produktas\/instant-pot-vortex-slim-6qt-air-fryer-5-7l\/","url":"https:\/\/www.biopapa.lt\/en\/produktas\/instant-pot-vortex-slim-6qt-air-fryer-5-7l\/","name":"Instant Pot\u00ae Vortex\u00ae Slim 6QT air fryer (5,7L) - Biopapa","isPartOf":{"@id":"https:\/\/www.biopapa.lt\/#website"},"primaryImageOfPage":{"@id":"https:\/\/www.biopapa.lt\/en\/produktas\/instant-pot-vortex-slim-6qt-air-fryer-5-7l\/#primaryimage"},"image":{"@id":"https:\/\/www.biopapa.lt\/en\/produktas\/instant-pot-vortex-slim-6qt-air-fryer-5-7l\/#primaryimage"},"thumbnailUrl":"https:\/\/www.biopapa.lt\/wp-content\/uploads\/2025\/07\/Instant-Pot\u00ae-Vortex\u00ae-Slim-6QT-oro-gruzdintuve.png","datePublished":"2025-07-03T07:25:14+00:00","dateModified":"2025-12-16T11:52:31+00:00","description":"Instant Pot\u00ae Vortex\u00ae Slim 6QT air fryer (5,7L) 5-IN-1","breadcrumb":{"@id":"https:\/\/www.biopapa.lt\/en\/produktas\/instant-pot-vortex-slim-6qt-air-fryer-5-7l\/#breadcrumb"},"inLanguage":"en-US","potentialAction":[{"@type":"ReadAction","target":["https:\/\/www.biopapa.lt\/en\/produktas\/instant-pot-vortex-slim-6qt-air-fryer-5-7l\/"]}]},{"@type":"ImageObject","inLanguage":"en-US","@id":"https:\/\/www.biopapa.lt\/en\/produktas\/instant-pot-vortex-slim-6qt-air-fryer-5-7l\/#primaryimage","url":"https:\/\/www.biopapa.lt\/wp-content\/uploads\/2025\/07\/Instant-Pot\u00ae-Vortex\u00ae-Slim-6QT-oro-gruzdintuve.png","contentUrl":"https:\/\/www.biopapa.lt\/wp-content\/uploads\/2025\/07\/Instant-Pot\u00ae-Vortex\u00ae-Slim-6QT-oro-gruzdintuve.png","width":800,"height":640},{"@type":"BreadcrumbList","@id":"https:\/\/www.biopapa.lt\/en\/produktas\/instant-pot-vortex-slim-6qt-air-fryer-5-7l\/#breadcrumb","itemListElement":[{"@type":"ListItem","position":1,"name":"Home","item":"https:\/\/www.biopapa.lt\/en\/"},{"@type":"ListItem","position":2,"name":"Shop","item":"https:\/\/www.biopapa.lt\/en\/shop\/"},{"@type":"ListItem","position":3,"name":"Instant Pot\u00ae Vortex\u00ae Slim 6QT air fryer (5,7L)"}]},{"@type":"WebSite","@id":"https:\/\/www.biopapa.lt\/#website","url":"https:\/\/www.biopapa.lt\/","name":"Biopapa","description":"\u0160var\u016bs ekologi\u0161ki produktai","publisher":{"@id":"https:\/\/www.biopapa.lt\/#organization"},"potentialAction":[{"@type":"SearchAction","target":{"@type":"EntryPoint","urlTemplate":"https:\/\/www.biopapa.lt\/?s={search_term_string}"},"query-input":{"@type":"PropertyValueSpecification","valueRequired":true,"valueName":"search_term_string"}}],"inLanguage":"en-US"},{"@type":"Organization","@id":"https:\/\/www.biopapa.lt\/#organization","name":"Biopapa","url":"https:\/\/www.biopapa.lt\/","logo":{"@type":"ImageObject","inLanguage":"en-US","@id":"https:\/\/www.biopapa.lt\/#\/schema\/logo\/image\/","url":"https:\/\/www.biopapa.lt\/wp-content\/uploads\/2022\/04\/facebook_biopapa.jpg","contentUrl":"https:\/\/www.biopapa.lt\/wp-content\/uploads\/2022\/04\/facebook_biopapa.jpg","width":1733,"height":907,"caption":"Biopapa"},"image":{"@id":"https:\/\/www.biopapa.lt\/#\/schema\/logo\/image\/"},"sameAs":["https:\/\/www.facebook.com\/biopapa.lt"]}]}},"_links":{"self":[{"href":"https:\/\/www.biopapa.lt\/en\/wp-json\/wp\/v2\/product\/142127","targetHints":{"allow":["GET"]}}],"collection":[{"href":"https:\/\/www.biopapa.lt\/en\/wp-json\/wp\/v2\/product"}],"about":[{"href":"https:\/\/www.biopapa.lt\/en\/wp-json\/wp\/v2\/types\/product"}],"wp:featuredmedia":[{"embeddable":true,"href":"https:\/\/www.biopapa.lt\/en\/wp-json\/wp\/v2\/media\/142137"}],"wp:attachment":[{"href":"https:\/\/www.biopapa.lt\/en\/wp-json\/wp\/v2\/media?parent=142127"}],"wp:term":[{"taxonomy":"product_brand","embeddable":true,"href":"https:\/\/www.biopapa.lt\/en\/wp-json\/wp\/v2\/product_brand?post=142127"},{"taxonomy":"product_cat","embeddable":true,"href":"https:\/\/www.biopapa.lt\/en\/wp-json\/wp\/v2\/product_cat?post=142127"},{"taxonomy":"product_tag","embeddable":true,"href":"https:\/\/www.biopapa.lt\/en\/wp-json\/wp\/v2\/product_tag?post=142127"}],"curies":[{"name":"wp","href":"https:\/\/api.w.org\/{rel}","templated":true}]}}