{"id":142092,"date":"2025-07-03T09:42:42","date_gmt":"2025-07-03T06:42:42","guid":{"rendered":"https:\/\/www.biopapa.lt\/?post_type=product&#038;p=142092"},"modified":"2025-12-16T13:50:26","modified_gmt":"2025-12-16T11:50:26","slug":"instant-pot-vortex-plus-oven-13l","status":"publish","type":"product","link":"https:\/\/www.biopapa.lt\/en\/produktas\/instant-pot-vortex-plus-oven-13l\/","title":{"rendered":"Instant Pot\u00ae Vortex\u00ae Plus &#8211; oven 13L"},"content":{"rendered":"<p><strong>Delivery only by Venipak courier.<br \/>\nInstant Pot\u00ae Vortex\u00ae Plus &#8211; Oven 13L<br \/>\n<\/strong>The Instant Vortex Plus is a multi-functional 13-litre air fryer that combines the functions of air frying, frying, roasting, grilling, reheating, dehydrating and heating. It also has a rotisserie function for easy preparation of juicy and evenly browned dishes. This appliance is appreciated for its versatility and convenience, especially the rotisserie function, which delivers restaurant-quality results right in the comfort of your own home.<br \/>\nCooking with the Instant\u00ae is an energy-saving solution that uses up to 80% less energy and costs compared to cooking in an electric oven.<br \/>\nPreheat in minutes and you&#8217;ll be up to 50% faster than a conventional oven. Family-friendly: spacious 13-litre capacity with multi-level baking trays for cooking different types of food at the same time.<br \/>\nCooking progress indicator: simply select the function, set the time and temperature and press &#8220;Start&#8221; &#8211; the cooking progress indicator will let you know how long it will take for your dish to be ready!<br \/>\nRotisserie skewers &#8211; ideal for the perfect roast: these baking skewers flip the roast over for even cooking.<br \/>\nThe 360\u00b0 hot air circulation and perforated cooking plates are designed to ensure maximum airflow that spreads evenly, resulting in crispy and tasty dishes every time.<br \/>\nAir fryer with 9 cooking programmes at the touch of a button:<br \/>\nAir frying: for crispy chicken wings, fries and all your other favourite dishes.<br \/>\nRotation: you will have an easy and even bake.<br \/>\nRoasting: bakes up deliciously and gives a wonderful flavour.<br \/>\nGrilling: great taste for grilled vegetables and other dishes.<br \/>\nToasting: crispy toasted bread and other treats.<br \/>\nBaking: try buns, cakes or even bread with perfect heat.<br \/>\nReplacement: reheat leftover food easily, while keeping it fresh.<br \/>\nDrying: dry fruit, vegetables and snacks directly in the air in the fryer.<br \/>\nRising: ideal for rising the dough before baking bread.<\/p>\n<p>Voltage: 220-240V ~ 50-60Hz<br \/>\nPower: 1450 &#8211; 1700 watts<br \/>\nDimensions: (I) 35 x (W) 34,5 x (A) 37,5 cm<br \/>\nVolume: 13 litres<br \/>\nWeight: 8,2 kg<br \/>\nWarranty: 12 months<\/p>\n<p><a href=\"https:\/\/91.lt\/instant-vortex-plus-orkaite-13l-9-in-1-2\/\">Download the user guide \u21d2<\/a><\/p>\n","protected":false},"excerpt":{"rendered":"<p>Delivery only by Venipak courier. Instant Pot\u00ae Vortex\u00ae Plus &#8211; Oven 13L The Instant Vortex Plus is a multi-functional 13-litre<\/p>\n","protected":false},"featured_media":142107,"template":"","meta":{"_acf_changed":false},"product_brand":[],"product_cat":[1988,2410],"product_tag":[],"class_list":{"0":"post-142092","1":"product","2":"type-product","3":"status-publish","4":"has-post-thumbnail","6":"product_cat-home","7":"product_cat-household-appliances","9":"first","10":"outofstock","11":"shipping-taxable","12":"purchasable","13":"product-type-simple"},"acf":[],"yoast_head":"<!-- This site is optimized with the Yoast SEO plugin v27.3 - https:\/\/yoast.com\/product\/yoast-seo-wordpress\/ -->\n<title>Instant Pot\u00ae Vortex\u00ae Plus - oven 13L - Biopapa<\/title>\n<meta name=\"description\" content=\"Instant Pot\u00ae Vortex\u00ae Plus - Instant Pot\u00ae 13L\" \/>\n<meta name=\"robots\" content=\"index, follow, max-snippet:-1, max-image-preview:large, max-video-preview:-1\" \/>\n<link rel=\"canonical\" href=\"https:\/\/www.biopapa.lt\/en\/produktas\/instant-pot-vortex-plus-oven-13l\/\" \/>\n<meta property=\"og:locale\" content=\"en_US\" \/>\n<meta property=\"og:type\" content=\"article\" \/>\n<meta property=\"og:title\" content=\"Instant Pot\u00ae Vortex\u00ae Plus - oven 13L - Biopapa\" \/>\n<meta property=\"og:description\" content=\"Instant Pot\u00ae Vortex\u00ae Plus - Instant Pot\u00ae 13L\" \/>\n<meta property=\"og:url\" content=\"https:\/\/www.biopapa.lt\/en\/produktas\/instant-pot-vortex-plus-oven-13l\/\" \/>\n<meta property=\"og:site_name\" content=\"Biopapa\" \/>\n<meta property=\"article:publisher\" content=\"https:\/\/www.facebook.com\/biopapa.lt\" \/>\n<meta property=\"article:modified_time\" content=\"2025-12-16T11:50:26+00:00\" \/>\n<meta property=\"og:image\" content=\"https:\/\/www.biopapa.lt\/wp-content\/uploads\/2025\/07\/Greitpuodis-Instant-Pot\u00ae-Vortex\u00ae-Plus-orkaite-13L.png\" \/>\n\t<meta property=\"og:image:width\" content=\"800\" \/>\n\t<meta property=\"og:image:height\" content=\"640\" \/>\n\t<meta property=\"og:image:type\" content=\"image\/png\" \/>\n<meta name=\"twitter:card\" content=\"summary_large_image\" \/>\n<script type=\"application\/ld+json\" class=\"yoast-schema-graph\">{\"@context\":\"https:\\\/\\\/schema.org\",\"@graph\":[{\"@type\":\"WebPage\",\"@id\":\"https:\\\/\\\/www.biopapa.lt\\\/en\\\/produktas\\\/instant-pot-vortex-plus-oven-13l\\\/\",\"url\":\"https:\\\/\\\/www.biopapa.lt\\\/en\\\/produktas\\\/instant-pot-vortex-plus-oven-13l\\\/\",\"name\":\"Instant Pot\u00ae Vortex\u00ae Plus - oven 13L - Biopapa\",\"isPartOf\":{\"@id\":\"https:\\\/\\\/www.biopapa.lt\\\/#website\"},\"primaryImageOfPage\":{\"@id\":\"https:\\\/\\\/www.biopapa.lt\\\/en\\\/produktas\\\/instant-pot-vortex-plus-oven-13l\\\/#primaryimage\"},\"image\":{\"@id\":\"https:\\\/\\\/www.biopapa.lt\\\/en\\\/produktas\\\/instant-pot-vortex-plus-oven-13l\\\/#primaryimage\"},\"thumbnailUrl\":\"https:\\\/\\\/www.biopapa.lt\\\/wp-content\\\/uploads\\\/2025\\\/07\\\/Greitpuodis-Instant-Pot\u00ae-Vortex\u00ae-Plus-orkaite-13L.png\",\"datePublished\":\"2025-07-03T06:42:42+00:00\",\"dateModified\":\"2025-12-16T11:50:26+00:00\",\"description\":\"Instant Pot\u00ae Vortex\u00ae Plus - Instant Pot\u00ae 13L\",\"breadcrumb\":{\"@id\":\"https:\\\/\\\/www.biopapa.lt\\\/en\\\/produktas\\\/instant-pot-vortex-plus-oven-13l\\\/#breadcrumb\"},\"inLanguage\":\"en-US\",\"potentialAction\":[{\"@type\":\"ReadAction\",\"target\":[\"https:\\\/\\\/www.biopapa.lt\\\/en\\\/produktas\\\/instant-pot-vortex-plus-oven-13l\\\/\"]}]},{\"@type\":\"ImageObject\",\"inLanguage\":\"en-US\",\"@id\":\"https:\\\/\\\/www.biopapa.lt\\\/en\\\/produktas\\\/instant-pot-vortex-plus-oven-13l\\\/#primaryimage\",\"url\":\"https:\\\/\\\/www.biopapa.lt\\\/wp-content\\\/uploads\\\/2025\\\/07\\\/Greitpuodis-Instant-Pot\u00ae-Vortex\u00ae-Plus-orkaite-13L.png\",\"contentUrl\":\"https:\\\/\\\/www.biopapa.lt\\\/wp-content\\\/uploads\\\/2025\\\/07\\\/Greitpuodis-Instant-Pot\u00ae-Vortex\u00ae-Plus-orkaite-13L.png\",\"width\":800,\"height\":640},{\"@type\":\"BreadcrumbList\",\"@id\":\"https:\\\/\\\/www.biopapa.lt\\\/en\\\/produktas\\\/instant-pot-vortex-plus-oven-13l\\\/#breadcrumb\",\"itemListElement\":[{\"@type\":\"ListItem\",\"position\":1,\"name\":\"Home\",\"item\":\"https:\\\/\\\/www.biopapa.lt\\\/en\\\/\"},{\"@type\":\"ListItem\",\"position\":2,\"name\":\"Shop\",\"item\":\"https:\\\/\\\/www.biopapa.lt\\\/en\\\/shop\\\/\"},{\"@type\":\"ListItem\",\"position\":3,\"name\":\"Instant Pot\u00ae Vortex\u00ae Plus &#8211; oven 13L\"}]},{\"@type\":\"WebSite\",\"@id\":\"https:\\\/\\\/www.biopapa.lt\\\/#website\",\"url\":\"https:\\\/\\\/www.biopapa.lt\\\/\",\"name\":\"Biopapa\",\"description\":\"\u0160var\u016bs ekologi\u0161ki produktai\",\"publisher\":{\"@id\":\"https:\\\/\\\/www.biopapa.lt\\\/#organization\"},\"potentialAction\":[{\"@type\":\"SearchAction\",\"target\":{\"@type\":\"EntryPoint\",\"urlTemplate\":\"https:\\\/\\\/www.biopapa.lt\\\/?s={search_term_string}\"},\"query-input\":{\"@type\":\"PropertyValueSpecification\",\"valueRequired\":true,\"valueName\":\"search_term_string\"}}],\"inLanguage\":\"en-US\"},{\"@type\":\"Organization\",\"@id\":\"https:\\\/\\\/www.biopapa.lt\\\/#organization\",\"name\":\"Biopapa\",\"url\":\"https:\\\/\\\/www.biopapa.lt\\\/\",\"logo\":{\"@type\":\"ImageObject\",\"inLanguage\":\"en-US\",\"@id\":\"https:\\\/\\\/www.biopapa.lt\\\/#\\\/schema\\\/logo\\\/image\\\/\",\"url\":\"https:\\\/\\\/www.biopapa.lt\\\/wp-content\\\/uploads\\\/2022\\\/04\\\/facebook_biopapa.jpg\",\"contentUrl\":\"https:\\\/\\\/www.biopapa.lt\\\/wp-content\\\/uploads\\\/2022\\\/04\\\/facebook_biopapa.jpg\",\"width\":1733,\"height\":907,\"caption\":\"Biopapa\"},\"image\":{\"@id\":\"https:\\\/\\\/www.biopapa.lt\\\/#\\\/schema\\\/logo\\\/image\\\/\"},\"sameAs\":[\"https:\\\/\\\/www.facebook.com\\\/biopapa.lt\"]}]}<\/script>\n<!-- \/ Yoast SEO plugin. -->","yoast_head_json":{"title":"Instant Pot\u00ae Vortex\u00ae Plus - oven 13L - Biopapa","description":"Instant Pot\u00ae Vortex\u00ae Plus - Instant Pot\u00ae 13L","robots":{"index":"index","follow":"follow","max-snippet":"max-snippet:-1","max-image-preview":"max-image-preview:large","max-video-preview":"max-video-preview:-1"},"canonical":"https:\/\/www.biopapa.lt\/en\/produktas\/instant-pot-vortex-plus-oven-13l\/","og_locale":"en_US","og_type":"article","og_title":"Instant Pot\u00ae Vortex\u00ae Plus - oven 13L - Biopapa","og_description":"Instant Pot\u00ae Vortex\u00ae Plus - Instant Pot\u00ae 13L","og_url":"https:\/\/www.biopapa.lt\/en\/produktas\/instant-pot-vortex-plus-oven-13l\/","og_site_name":"Biopapa","article_publisher":"https:\/\/www.facebook.com\/biopapa.lt","article_modified_time":"2025-12-16T11:50:26+00:00","og_image":[{"width":800,"height":640,"url":"https:\/\/www.biopapa.lt\/wp-content\/uploads\/2025\/07\/Greitpuodis-Instant-Pot\u00ae-Vortex\u00ae-Plus-orkaite-13L.png","type":"image\/png"}],"twitter_card":"summary_large_image","schema":{"@context":"https:\/\/schema.org","@graph":[{"@type":"WebPage","@id":"https:\/\/www.biopapa.lt\/en\/produktas\/instant-pot-vortex-plus-oven-13l\/","url":"https:\/\/www.biopapa.lt\/en\/produktas\/instant-pot-vortex-plus-oven-13l\/","name":"Instant Pot\u00ae Vortex\u00ae Plus - oven 13L - Biopapa","isPartOf":{"@id":"https:\/\/www.biopapa.lt\/#website"},"primaryImageOfPage":{"@id":"https:\/\/www.biopapa.lt\/en\/produktas\/instant-pot-vortex-plus-oven-13l\/#primaryimage"},"image":{"@id":"https:\/\/www.biopapa.lt\/en\/produktas\/instant-pot-vortex-plus-oven-13l\/#primaryimage"},"thumbnailUrl":"https:\/\/www.biopapa.lt\/wp-content\/uploads\/2025\/07\/Greitpuodis-Instant-Pot\u00ae-Vortex\u00ae-Plus-orkaite-13L.png","datePublished":"2025-07-03T06:42:42+00:00","dateModified":"2025-12-16T11:50:26+00:00","description":"Instant Pot\u00ae Vortex\u00ae Plus - Instant Pot\u00ae 13L","breadcrumb":{"@id":"https:\/\/www.biopapa.lt\/en\/produktas\/instant-pot-vortex-plus-oven-13l\/#breadcrumb"},"inLanguage":"en-US","potentialAction":[{"@type":"ReadAction","target":["https:\/\/www.biopapa.lt\/en\/produktas\/instant-pot-vortex-plus-oven-13l\/"]}]},{"@type":"ImageObject","inLanguage":"en-US","@id":"https:\/\/www.biopapa.lt\/en\/produktas\/instant-pot-vortex-plus-oven-13l\/#primaryimage","url":"https:\/\/www.biopapa.lt\/wp-content\/uploads\/2025\/07\/Greitpuodis-Instant-Pot\u00ae-Vortex\u00ae-Plus-orkaite-13L.png","contentUrl":"https:\/\/www.biopapa.lt\/wp-content\/uploads\/2025\/07\/Greitpuodis-Instant-Pot\u00ae-Vortex\u00ae-Plus-orkaite-13L.png","width":800,"height":640},{"@type":"BreadcrumbList","@id":"https:\/\/www.biopapa.lt\/en\/produktas\/instant-pot-vortex-plus-oven-13l\/#breadcrumb","itemListElement":[{"@type":"ListItem","position":1,"name":"Home","item":"https:\/\/www.biopapa.lt\/en\/"},{"@type":"ListItem","position":2,"name":"Shop","item":"https:\/\/www.biopapa.lt\/en\/shop\/"},{"@type":"ListItem","position":3,"name":"Instant Pot\u00ae Vortex\u00ae Plus &#8211; oven 13L"}]},{"@type":"WebSite","@id":"https:\/\/www.biopapa.lt\/#website","url":"https:\/\/www.biopapa.lt\/","name":"Biopapa","description":"\u0160var\u016bs ekologi\u0161ki produktai","publisher":{"@id":"https:\/\/www.biopapa.lt\/#organization"},"potentialAction":[{"@type":"SearchAction","target":{"@type":"EntryPoint","urlTemplate":"https:\/\/www.biopapa.lt\/?s={search_term_string}"},"query-input":{"@type":"PropertyValueSpecification","valueRequired":true,"valueName":"search_term_string"}}],"inLanguage":"en-US"},{"@type":"Organization","@id":"https:\/\/www.biopapa.lt\/#organization","name":"Biopapa","url":"https:\/\/www.biopapa.lt\/","logo":{"@type":"ImageObject","inLanguage":"en-US","@id":"https:\/\/www.biopapa.lt\/#\/schema\/logo\/image\/","url":"https:\/\/www.biopapa.lt\/wp-content\/uploads\/2022\/04\/facebook_biopapa.jpg","contentUrl":"https:\/\/www.biopapa.lt\/wp-content\/uploads\/2022\/04\/facebook_biopapa.jpg","width":1733,"height":907,"caption":"Biopapa"},"image":{"@id":"https:\/\/www.biopapa.lt\/#\/schema\/logo\/image\/"},"sameAs":["https:\/\/www.facebook.com\/biopapa.lt"]}]}},"_links":{"self":[{"href":"https:\/\/www.biopapa.lt\/en\/wp-json\/wp\/v2\/product\/142092","targetHints":{"allow":["GET"]}}],"collection":[{"href":"https:\/\/www.biopapa.lt\/en\/wp-json\/wp\/v2\/product"}],"about":[{"href":"https:\/\/www.biopapa.lt\/en\/wp-json\/wp\/v2\/types\/product"}],"wp:featuredmedia":[{"embeddable":true,"href":"https:\/\/www.biopapa.lt\/en\/wp-json\/wp\/v2\/media\/142107"}],"wp:attachment":[{"href":"https:\/\/www.biopapa.lt\/en\/wp-json\/wp\/v2\/media?parent=142092"}],"wp:term":[{"taxonomy":"product_brand","embeddable":true,"href":"https:\/\/www.biopapa.lt\/en\/wp-json\/wp\/v2\/product_brand?post=142092"},{"taxonomy":"product_cat","embeddable":true,"href":"https:\/\/www.biopapa.lt\/en\/wp-json\/wp\/v2\/product_cat?post=142092"},{"taxonomy":"product_tag","embeddable":true,"href":"https:\/\/www.biopapa.lt\/en\/wp-json\/wp\/v2\/product_tag?post=142092"}],"curies":[{"name":"wp","href":"https:\/\/api.w.org\/{rel}","templated":true}]}}