{"id":142061,"date":"2025-07-03T08:54:24","date_gmt":"2025-07-03T05:54:24","guid":{"rendered":"https:\/\/www.biopapa.lt\/?post_type=product&#038;p=142061"},"modified":"2025-12-16T13:51:31","modified_gmt":"2025-12-16T11:51:31","slug":"instant-pot-vortex-plus-6qt-nerudijancio-plieno-oro-gruzdintuve-su-clearcook-ir-odorerase-57l","status":"publish","type":"product","link":"https:\/\/www.biopapa.lt\/en\/produktas\/instant-pot-vortex-plus-6qt-nerudijancio-plieno-oro-gruzdintuve-su-clearcook-ir-odorerase-57l\/","title":{"rendered":"Instant Pot\u00ae Vortex\u00ae Plus 6QT stainless steel air fryer with ClearCook and OdorErase (5,7L)"},"content":{"rendered":"<p><strong>Delivery only by Venipak courier.<br \/>\nInstant Vortex\u00ae Plus Stainless Steel Air Fryer with ClearCook and OdorErase (5.7 L) 6-in-1<\/strong><br \/>\nThe Instant\u2122 Pot\u00ae Vortex\u00ae Plus offers a wide range of features to enhance the cooking experience. For example, the ClearCook window with built-in light makes it easy to monitor cooking progress without removing the cooking basket. &#8220;The OdorErase system effectively eliminates cooking odours to keep your kitchen fresh and your meals perfectly prepared. EvenCrisp\u2122 airflow technology gives your food a crisp texture and tenderness, but uses up to 95% less oil than traditional cooking methods.   <\/p>\n<p>Six customisable cooking programmes &#8211; air frying, roasting, frying, baking, reheating and dehydrating &#8211; allow you to choose the most suitable option at the touch of a button. The adjustable temperature range from 35 to 205\u00b0C ensures that any recipe is suitable. The touchscreen display shows every stage of cooking and cleaning after use is easy &#8211; the baking trays are dishwasher safe and nonstick.<x id=\"gid_0\"><\/x>The sleek and compact design with stainless steel accents is perfect for any kitchen, while safety features such as overheat protection provide added peace of mind. This appliance is the ideal choice for convenient food preparation for both everyday use and for growing families, combining functionality with stylish design.   <\/p>\n<p>6-WATCH: Bake, roast, fry, reheat or dry.<br \/>\n&#8220;The ClearCook window and internal light make it easy to monitor the cooking process without opening the basket.<br \/>\nBuilt-in OdorErase air filters eliminate odours during cooking.<br \/>\n6 customisable cooking programmes for quick one-touch cooking.<br \/>\n&#8220;EvenCrisp\u2122 airflow technology guarantees crispness and softness using 95% less oil.<br \/>\nAdjustable cooking temperature from 35 to 205 \u00b0C to suit any recipe.<br \/>\nLittle or no pre-heating time is needed to bake food from frozen to golden in minutes.<br \/>\nEasy-to-use touchscreen with step-by-step instructions showing each cooking step.<br \/>\nPrepare up to 6 servings: perfect for growing families, side dishes and other favourites.<br \/>\nEasy cleaning: dishwasher safe non-stick baking trays.<br \/>\nThe countertop-friendly design is suitable for any size kitchen.<br \/>\nStainless steel accents are the perfect combination of functionality and style.<br \/>\nBuilt-in safety features such as overheat protection\u2122 and automatic shut-off.<br \/>\nPower: 1700 watts.<br \/>\nVoltage: 220V ~ 60 Hz.<br \/>\nETL certificate.<\/p>\n<p>Dimensions: (I) 39,1 x (W) 30 x (H) 33 cm<br \/>\nVolume: 5,7 litres<br \/>\nWarranty: 12 months<\/p>\n<p><a href=\"https:\/\/p.widencdn.net\/bzn02t\/140-3089-01_IB_Vortex_CC_OE_US_Manual_R25-FINAL-04-19-2024_LoRes\">Download the user guide \u21d2<\/a><\/p>\n","protected":false},"excerpt":{"rendered":"<p>Delivery only by Venipak courier. Instant Vortex\u00ae Plus Stainless Steel Air Fryer with ClearCook and OdorErase (5.7 L) 6-in-1 The<\/p>\n","protected":false},"featured_media":142077,"template":"","meta":{"_acf_changed":false},"product_brand":[],"product_cat":[1988,2410],"product_tag":[],"class_list":{"0":"post-142061","1":"product","2":"type-product","3":"status-publish","4":"has-post-thumbnail","6":"product_cat-home","7":"product_cat-household-appliances","9":"first","10":"outofstock","11":"shipping-taxable","12":"purchasable","13":"product-type-simple"},"acf":[],"yoast_head":"<!-- This site is optimized with the Yoast SEO plugin v27.3 - https:\/\/yoast.com\/product\/yoast-seo-wordpress\/ -->\n<title>Instant Pot\u00ae Vortex\u00ae Plus 6QT stainless steel air fryer with ClearCook and OdorErase (5,7L) - Biopapa<\/title>\n<meta name=\"description\" content=\"Vortex\u00ae Plus stainless steel air fryer with ClearCook and OdorErase (5.7 l) 6-in-1\" \/>\n<meta name=\"robots\" content=\"index, follow, max-snippet:-1, max-image-preview:large, max-video-preview:-1\" \/>\n<link rel=\"canonical\" href=\"https:\/\/www.biopapa.lt\/en\/produktas\/instant-pot-vortex-plus-6qt-nerudijancio-plieno-oro-gruzdintuve-su-clearcook-ir-odorerase-57l\/\" \/>\n<meta property=\"og:locale\" content=\"en_US\" \/>\n<meta property=\"og:type\" content=\"article\" \/>\n<meta property=\"og:title\" content=\"Instant Pot\u00ae Vortex\u00ae Plus 6QT stainless steel air fryer with ClearCook and OdorErase (5,7L) - Biopapa\" \/>\n<meta property=\"og:description\" content=\"Vortex\u00ae Plus stainless steel air fryer with ClearCook and OdorErase (5.7 l) 6-in-1\" \/>\n<meta property=\"og:url\" content=\"https:\/\/www.biopapa.lt\/en\/produktas\/instant-pot-vortex-plus-6qt-nerudijancio-plieno-oro-gruzdintuve-su-clearcook-ir-odorerase-57l\/\" \/>\n<meta property=\"og:site_name\" content=\"Biopapa\" \/>\n<meta property=\"article:publisher\" content=\"https:\/\/www.facebook.com\/biopapa.lt\" \/>\n<meta property=\"article:modified_time\" content=\"2025-12-16T11:51:31+00:00\" \/>\n<meta property=\"og:image\" content=\"https:\/\/www.biopapa.lt\/wp-content\/uploads\/2025\/07\/Greitpuodis-Instant-Pot\u00ae-Vortex\u00ae-Plus-6QT-nerudijancio-plieno-oro-gruzdintuve-su-ClearCook-ir-OdorErase.png\" \/>\n\t<meta property=\"og:image:width\" content=\"800\" \/>\n\t<meta property=\"og:image:height\" content=\"640\" \/>\n\t<meta property=\"og:image:type\" content=\"image\/png\" \/>\n<meta name=\"twitter:card\" content=\"summary_large_image\" \/>\n<script type=\"application\/ld+json\" class=\"yoast-schema-graph\">{\"@context\":\"https:\\\/\\\/schema.org\",\"@graph\":[{\"@type\":\"WebPage\",\"@id\":\"https:\\\/\\\/www.biopapa.lt\\\/en\\\/produktas\\\/instant-pot-vortex-plus-6qt-nerudijancio-plieno-oro-gruzdintuve-su-clearcook-ir-odorerase-57l\\\/\",\"url\":\"https:\\\/\\\/www.biopapa.lt\\\/en\\\/produktas\\\/instant-pot-vortex-plus-6qt-nerudijancio-plieno-oro-gruzdintuve-su-clearcook-ir-odorerase-57l\\\/\",\"name\":\"Instant Pot\u00ae Vortex\u00ae Plus 6QT stainless steel air fryer with ClearCook and OdorErase (5,7L) - Biopapa\",\"isPartOf\":{\"@id\":\"https:\\\/\\\/www.biopapa.lt\\\/#website\"},\"primaryImageOfPage\":{\"@id\":\"https:\\\/\\\/www.biopapa.lt\\\/en\\\/produktas\\\/instant-pot-vortex-plus-6qt-nerudijancio-plieno-oro-gruzdintuve-su-clearcook-ir-odorerase-57l\\\/#primaryimage\"},\"image\":{\"@id\":\"https:\\\/\\\/www.biopapa.lt\\\/en\\\/produktas\\\/instant-pot-vortex-plus-6qt-nerudijancio-plieno-oro-gruzdintuve-su-clearcook-ir-odorerase-57l\\\/#primaryimage\"},\"thumbnailUrl\":\"https:\\\/\\\/www.biopapa.lt\\\/wp-content\\\/uploads\\\/2025\\\/07\\\/Greitpuodis-Instant-Pot\u00ae-Vortex\u00ae-Plus-6QT-nerudijancio-plieno-oro-gruzdintuve-su-ClearCook-ir-OdorErase.png\",\"datePublished\":\"2025-07-03T05:54:24+00:00\",\"dateModified\":\"2025-12-16T11:51:31+00:00\",\"description\":\"Vortex\u00ae Plus stainless steel air fryer with ClearCook and OdorErase (5.7 l) 6-in-1\",\"breadcrumb\":{\"@id\":\"https:\\\/\\\/www.biopapa.lt\\\/en\\\/produktas\\\/instant-pot-vortex-plus-6qt-nerudijancio-plieno-oro-gruzdintuve-su-clearcook-ir-odorerase-57l\\\/#breadcrumb\"},\"inLanguage\":\"en-US\",\"potentialAction\":[{\"@type\":\"ReadAction\",\"target\":[\"https:\\\/\\\/www.biopapa.lt\\\/en\\\/produktas\\\/instant-pot-vortex-plus-6qt-nerudijancio-plieno-oro-gruzdintuve-su-clearcook-ir-odorerase-57l\\\/\"]}]},{\"@type\":\"ImageObject\",\"inLanguage\":\"en-US\",\"@id\":\"https:\\\/\\\/www.biopapa.lt\\\/en\\\/produktas\\\/instant-pot-vortex-plus-6qt-nerudijancio-plieno-oro-gruzdintuve-su-clearcook-ir-odorerase-57l\\\/#primaryimage\",\"url\":\"https:\\\/\\\/www.biopapa.lt\\\/wp-content\\\/uploads\\\/2025\\\/07\\\/Greitpuodis-Instant-Pot\u00ae-Vortex\u00ae-Plus-6QT-nerudijancio-plieno-oro-gruzdintuve-su-ClearCook-ir-OdorErase.png\",\"contentUrl\":\"https:\\\/\\\/www.biopapa.lt\\\/wp-content\\\/uploads\\\/2025\\\/07\\\/Greitpuodis-Instant-Pot\u00ae-Vortex\u00ae-Plus-6QT-nerudijancio-plieno-oro-gruzdintuve-su-ClearCook-ir-OdorErase.png\",\"width\":800,\"height\":640},{\"@type\":\"BreadcrumbList\",\"@id\":\"https:\\\/\\\/www.biopapa.lt\\\/en\\\/produktas\\\/instant-pot-vortex-plus-6qt-nerudijancio-plieno-oro-gruzdintuve-su-clearcook-ir-odorerase-57l\\\/#breadcrumb\",\"itemListElement\":[{\"@type\":\"ListItem\",\"position\":1,\"name\":\"Home\",\"item\":\"https:\\\/\\\/www.biopapa.lt\\\/en\\\/\"},{\"@type\":\"ListItem\",\"position\":2,\"name\":\"Shop\",\"item\":\"https:\\\/\\\/www.biopapa.lt\\\/en\\\/shop\\\/\"},{\"@type\":\"ListItem\",\"position\":3,\"name\":\"Instant Pot\u00ae Vortex\u00ae Plus 6QT stainless steel air fryer with ClearCook and OdorErase (5,7L)\"}]},{\"@type\":\"WebSite\",\"@id\":\"https:\\\/\\\/www.biopapa.lt\\\/#website\",\"url\":\"https:\\\/\\\/www.biopapa.lt\\\/\",\"name\":\"Biopapa\",\"description\":\"\u0160var\u016bs ekologi\u0161ki produktai\",\"publisher\":{\"@id\":\"https:\\\/\\\/www.biopapa.lt\\\/#organization\"},\"potentialAction\":[{\"@type\":\"SearchAction\",\"target\":{\"@type\":\"EntryPoint\",\"urlTemplate\":\"https:\\\/\\\/www.biopapa.lt\\\/?s={search_term_string}\"},\"query-input\":{\"@type\":\"PropertyValueSpecification\",\"valueRequired\":true,\"valueName\":\"search_term_string\"}}],\"inLanguage\":\"en-US\"},{\"@type\":\"Organization\",\"@id\":\"https:\\\/\\\/www.biopapa.lt\\\/#organization\",\"name\":\"Biopapa\",\"url\":\"https:\\\/\\\/www.biopapa.lt\\\/\",\"logo\":{\"@type\":\"ImageObject\",\"inLanguage\":\"en-US\",\"@id\":\"https:\\\/\\\/www.biopapa.lt\\\/#\\\/schema\\\/logo\\\/image\\\/\",\"url\":\"https:\\\/\\\/www.biopapa.lt\\\/wp-content\\\/uploads\\\/2022\\\/04\\\/facebook_biopapa.jpg\",\"contentUrl\":\"https:\\\/\\\/www.biopapa.lt\\\/wp-content\\\/uploads\\\/2022\\\/04\\\/facebook_biopapa.jpg\",\"width\":1733,\"height\":907,\"caption\":\"Biopapa\"},\"image\":{\"@id\":\"https:\\\/\\\/www.biopapa.lt\\\/#\\\/schema\\\/logo\\\/image\\\/\"},\"sameAs\":[\"https:\\\/\\\/www.facebook.com\\\/biopapa.lt\"]}]}<\/script>\n<!-- \/ Yoast SEO plugin. -->","yoast_head_json":{"title":"Instant Pot\u00ae Vortex\u00ae Plus 6QT stainless steel air fryer with ClearCook and OdorErase (5,7L) - Biopapa","description":"Vortex\u00ae Plus stainless steel air fryer with ClearCook and OdorErase (5.7 l) 6-in-1","robots":{"index":"index","follow":"follow","max-snippet":"max-snippet:-1","max-image-preview":"max-image-preview:large","max-video-preview":"max-video-preview:-1"},"canonical":"https:\/\/www.biopapa.lt\/en\/produktas\/instant-pot-vortex-plus-6qt-nerudijancio-plieno-oro-gruzdintuve-su-clearcook-ir-odorerase-57l\/","og_locale":"en_US","og_type":"article","og_title":"Instant Pot\u00ae Vortex\u00ae Plus 6QT stainless steel air fryer with ClearCook and OdorErase (5,7L) - Biopapa","og_description":"Vortex\u00ae Plus stainless steel air fryer with ClearCook and OdorErase (5.7 l) 6-in-1","og_url":"https:\/\/www.biopapa.lt\/en\/produktas\/instant-pot-vortex-plus-6qt-nerudijancio-plieno-oro-gruzdintuve-su-clearcook-ir-odorerase-57l\/","og_site_name":"Biopapa","article_publisher":"https:\/\/www.facebook.com\/biopapa.lt","article_modified_time":"2025-12-16T11:51:31+00:00","og_image":[{"width":800,"height":640,"url":"https:\/\/www.biopapa.lt\/wp-content\/uploads\/2025\/07\/Greitpuodis-Instant-Pot\u00ae-Vortex\u00ae-Plus-6QT-nerudijancio-plieno-oro-gruzdintuve-su-ClearCook-ir-OdorErase.png","type":"image\/png"}],"twitter_card":"summary_large_image","schema":{"@context":"https:\/\/schema.org","@graph":[{"@type":"WebPage","@id":"https:\/\/www.biopapa.lt\/en\/produktas\/instant-pot-vortex-plus-6qt-nerudijancio-plieno-oro-gruzdintuve-su-clearcook-ir-odorerase-57l\/","url":"https:\/\/www.biopapa.lt\/en\/produktas\/instant-pot-vortex-plus-6qt-nerudijancio-plieno-oro-gruzdintuve-su-clearcook-ir-odorerase-57l\/","name":"Instant Pot\u00ae Vortex\u00ae Plus 6QT stainless steel air fryer with ClearCook and OdorErase (5,7L) - Biopapa","isPartOf":{"@id":"https:\/\/www.biopapa.lt\/#website"},"primaryImageOfPage":{"@id":"https:\/\/www.biopapa.lt\/en\/produktas\/instant-pot-vortex-plus-6qt-nerudijancio-plieno-oro-gruzdintuve-su-clearcook-ir-odorerase-57l\/#primaryimage"},"image":{"@id":"https:\/\/www.biopapa.lt\/en\/produktas\/instant-pot-vortex-plus-6qt-nerudijancio-plieno-oro-gruzdintuve-su-clearcook-ir-odorerase-57l\/#primaryimage"},"thumbnailUrl":"https:\/\/www.biopapa.lt\/wp-content\/uploads\/2025\/07\/Greitpuodis-Instant-Pot\u00ae-Vortex\u00ae-Plus-6QT-nerudijancio-plieno-oro-gruzdintuve-su-ClearCook-ir-OdorErase.png","datePublished":"2025-07-03T05:54:24+00:00","dateModified":"2025-12-16T11:51:31+00:00","description":"Vortex\u00ae Plus stainless steel air fryer with ClearCook and OdorErase (5.7 l) 6-in-1","breadcrumb":{"@id":"https:\/\/www.biopapa.lt\/en\/produktas\/instant-pot-vortex-plus-6qt-nerudijancio-plieno-oro-gruzdintuve-su-clearcook-ir-odorerase-57l\/#breadcrumb"},"inLanguage":"en-US","potentialAction":[{"@type":"ReadAction","target":["https:\/\/www.biopapa.lt\/en\/produktas\/instant-pot-vortex-plus-6qt-nerudijancio-plieno-oro-gruzdintuve-su-clearcook-ir-odorerase-57l\/"]}]},{"@type":"ImageObject","inLanguage":"en-US","@id":"https:\/\/www.biopapa.lt\/en\/produktas\/instant-pot-vortex-plus-6qt-nerudijancio-plieno-oro-gruzdintuve-su-clearcook-ir-odorerase-57l\/#primaryimage","url":"https:\/\/www.biopapa.lt\/wp-content\/uploads\/2025\/07\/Greitpuodis-Instant-Pot\u00ae-Vortex\u00ae-Plus-6QT-nerudijancio-plieno-oro-gruzdintuve-su-ClearCook-ir-OdorErase.png","contentUrl":"https:\/\/www.biopapa.lt\/wp-content\/uploads\/2025\/07\/Greitpuodis-Instant-Pot\u00ae-Vortex\u00ae-Plus-6QT-nerudijancio-plieno-oro-gruzdintuve-su-ClearCook-ir-OdorErase.png","width":800,"height":640},{"@type":"BreadcrumbList","@id":"https:\/\/www.biopapa.lt\/en\/produktas\/instant-pot-vortex-plus-6qt-nerudijancio-plieno-oro-gruzdintuve-su-clearcook-ir-odorerase-57l\/#breadcrumb","itemListElement":[{"@type":"ListItem","position":1,"name":"Home","item":"https:\/\/www.biopapa.lt\/en\/"},{"@type":"ListItem","position":2,"name":"Shop","item":"https:\/\/www.biopapa.lt\/en\/shop\/"},{"@type":"ListItem","position":3,"name":"Instant Pot\u00ae Vortex\u00ae Plus 6QT stainless steel air fryer with ClearCook and OdorErase (5,7L)"}]},{"@type":"WebSite","@id":"https:\/\/www.biopapa.lt\/#website","url":"https:\/\/www.biopapa.lt\/","name":"Biopapa","description":"\u0160var\u016bs ekologi\u0161ki produktai","publisher":{"@id":"https:\/\/www.biopapa.lt\/#organization"},"potentialAction":[{"@type":"SearchAction","target":{"@type":"EntryPoint","urlTemplate":"https:\/\/www.biopapa.lt\/?s={search_term_string}"},"query-input":{"@type":"PropertyValueSpecification","valueRequired":true,"valueName":"search_term_string"}}],"inLanguage":"en-US"},{"@type":"Organization","@id":"https:\/\/www.biopapa.lt\/#organization","name":"Biopapa","url":"https:\/\/www.biopapa.lt\/","logo":{"@type":"ImageObject","inLanguage":"en-US","@id":"https:\/\/www.biopapa.lt\/#\/schema\/logo\/image\/","url":"https:\/\/www.biopapa.lt\/wp-content\/uploads\/2022\/04\/facebook_biopapa.jpg","contentUrl":"https:\/\/www.biopapa.lt\/wp-content\/uploads\/2022\/04\/facebook_biopapa.jpg","width":1733,"height":907,"caption":"Biopapa"},"image":{"@id":"https:\/\/www.biopapa.lt\/#\/schema\/logo\/image\/"},"sameAs":["https:\/\/www.facebook.com\/biopapa.lt"]}]}},"_links":{"self":[{"href":"https:\/\/www.biopapa.lt\/en\/wp-json\/wp\/v2\/product\/142061","targetHints":{"allow":["GET"]}}],"collection":[{"href":"https:\/\/www.biopapa.lt\/en\/wp-json\/wp\/v2\/product"}],"about":[{"href":"https:\/\/www.biopapa.lt\/en\/wp-json\/wp\/v2\/types\/product"}],"wp:featuredmedia":[{"embeddable":true,"href":"https:\/\/www.biopapa.lt\/en\/wp-json\/wp\/v2\/media\/142077"}],"wp:attachment":[{"href":"https:\/\/www.biopapa.lt\/en\/wp-json\/wp\/v2\/media?parent=142061"}],"wp:term":[{"taxonomy":"product_brand","embeddable":true,"href":"https:\/\/www.biopapa.lt\/en\/wp-json\/wp\/v2\/product_brand?post=142061"},{"taxonomy":"product_cat","embeddable":true,"href":"https:\/\/www.biopapa.lt\/en\/wp-json\/wp\/v2\/product_cat?post=142061"},{"taxonomy":"product_tag","embeddable":true,"href":"https:\/\/www.biopapa.lt\/en\/wp-json\/wp\/v2\/product_tag?post=142061"}],"curies":[{"name":"wp","href":"https:\/\/api.w.org\/{rel}","templated":true}]}}