{"id":141807,"date":"2025-07-02T16:37:13","date_gmt":"2025-07-02T13:37:13","guid":{"rendered":"https:\/\/www.biopapa.lt\/?post_type=product&#038;p=141807"},"modified":"2025-12-16T13:47:50","modified_gmt":"2025-12-16T11:47:50","slug":"instant-pot-pro-crisp-8-multipurpose-pot-7-6l","status":"publish","type":"product","link":"https:\/\/www.biopapa.lt\/en\/produktas\/instant-pot-pro-crisp-8-multipurpose-pot-7-6l\/","title":{"rendered":"Instant Pot\u00ae Pro CRISP\u2122 8 &#8211; Multipurpose pot (7,6L)"},"content":{"rendered":"<p><strong>Delivery only by Venipak courier.<br \/>\nInstant Pot\u00ae Pro CRISP\u2122 8 &#8211; Multifunctional pot (7,6L) 11-in-1<\/strong><br \/>\nCook and crisp like a pro with the Instant Pot\u00ae Pro Crisp\u2122 + Air Fryer. This magical pot does it all with two innovative lids! The improved inner pot and lids ensure fast, convenient and high-quality cooking so you can enjoy professional results right in your kitchen.  <\/p>\n<p>11 IN ONE: pressure cooker, slow cooker, steam cooker, frying pan, food warmer, sous vide, air fryer, toaster, mini oven and dryer.<\/p>\n<p>2 convenient, removable lids make it easy to turn the pot into an air fryer.<br \/>\n11 customisable programmes &#8211; for quick food preparation at the touch of a button.<br \/>\nThe cooking progress bar clearly shows each step from start to finish.<br \/>\nUpdated lid: advanced heat protection, automatic sealing and gentle steam release.<br \/>\n<strong>Stainless steel (18\/8) inner pot<\/strong> with a three-layer base suitable for hob and oven.<br \/>\nComfortable silicone handles make it easy to lift the pot for convenient roasting and braising.<br \/>\n&#8220;EvenCrisp\u2122 airflow ensures crisp and tender cooking with 95% less oil than normal.<br \/>\nAdjustable temperature: from 21\u00b0C to 232\u00b0C.<br \/>\nLarge capacities &#8211; perfect for families, cooking and large portions.<br \/>\nThe perfect choice for parties, events and outings.<br \/>\nUp to 70% faster and more efficient cooking than traditional methods.<br \/>\nEasy cleaning: the pressure cooker lid and the inner pot are dishwasher safe.<br \/>\n10+ proven safety features, including Overheat Protection\u2122 and Safe Lock.<br \/>\nIncludes: multi-functional stainless steel rack, multi-level air fryer basket with base, baking\/setting tray, protective tray and storage cover.<br \/>\nPower: 1500 watts.<br \/>\nVoltage: 220V ~ 60Hz.<\/p>\n<p>This appliance will really change the way you work in the kitchen!<\/p>\n<p>Dimensions: (I) 37,5 x (W) 36,2 x (H) 36 cm<br \/>\nVolume: 5,7 litres<br \/>\nWarranty: 12 months<\/p>\n<p><a href=\"https:\/\/p.widencdn.net\/ilr8t3\/113-0043-01_IB_ProCrisp8QT_US_Manual_R6-FINAL-04-12-2024_LoRes\">Download the user guide \u21d2<\/a><\/p>\n","protected":false},"excerpt":{"rendered":"<p>Delivery only by Venipak courier. Instant Pot\u00ae Pro CRISP\u2122 8 &#8211; Multifunctional pot (7,6L) 11-in-1 Cook and crisp like a<\/p>\n","protected":false},"featured_media":141814,"template":"","meta":{"_acf_changed":false},"product_brand":[],"product_cat":[1988,2410],"product_tag":[],"class_list":{"0":"post-141807","1":"product","2":"type-product","3":"status-publish","4":"has-post-thumbnail","6":"product_cat-home","7":"product_cat-household-appliances","9":"first","10":"instock","11":"shipping-taxable","12":"purchasable","13":"product-type-simple"},"acf":[],"yoast_head":"<!-- This site is optimized with the Yoast SEO plugin v27.3 - https:\/\/yoast.com\/product\/yoast-seo-wordpress\/ -->\n<title>Instant Pot\u00ae Pro CRISP\u2122 8 - Multipurpose pot (7,6L) - Biopapa<\/title>\n<meta name=\"description\" content=\"Instant Pot - Instant Pot\u00ae Pro\u2122 6QT multifunction pressure cooker (5,7L)\" \/>\n<meta name=\"robots\" content=\"index, follow, max-snippet:-1, max-image-preview:large, max-video-preview:-1\" \/>\n<link rel=\"canonical\" href=\"https:\/\/www.biopapa.lt\/en\/produktas\/instant-pot-pro-crisp-8-multipurpose-pot-7-6l\/\" \/>\n<meta property=\"og:locale\" content=\"en_US\" \/>\n<meta property=\"og:type\" content=\"article\" \/>\n<meta property=\"og:title\" content=\"Instant Pot\u00ae Pro CRISP\u2122 8 - Multipurpose pot (7,6L) - Biopapa\" \/>\n<meta property=\"og:description\" content=\"Instant Pot - Instant Pot\u00ae Pro\u2122 6QT multifunction pressure cooker (5,7L)\" \/>\n<meta property=\"og:url\" content=\"https:\/\/www.biopapa.lt\/en\/produktas\/instant-pot-pro-crisp-8-multipurpose-pot-7-6l\/\" \/>\n<meta property=\"og:site_name\" content=\"Biopapa\" \/>\n<meta property=\"article:publisher\" content=\"https:\/\/www.facebook.com\/biopapa.lt\" \/>\n<meta property=\"article:modified_time\" content=\"2025-12-16T11:47:50+00:00\" \/>\n<meta property=\"og:image\" content=\"https:\/\/www.biopapa.lt\/wp-content\/uploads\/2025\/07\/Greitpuodis-Instant-Pot\u00ae-Pro-CRISP\u2122-8-Daugiafunkcinispuodas.png\" \/>\n\t<meta property=\"og:image:width\" content=\"800\" \/>\n\t<meta property=\"og:image:height\" content=\"640\" \/>\n\t<meta property=\"og:image:type\" content=\"image\/png\" \/>\n<meta name=\"twitter:card\" content=\"summary_large_image\" \/>\n<script type=\"application\/ld+json\" class=\"yoast-schema-graph\">{\"@context\":\"https:\\\/\\\/schema.org\",\"@graph\":[{\"@type\":\"WebPage\",\"@id\":\"https:\\\/\\\/www.biopapa.lt\\\/en\\\/produktas\\\/instant-pot-pro-crisp-8-multipurpose-pot-7-6l\\\/\",\"url\":\"https:\\\/\\\/www.biopapa.lt\\\/en\\\/produktas\\\/instant-pot-pro-crisp-8-multipurpose-pot-7-6l\\\/\",\"name\":\"Instant Pot\u00ae Pro CRISP\u2122 8 - Multipurpose pot (7,6L) - Biopapa\",\"isPartOf\":{\"@id\":\"https:\\\/\\\/www.biopapa.lt\\\/#website\"},\"primaryImageOfPage\":{\"@id\":\"https:\\\/\\\/www.biopapa.lt\\\/en\\\/produktas\\\/instant-pot-pro-crisp-8-multipurpose-pot-7-6l\\\/#primaryimage\"},\"image\":{\"@id\":\"https:\\\/\\\/www.biopapa.lt\\\/en\\\/produktas\\\/instant-pot-pro-crisp-8-multipurpose-pot-7-6l\\\/#primaryimage\"},\"thumbnailUrl\":\"https:\\\/\\\/www.biopapa.lt\\\/wp-content\\\/uploads\\\/2025\\\/07\\\/Greitpuodis-Instant-Pot\u00ae-Pro-CRISP\u2122-8-Daugiafunkcinispuodas.png\",\"datePublished\":\"2025-07-02T13:37:13+00:00\",\"dateModified\":\"2025-12-16T11:47:50+00:00\",\"description\":\"Instant Pot - Instant Pot\u00ae Pro\u2122 6QT multifunction pressure cooker (5,7L)\",\"breadcrumb\":{\"@id\":\"https:\\\/\\\/www.biopapa.lt\\\/en\\\/produktas\\\/instant-pot-pro-crisp-8-multipurpose-pot-7-6l\\\/#breadcrumb\"},\"inLanguage\":\"en-US\",\"potentialAction\":[{\"@type\":\"ReadAction\",\"target\":[\"https:\\\/\\\/www.biopapa.lt\\\/en\\\/produktas\\\/instant-pot-pro-crisp-8-multipurpose-pot-7-6l\\\/\"]}]},{\"@type\":\"ImageObject\",\"inLanguage\":\"en-US\",\"@id\":\"https:\\\/\\\/www.biopapa.lt\\\/en\\\/produktas\\\/instant-pot-pro-crisp-8-multipurpose-pot-7-6l\\\/#primaryimage\",\"url\":\"https:\\\/\\\/www.biopapa.lt\\\/wp-content\\\/uploads\\\/2025\\\/07\\\/Greitpuodis-Instant-Pot\u00ae-Pro-CRISP\u2122-8-Daugiafunkcinispuodas.png\",\"contentUrl\":\"https:\\\/\\\/www.biopapa.lt\\\/wp-content\\\/uploads\\\/2025\\\/07\\\/Greitpuodis-Instant-Pot\u00ae-Pro-CRISP\u2122-8-Daugiafunkcinispuodas.png\",\"width\":800,\"height\":640},{\"@type\":\"BreadcrumbList\",\"@id\":\"https:\\\/\\\/www.biopapa.lt\\\/en\\\/produktas\\\/instant-pot-pro-crisp-8-multipurpose-pot-7-6l\\\/#breadcrumb\",\"itemListElement\":[{\"@type\":\"ListItem\",\"position\":1,\"name\":\"Home\",\"item\":\"https:\\\/\\\/www.biopapa.lt\\\/en\\\/\"},{\"@type\":\"ListItem\",\"position\":2,\"name\":\"Shop\",\"item\":\"https:\\\/\\\/www.biopapa.lt\\\/en\\\/shop\\\/\"},{\"@type\":\"ListItem\",\"position\":3,\"name\":\"Instant Pot\u00ae Pro CRISP\u2122 8 &#8211; Multipurpose pot (7,6L)\"}]},{\"@type\":\"WebSite\",\"@id\":\"https:\\\/\\\/www.biopapa.lt\\\/#website\",\"url\":\"https:\\\/\\\/www.biopapa.lt\\\/\",\"name\":\"Biopapa\",\"description\":\"\u0160var\u016bs ekologi\u0161ki produktai\",\"publisher\":{\"@id\":\"https:\\\/\\\/www.biopapa.lt\\\/#organization\"},\"potentialAction\":[{\"@type\":\"SearchAction\",\"target\":{\"@type\":\"EntryPoint\",\"urlTemplate\":\"https:\\\/\\\/www.biopapa.lt\\\/?s={search_term_string}\"},\"query-input\":{\"@type\":\"PropertyValueSpecification\",\"valueRequired\":true,\"valueName\":\"search_term_string\"}}],\"inLanguage\":\"en-US\"},{\"@type\":\"Organization\",\"@id\":\"https:\\\/\\\/www.biopapa.lt\\\/#organization\",\"name\":\"Biopapa\",\"url\":\"https:\\\/\\\/www.biopapa.lt\\\/\",\"logo\":{\"@type\":\"ImageObject\",\"inLanguage\":\"en-US\",\"@id\":\"https:\\\/\\\/www.biopapa.lt\\\/#\\\/schema\\\/logo\\\/image\\\/\",\"url\":\"https:\\\/\\\/www.biopapa.lt\\\/wp-content\\\/uploads\\\/2022\\\/04\\\/facebook_biopapa.jpg\",\"contentUrl\":\"https:\\\/\\\/www.biopapa.lt\\\/wp-content\\\/uploads\\\/2022\\\/04\\\/facebook_biopapa.jpg\",\"width\":1733,\"height\":907,\"caption\":\"Biopapa\"},\"image\":{\"@id\":\"https:\\\/\\\/www.biopapa.lt\\\/#\\\/schema\\\/logo\\\/image\\\/\"},\"sameAs\":[\"https:\\\/\\\/www.facebook.com\\\/biopapa.lt\"]}]}<\/script>\n<!-- \/ Yoast SEO plugin. -->","yoast_head_json":{"title":"Instant Pot\u00ae Pro CRISP\u2122 8 - Multipurpose pot (7,6L) - Biopapa","description":"Instant Pot - Instant Pot\u00ae Pro\u2122 6QT multifunction pressure cooker (5,7L)","robots":{"index":"index","follow":"follow","max-snippet":"max-snippet:-1","max-image-preview":"max-image-preview:large","max-video-preview":"max-video-preview:-1"},"canonical":"https:\/\/www.biopapa.lt\/en\/produktas\/instant-pot-pro-crisp-8-multipurpose-pot-7-6l\/","og_locale":"en_US","og_type":"article","og_title":"Instant Pot\u00ae Pro CRISP\u2122 8 - Multipurpose pot (7,6L) - Biopapa","og_description":"Instant Pot - Instant Pot\u00ae Pro\u2122 6QT multifunction pressure cooker (5,7L)","og_url":"https:\/\/www.biopapa.lt\/en\/produktas\/instant-pot-pro-crisp-8-multipurpose-pot-7-6l\/","og_site_name":"Biopapa","article_publisher":"https:\/\/www.facebook.com\/biopapa.lt","article_modified_time":"2025-12-16T11:47:50+00:00","og_image":[{"width":800,"height":640,"url":"https:\/\/www.biopapa.lt\/wp-content\/uploads\/2025\/07\/Greitpuodis-Instant-Pot\u00ae-Pro-CRISP\u2122-8-Daugiafunkcinispuodas.png","type":"image\/png"}],"twitter_card":"summary_large_image","schema":{"@context":"https:\/\/schema.org","@graph":[{"@type":"WebPage","@id":"https:\/\/www.biopapa.lt\/en\/produktas\/instant-pot-pro-crisp-8-multipurpose-pot-7-6l\/","url":"https:\/\/www.biopapa.lt\/en\/produktas\/instant-pot-pro-crisp-8-multipurpose-pot-7-6l\/","name":"Instant Pot\u00ae Pro CRISP\u2122 8 - Multipurpose pot (7,6L) - Biopapa","isPartOf":{"@id":"https:\/\/www.biopapa.lt\/#website"},"primaryImageOfPage":{"@id":"https:\/\/www.biopapa.lt\/en\/produktas\/instant-pot-pro-crisp-8-multipurpose-pot-7-6l\/#primaryimage"},"image":{"@id":"https:\/\/www.biopapa.lt\/en\/produktas\/instant-pot-pro-crisp-8-multipurpose-pot-7-6l\/#primaryimage"},"thumbnailUrl":"https:\/\/www.biopapa.lt\/wp-content\/uploads\/2025\/07\/Greitpuodis-Instant-Pot\u00ae-Pro-CRISP\u2122-8-Daugiafunkcinispuodas.png","datePublished":"2025-07-02T13:37:13+00:00","dateModified":"2025-12-16T11:47:50+00:00","description":"Instant Pot - Instant Pot\u00ae Pro\u2122 6QT multifunction pressure cooker (5,7L)","breadcrumb":{"@id":"https:\/\/www.biopapa.lt\/en\/produktas\/instant-pot-pro-crisp-8-multipurpose-pot-7-6l\/#breadcrumb"},"inLanguage":"en-US","potentialAction":[{"@type":"ReadAction","target":["https:\/\/www.biopapa.lt\/en\/produktas\/instant-pot-pro-crisp-8-multipurpose-pot-7-6l\/"]}]},{"@type":"ImageObject","inLanguage":"en-US","@id":"https:\/\/www.biopapa.lt\/en\/produktas\/instant-pot-pro-crisp-8-multipurpose-pot-7-6l\/#primaryimage","url":"https:\/\/www.biopapa.lt\/wp-content\/uploads\/2025\/07\/Greitpuodis-Instant-Pot\u00ae-Pro-CRISP\u2122-8-Daugiafunkcinispuodas.png","contentUrl":"https:\/\/www.biopapa.lt\/wp-content\/uploads\/2025\/07\/Greitpuodis-Instant-Pot\u00ae-Pro-CRISP\u2122-8-Daugiafunkcinispuodas.png","width":800,"height":640},{"@type":"BreadcrumbList","@id":"https:\/\/www.biopapa.lt\/en\/produktas\/instant-pot-pro-crisp-8-multipurpose-pot-7-6l\/#breadcrumb","itemListElement":[{"@type":"ListItem","position":1,"name":"Home","item":"https:\/\/www.biopapa.lt\/en\/"},{"@type":"ListItem","position":2,"name":"Shop","item":"https:\/\/www.biopapa.lt\/en\/shop\/"},{"@type":"ListItem","position":3,"name":"Instant Pot\u00ae Pro CRISP\u2122 8 &#8211; Multipurpose pot (7,6L)"}]},{"@type":"WebSite","@id":"https:\/\/www.biopapa.lt\/#website","url":"https:\/\/www.biopapa.lt\/","name":"Biopapa","description":"\u0160var\u016bs ekologi\u0161ki produktai","publisher":{"@id":"https:\/\/www.biopapa.lt\/#organization"},"potentialAction":[{"@type":"SearchAction","target":{"@type":"EntryPoint","urlTemplate":"https:\/\/www.biopapa.lt\/?s={search_term_string}"},"query-input":{"@type":"PropertyValueSpecification","valueRequired":true,"valueName":"search_term_string"}}],"inLanguage":"en-US"},{"@type":"Organization","@id":"https:\/\/www.biopapa.lt\/#organization","name":"Biopapa","url":"https:\/\/www.biopapa.lt\/","logo":{"@type":"ImageObject","inLanguage":"en-US","@id":"https:\/\/www.biopapa.lt\/#\/schema\/logo\/image\/","url":"https:\/\/www.biopapa.lt\/wp-content\/uploads\/2022\/04\/facebook_biopapa.jpg","contentUrl":"https:\/\/www.biopapa.lt\/wp-content\/uploads\/2022\/04\/facebook_biopapa.jpg","width":1733,"height":907,"caption":"Biopapa"},"image":{"@id":"https:\/\/www.biopapa.lt\/#\/schema\/logo\/image\/"},"sameAs":["https:\/\/www.facebook.com\/biopapa.lt"]}]}},"_links":{"self":[{"href":"https:\/\/www.biopapa.lt\/en\/wp-json\/wp\/v2\/product\/141807","targetHints":{"allow":["GET"]}}],"collection":[{"href":"https:\/\/www.biopapa.lt\/en\/wp-json\/wp\/v2\/product"}],"about":[{"href":"https:\/\/www.biopapa.lt\/en\/wp-json\/wp\/v2\/types\/product"}],"wp:featuredmedia":[{"embeddable":true,"href":"https:\/\/www.biopapa.lt\/en\/wp-json\/wp\/v2\/media\/141814"}],"wp:attachment":[{"href":"https:\/\/www.biopapa.lt\/en\/wp-json\/wp\/v2\/media?parent=141807"}],"wp:term":[{"taxonomy":"product_brand","embeddable":true,"href":"https:\/\/www.biopapa.lt\/en\/wp-json\/wp\/v2\/product_brand?post=141807"},{"taxonomy":"product_cat","embeddable":true,"href":"https:\/\/www.biopapa.lt\/en\/wp-json\/wp\/v2\/product_cat?post=141807"},{"taxonomy":"product_tag","embeddable":true,"href":"https:\/\/www.biopapa.lt\/en\/wp-json\/wp\/v2\/product_tag?post=141807"}],"curies":[{"name":"wp","href":"https:\/\/api.w.org\/{rel}","templated":true}]}}