{"id":141783,"date":"2025-07-02T16:13:31","date_gmt":"2025-07-02T13:13:31","guid":{"rendered":"https:\/\/www.biopapa.lt\/?post_type=product&#038;p=141783"},"modified":"2026-02-19T09:38:51","modified_gmt":"2026-02-19T07:38:51","slug":"instant-pot-pro-6qt-multifunction-pressure-cooker-5-7l","status":"publish","type":"product","link":"https:\/\/www.biopapa.lt\/en\/produktas\/instant-pot-pro-6qt-multifunction-pressure-cooker-5-7l\/","title":{"rendered":"Instant Pot\u00ae Pro\u2122 6QT multifunction pressure cooker (5,7L)"},"content":{"rendered":"<p><strong>Delivery only by Venipak courier.<br \/>\nInstant Pot\u00ae Pro\u2122 Plus Multifunction Pressure Cooker (5,7L) 10-in-1<\/strong><br \/>\nChoose from over 2000 smart recipes and the app will wirelessly program the Instant Pot\u00ae Pro\u2122 Plus. Simply follow the cooking instructions on the app, which will let you know when it&#8217;s time to simmer your ingredients and when to put the pressure cooker lid on, so your slow-cooked food is cooked properly. <\/p>\n<p>You&#8217;ll also be able to release steam wirelessly or use the control panel to do it at the touch of a button. You can also program quick or delayed steam release at the end of cooking, making it even easier to use the pressure cooker.<br \/><!-- -->The aluminium core of the pot&#8217;s three-layer stainless steel inner pot ensures faster and more even heating, as well as better browning. This pot is versatile &#8211; you can use it both on the stove and in the oven.<br \/>\nThe convenient control panel with clear status messages makes it easy to carry out different cooking programmes.  <\/p>\n<p>10-MORE: pressure cooker, slow cooker, rice cooker, steamer, skillet, yoghurt maker, warmer, pressure canner, sous vide and NutriBoost<\/p>\n<p>Stay connected: wirelessly control and program your Instant Pot\u00ae Pro\u2122 Plus over Wi-Fi using the Instant Connect\u2122 app on your mobile device, and access over 2,000 highly rated smart recipes<br \/>\nEasy to operate: large, easy-to-read display and intuitive, responsive touch controls<br \/>\nStress-free steam release: easily release steam at the touch of a button on the control panel or with the Instant Connect\u2122 app<br \/>\nSaves time: up to 70% faster pressure cooking compared to traditional cooking methods<br \/>\nInner pot: safe for use on the stove and compatible with induction<br \/>\nEasy to clean: dishwasher safe cooking pot, pressure cooker rack and pressure cooker lid<br \/>\nLarge capacity pot: prepare up to 6 portions of food &#8211; perfect for family dinners<br \/>\n11+ proven safety features: including Overheat Protection\u2122<br \/>\nEasy-lock lid and more great features<br \/>\nIncluded: stainless steel cooking rack and additional sealing ring<br \/>\nPower: 1200 watts<br \/>\nVoltage: 220V ~ 60Hz<br \/>\nUL and ULC certifications<\/p>\n<p>This comprehensive device is ideal for those who want to make the most of all the functions and control the device even from a smartphone. Perfect for quick, convenient and healthy cooking! <\/p>\n<p>Dimensions: (I) 33,5 x (W) 33 x (H) 32,3 cm<br \/>\nVolume: 5,7 litres<br \/>\nWarranty: 12 months<\/p>\n<p><a href=\"https:\/\/p.widencdn.net\/rczonr\/112-0124-01_IB_Pro-Plus_6QT_US_Manual_R5-FINAL-05-13-2024_LoRes\">Download the user guide \u21d2<\/a><\/p>\n","protected":false},"excerpt":{"rendered":"<p>Delivery only by Venipak courier. Instant Pot\u00ae Pro\u2122 Plus Multifunction Pressure Cooker (5,7L) 10-in-1 Choose from over 2000 smart recipes<\/p>\n","protected":false},"featured_media":141792,"template":"","meta":{"_acf_changed":false},"product_brand":[],"product_cat":[1988,2410],"product_tag":[],"class_list":{"0":"post-141783","1":"product","2":"type-product","3":"status-publish","4":"has-post-thumbnail","6":"product_cat-home","7":"product_cat-household-appliances","9":"first","10":"outofstock","11":"shipping-taxable","12":"purchasable","13":"product-type-simple"},"acf":[],"yoast_head":"<!-- This site is optimized with the Yoast SEO plugin v27.3 - https:\/\/yoast.com\/product\/yoast-seo-wordpress\/ -->\n<title>Instant Pot\u00ae Pro\u2122 6QT multifunction pressure cooker (5,7L) - Biopapa<\/title>\n<meta name=\"description\" content=\"Instant Pot - Instant Pot\u00ae Pro\u2122 6QT multifunction pressure cooker (5,7L)\" \/>\n<meta name=\"robots\" content=\"index, follow, max-snippet:-1, max-image-preview:large, max-video-preview:-1\" \/>\n<link rel=\"canonical\" href=\"https:\/\/www.biopapa.lt\/produktas\/instant-pot-pro-6qt-daugiafunkcine-slegine-virykle-57l\/\" \/>\n<meta property=\"og:locale\" content=\"en_US\" \/>\n<meta property=\"og:type\" content=\"article\" \/>\n<meta property=\"og:title\" content=\"Instant Pot\u00ae Pro\u2122 6QT multifunction pressure cooker (5,7L) - Biopapa\" \/>\n<meta property=\"og:description\" content=\"Instant Pot - Instant Pot\u00ae Pro\u2122 6QT multifunction pressure cooker (5,7L)\" \/>\n<meta property=\"og:url\" content=\"https:\/\/www.biopapa.lt\/produktas\/instant-pot-pro-6qt-daugiafunkcine-slegine-virykle-57l\/\" \/>\n<meta property=\"og:site_name\" content=\"Biopapa\" \/>\n<meta property=\"article:publisher\" content=\"https:\/\/www.facebook.com\/biopapa.lt\" \/>\n<meta property=\"article:modified_time\" content=\"2026-02-19T07:38:51+00:00\" \/>\n<meta property=\"og:image\" content=\"https:\/\/www.biopapa.lt\/wp-content\/uploads\/2025\/07\/Greitpuodis-Instant-Pot\u00ae-Pro\u2122-6QT-daugiafunkcine-slegine-virykle-57L1.png\" \/>\n\t<meta property=\"og:image:width\" content=\"800\" \/>\n\t<meta property=\"og:image:height\" content=\"640\" \/>\n\t<meta property=\"og:image:type\" content=\"image\/png\" \/>\n<meta name=\"twitter:card\" content=\"summary_large_image\" \/>\n<script type=\"application\/ld+json\" class=\"yoast-schema-graph\">{\"@context\":\"https:\\\/\\\/schema.org\",\"@graph\":[{\"@type\":\"WebPage\",\"@id\":\"https:\\\/\\\/www.biopapa.lt\\\/produktas\\\/instant-pot-pro-6qt-daugiafunkcine-slegine-virykle-57l\\\/\",\"url\":\"https:\\\/\\\/www.biopapa.lt\\\/produktas\\\/instant-pot-pro-6qt-daugiafunkcine-slegine-virykle-57l\\\/\",\"name\":\"Instant Pot\u00ae Pro\u2122 6QT multifunction pressure cooker (5,7L) - Biopapa\",\"isPartOf\":{\"@id\":\"https:\\\/\\\/www.biopapa.lt\\\/#website\"},\"primaryImageOfPage\":{\"@id\":\"https:\\\/\\\/www.biopapa.lt\\\/produktas\\\/instant-pot-pro-6qt-daugiafunkcine-slegine-virykle-57l\\\/#primaryimage\"},\"image\":{\"@id\":\"https:\\\/\\\/www.biopapa.lt\\\/produktas\\\/instant-pot-pro-6qt-daugiafunkcine-slegine-virykle-57l\\\/#primaryimage\"},\"thumbnailUrl\":\"https:\\\/\\\/www.biopapa.lt\\\/wp-content\\\/uploads\\\/2025\\\/07\\\/Greitpuodis-Instant-Pot\u00ae-Pro\u2122-6QT-daugiafunkcine-slegine-virykle-57L1.png\",\"datePublished\":\"2025-07-02T13:13:31+00:00\",\"dateModified\":\"2026-02-19T07:38:51+00:00\",\"description\":\"Instant Pot - Instant Pot\u00ae Pro\u2122 6QT multifunction pressure cooker (5,7L)\",\"breadcrumb\":{\"@id\":\"https:\\\/\\\/www.biopapa.lt\\\/produktas\\\/instant-pot-pro-6qt-daugiafunkcine-slegine-virykle-57l\\\/#breadcrumb\"},\"inLanguage\":\"en-US\",\"potentialAction\":[{\"@type\":\"ReadAction\",\"target\":[\"https:\\\/\\\/www.biopapa.lt\\\/produktas\\\/instant-pot-pro-6qt-daugiafunkcine-slegine-virykle-57l\\\/\"]}]},{\"@type\":\"ImageObject\",\"inLanguage\":\"en-US\",\"@id\":\"https:\\\/\\\/www.biopapa.lt\\\/produktas\\\/instant-pot-pro-6qt-daugiafunkcine-slegine-virykle-57l\\\/#primaryimage\",\"url\":\"https:\\\/\\\/www.biopapa.lt\\\/wp-content\\\/uploads\\\/2025\\\/07\\\/Greitpuodis-Instant-Pot\u00ae-Pro\u2122-6QT-daugiafunkcine-slegine-virykle-57L1.png\",\"contentUrl\":\"https:\\\/\\\/www.biopapa.lt\\\/wp-content\\\/uploads\\\/2025\\\/07\\\/Greitpuodis-Instant-Pot\u00ae-Pro\u2122-6QT-daugiafunkcine-slegine-virykle-57L1.png\",\"width\":800,\"height\":640},{\"@type\":\"BreadcrumbList\",\"@id\":\"https:\\\/\\\/www.biopapa.lt\\\/produktas\\\/instant-pot-pro-6qt-daugiafunkcine-slegine-virykle-57l\\\/#breadcrumb\",\"itemListElement\":[{\"@type\":\"ListItem\",\"position\":1,\"name\":\"Home\",\"item\":\"https:\\\/\\\/www.biopapa.lt\\\/en\\\/\"},{\"@type\":\"ListItem\",\"position\":2,\"name\":\"Shop\",\"item\":\"https:\\\/\\\/www.biopapa.lt\\\/en\\\/shop\\\/\"},{\"@type\":\"ListItem\",\"position\":3,\"name\":\"Instant Pot\u00ae Pro\u2122 6QT multifunction pressure cooker (5,7L)\"}]},{\"@type\":\"WebSite\",\"@id\":\"https:\\\/\\\/www.biopapa.lt\\\/#website\",\"url\":\"https:\\\/\\\/www.biopapa.lt\\\/\",\"name\":\"Biopapa\",\"description\":\"\u0160var\u016bs ekologi\u0161ki produktai\",\"publisher\":{\"@id\":\"https:\\\/\\\/www.biopapa.lt\\\/#organization\"},\"potentialAction\":[{\"@type\":\"SearchAction\",\"target\":{\"@type\":\"EntryPoint\",\"urlTemplate\":\"https:\\\/\\\/www.biopapa.lt\\\/?s={search_term_string}\"},\"query-input\":{\"@type\":\"PropertyValueSpecification\",\"valueRequired\":true,\"valueName\":\"search_term_string\"}}],\"inLanguage\":\"en-US\"},{\"@type\":\"Organization\",\"@id\":\"https:\\\/\\\/www.biopapa.lt\\\/#organization\",\"name\":\"Biopapa\",\"url\":\"https:\\\/\\\/www.biopapa.lt\\\/\",\"logo\":{\"@type\":\"ImageObject\",\"inLanguage\":\"en-US\",\"@id\":\"https:\\\/\\\/www.biopapa.lt\\\/#\\\/schema\\\/logo\\\/image\\\/\",\"url\":\"https:\\\/\\\/www.biopapa.lt\\\/wp-content\\\/uploads\\\/2022\\\/04\\\/facebook_biopapa.jpg\",\"contentUrl\":\"https:\\\/\\\/www.biopapa.lt\\\/wp-content\\\/uploads\\\/2022\\\/04\\\/facebook_biopapa.jpg\",\"width\":1733,\"height\":907,\"caption\":\"Biopapa\"},\"image\":{\"@id\":\"https:\\\/\\\/www.biopapa.lt\\\/#\\\/schema\\\/logo\\\/image\\\/\"},\"sameAs\":[\"https:\\\/\\\/www.facebook.com\\\/biopapa.lt\"]}]}<\/script>\n<!-- \/ Yoast SEO plugin. -->","yoast_head_json":{"title":"Instant Pot\u00ae Pro\u2122 6QT multifunction pressure cooker (5,7L) - Biopapa","description":"Instant Pot - Instant Pot\u00ae Pro\u2122 6QT multifunction pressure cooker (5,7L)","robots":{"index":"index","follow":"follow","max-snippet":"max-snippet:-1","max-image-preview":"max-image-preview:large","max-video-preview":"max-video-preview:-1"},"canonical":"https:\/\/www.biopapa.lt\/produktas\/instant-pot-pro-6qt-daugiafunkcine-slegine-virykle-57l\/","og_locale":"en_US","og_type":"article","og_title":"Instant Pot\u00ae Pro\u2122 6QT multifunction pressure cooker (5,7L) - Biopapa","og_description":"Instant Pot - Instant Pot\u00ae Pro\u2122 6QT multifunction pressure cooker (5,7L)","og_url":"https:\/\/www.biopapa.lt\/produktas\/instant-pot-pro-6qt-daugiafunkcine-slegine-virykle-57l\/","og_site_name":"Biopapa","article_publisher":"https:\/\/www.facebook.com\/biopapa.lt","article_modified_time":"2026-02-19T07:38:51+00:00","og_image":[{"width":800,"height":640,"url":"https:\/\/www.biopapa.lt\/wp-content\/uploads\/2025\/07\/Greitpuodis-Instant-Pot\u00ae-Pro\u2122-6QT-daugiafunkcine-slegine-virykle-57L1.png","type":"image\/png"}],"twitter_card":"summary_large_image","schema":{"@context":"https:\/\/schema.org","@graph":[{"@type":"WebPage","@id":"https:\/\/www.biopapa.lt\/produktas\/instant-pot-pro-6qt-daugiafunkcine-slegine-virykle-57l\/","url":"https:\/\/www.biopapa.lt\/produktas\/instant-pot-pro-6qt-daugiafunkcine-slegine-virykle-57l\/","name":"Instant Pot\u00ae Pro\u2122 6QT multifunction pressure cooker (5,7L) - Biopapa","isPartOf":{"@id":"https:\/\/www.biopapa.lt\/#website"},"primaryImageOfPage":{"@id":"https:\/\/www.biopapa.lt\/produktas\/instant-pot-pro-6qt-daugiafunkcine-slegine-virykle-57l\/#primaryimage"},"image":{"@id":"https:\/\/www.biopapa.lt\/produktas\/instant-pot-pro-6qt-daugiafunkcine-slegine-virykle-57l\/#primaryimage"},"thumbnailUrl":"https:\/\/www.biopapa.lt\/wp-content\/uploads\/2025\/07\/Greitpuodis-Instant-Pot\u00ae-Pro\u2122-6QT-daugiafunkcine-slegine-virykle-57L1.png","datePublished":"2025-07-02T13:13:31+00:00","dateModified":"2026-02-19T07:38:51+00:00","description":"Instant Pot - Instant Pot\u00ae Pro\u2122 6QT multifunction pressure cooker (5,7L)","breadcrumb":{"@id":"https:\/\/www.biopapa.lt\/produktas\/instant-pot-pro-6qt-daugiafunkcine-slegine-virykle-57l\/#breadcrumb"},"inLanguage":"en-US","potentialAction":[{"@type":"ReadAction","target":["https:\/\/www.biopapa.lt\/produktas\/instant-pot-pro-6qt-daugiafunkcine-slegine-virykle-57l\/"]}]},{"@type":"ImageObject","inLanguage":"en-US","@id":"https:\/\/www.biopapa.lt\/produktas\/instant-pot-pro-6qt-daugiafunkcine-slegine-virykle-57l\/#primaryimage","url":"https:\/\/www.biopapa.lt\/wp-content\/uploads\/2025\/07\/Greitpuodis-Instant-Pot\u00ae-Pro\u2122-6QT-daugiafunkcine-slegine-virykle-57L1.png","contentUrl":"https:\/\/www.biopapa.lt\/wp-content\/uploads\/2025\/07\/Greitpuodis-Instant-Pot\u00ae-Pro\u2122-6QT-daugiafunkcine-slegine-virykle-57L1.png","width":800,"height":640},{"@type":"BreadcrumbList","@id":"https:\/\/www.biopapa.lt\/produktas\/instant-pot-pro-6qt-daugiafunkcine-slegine-virykle-57l\/#breadcrumb","itemListElement":[{"@type":"ListItem","position":1,"name":"Home","item":"https:\/\/www.biopapa.lt\/en\/"},{"@type":"ListItem","position":2,"name":"Shop","item":"https:\/\/www.biopapa.lt\/en\/shop\/"},{"@type":"ListItem","position":3,"name":"Instant Pot\u00ae Pro\u2122 6QT multifunction pressure cooker (5,7L)"}]},{"@type":"WebSite","@id":"https:\/\/www.biopapa.lt\/#website","url":"https:\/\/www.biopapa.lt\/","name":"Biopapa","description":"\u0160var\u016bs ekologi\u0161ki produktai","publisher":{"@id":"https:\/\/www.biopapa.lt\/#organization"},"potentialAction":[{"@type":"SearchAction","target":{"@type":"EntryPoint","urlTemplate":"https:\/\/www.biopapa.lt\/?s={search_term_string}"},"query-input":{"@type":"PropertyValueSpecification","valueRequired":true,"valueName":"search_term_string"}}],"inLanguage":"en-US"},{"@type":"Organization","@id":"https:\/\/www.biopapa.lt\/#organization","name":"Biopapa","url":"https:\/\/www.biopapa.lt\/","logo":{"@type":"ImageObject","inLanguage":"en-US","@id":"https:\/\/www.biopapa.lt\/#\/schema\/logo\/image\/","url":"https:\/\/www.biopapa.lt\/wp-content\/uploads\/2022\/04\/facebook_biopapa.jpg","contentUrl":"https:\/\/www.biopapa.lt\/wp-content\/uploads\/2022\/04\/facebook_biopapa.jpg","width":1733,"height":907,"caption":"Biopapa"},"image":{"@id":"https:\/\/www.biopapa.lt\/#\/schema\/logo\/image\/"},"sameAs":["https:\/\/www.facebook.com\/biopapa.lt"]}]}},"_links":{"self":[{"href":"https:\/\/www.biopapa.lt\/en\/wp-json\/wp\/v2\/product\/141783","targetHints":{"allow":["GET"]}}],"collection":[{"href":"https:\/\/www.biopapa.lt\/en\/wp-json\/wp\/v2\/product"}],"about":[{"href":"https:\/\/www.biopapa.lt\/en\/wp-json\/wp\/v2\/types\/product"}],"wp:featuredmedia":[{"embeddable":true,"href":"https:\/\/www.biopapa.lt\/en\/wp-json\/wp\/v2\/media\/141792"}],"wp:attachment":[{"href":"https:\/\/www.biopapa.lt\/en\/wp-json\/wp\/v2\/media?parent=141783"}],"wp:term":[{"taxonomy":"product_brand","embeddable":true,"href":"https:\/\/www.biopapa.lt\/en\/wp-json\/wp\/v2\/product_brand?post=141783"},{"taxonomy":"product_cat","embeddable":true,"href":"https:\/\/www.biopapa.lt\/en\/wp-json\/wp\/v2\/product_cat?post=141783"},{"taxonomy":"product_tag","embeddable":true,"href":"https:\/\/www.biopapa.lt\/en\/wp-json\/wp\/v2\/product_tag?post=141783"}],"curies":[{"name":"wp","href":"https:\/\/api.w.org\/{rel}","templated":true}]}}