{"id":141745,"date":"2025-07-02T15:19:22","date_gmt":"2025-07-02T12:19:22","guid":{"rendered":"https:\/\/www.biopapa.lt\/?post_type=product&#038;p=141745"},"modified":"2025-12-16T13:46:32","modified_gmt":"2025-12-16T11:46:32","slug":"instant-pot-duo-plus-6qt-multi-function-pressure-cooker-silent-steam-release-v4-5-7l","status":"publish","type":"product","link":"https:\/\/www.biopapa.lt\/en\/produktas\/instant-pot-duo-plus-6qt-multi-function-pressure-cooker-silent-steam-release-v4-5-7l\/","title":{"rendered":"Instant Pot\u00ae Duo\u2122 Plus 6QT multi-function pressure cooker with silent steam release function V4, (5,7L)"},"content":{"rendered":"<p><strong>Delivery only by Venipak courier.<br \/>\nInstant Pot\u00ae Duo\u2122 Plus multi-function pressure cooker with silent steam release (5.7L) 9-in-1<\/strong><br \/>\nThe Instant <strong>Pot\u00ae<\/strong> Duo\u2122 Plus is designed to make cooking simple, easy and convenient. With 9 separate cooking functions, including fast and slow cooking and sous vide, this appliance does everything you need in the kitchen. Pressure cooking is hassle-free, thanks to the silent steam release, a handy warning when it&#8217;s safe to open the lid and a remote button to ensure your safety.  <\/p>\n<p>The 25 smart cooking apps make it easy to keep track of your cooking progress, while the large LCD screen provides step-by-step instructions that you can adapt to your favourite recipes. Cleaning is easy too, as the pot and lid are dishwasher safe.<br \/>\n&#8220;The Duo Plus is the ideal tabletop appliance to easily prepare delicious meals in one pot with great results.<\/p>\n<p>9-IN: Quick cooking, slow cooking, rice cooking, steaming, braising, yoghurt making, cake\/bread baking and food warming<\/p>\n<p>25 smart apps with step-by-step instructions<br \/>\n&#8220;Whisper-Quiet Steam Release: intelligent design for the quietest steam release with a remote control button to keep your hands safe<br \/>\nEasy-to-use controls: corner control panel with clear message display and cooking progress bar<br \/>\nWarm food: prepare food according to your schedule and serve when you want<br \/>\nAutomatic sealing lid: easy to close lid<br \/>\nHeavy-duty cooking pot: <strong>stainless steel (18\/8) pot<\/strong> with a three-layered base for perfect braising<br \/>\nAnti-movement design: keeps the pot in place for easy braising<br \/>\nHolds up to 6 portions: perfect for growing families, meal preparation and portion cooking<br \/>\nFood in minutes: pressure cooking up to 70% faster and more efficient than traditional cooking methods<br \/>\nEasy cleaning: dishwasher safe lid and pot<br \/>\nHassle-free: 11+ proven safety features, including Overheat Protection\u2122 and a secure locking lid<br \/>\nIncluded: 2 sealing rings and stainless steel steam stand<br \/>\nPower: 1000 watts<br \/>\nVoltage: 220V ~ 60Hz<\/p>\n<p>This multifunctional pressure cooker is the ideal choice for families who want to quickly and efficiently cook tasty, healthy meals with less effort and clean-up!<\/p>\n<p>Dimensions: (I) 34,1 x (W) 33,9 x (H) 32,4 cm<br \/>\nVolume: 5,7 litres<br \/>\nWarranty: 12 months<\/p>\n<p><a href=\"https:\/\/p.widencdn.net\/1q9fn3\/112-0169-01_113-0058-01_IB_DuoPlusV4_US_Manual_R15-FINAL-04-24-2024_LoRes%20%281%29\">Download the user guide \u21d2<\/a><\/p>\n","protected":false},"excerpt":{"rendered":"<p>Delivery only by Venipak courier. Instant Pot\u00ae Duo\u2122 Plus multi-function pressure cooker with silent steam release (5.7L) 9-in-1 The Instant<\/p>\n","protected":false},"featured_media":141753,"template":"","meta":{"_acf_changed":false},"product_brand":[],"product_cat":[1988,2410],"product_tag":[],"class_list":{"0":"post-141745","1":"product","2":"type-product","3":"status-publish","4":"has-post-thumbnail","6":"product_cat-home","7":"product_cat-household-appliances","9":"first","10":"outofstock","11":"shipping-taxable","12":"purchasable","13":"product-type-simple"},"acf":[],"yoast_head":"<!-- This site is optimized with the Yoast SEO plugin v27.3 - https:\/\/yoast.com\/product\/yoast-seo-wordpress\/ -->\n<title>Instant Pot\u00ae Duo\u2122 Plus 6QT multi-function pressure cooker with silent steam release function V4, (5,7L) - Biopapa<\/title>\n<meta name=\"description\" content=\"Instant Pot - Instant Pot\u00ae Duo\u2122 Plus 6QT multifunction pressure cooker with silent steam release (5,7L)\" \/>\n<meta name=\"robots\" content=\"index, follow, max-snippet:-1, max-image-preview:large, max-video-preview:-1\" \/>\n<link rel=\"canonical\" href=\"https:\/\/www.biopapa.lt\/en\/produktas\/instant-pot-duo-plus-6qt-multi-function-pressure-cooker-silent-steam-release-v4-5-7l\/\" \/>\n<meta property=\"og:locale\" content=\"en_US\" \/>\n<meta property=\"og:type\" content=\"article\" \/>\n<meta property=\"og:title\" content=\"Instant Pot\u00ae Duo\u2122 Plus 6QT multi-function pressure cooker with silent steam release function V4, (5,7L) - Biopapa\" \/>\n<meta property=\"og:description\" content=\"Instant Pot - Instant Pot\u00ae Duo\u2122 Plus 6QT multifunction pressure cooker with silent steam release (5,7L)\" \/>\n<meta property=\"og:url\" content=\"https:\/\/www.biopapa.lt\/en\/produktas\/instant-pot-duo-plus-6qt-multi-function-pressure-cooker-silent-steam-release-v4-5-7l\/\" \/>\n<meta property=\"og:site_name\" content=\"Biopapa\" \/>\n<meta property=\"article:publisher\" content=\"https:\/\/www.facebook.com\/biopapa.lt\" \/>\n<meta property=\"article:modified_time\" content=\"2025-12-16T11:46:32+00:00\" \/>\n<meta property=\"og:image\" content=\"https:\/\/www.biopapa.lt\/wp-content\/uploads\/2025\/07\/Greitpuodis-Instant-Pot\u00ae-Duo\u2122-Plus-6QT-daugiafunkcine-slegine-virykle-su-tylaus-garo-isleidimo-funkcija1.png\" \/>\n\t<meta property=\"og:image:width\" content=\"800\" \/>\n\t<meta property=\"og:image:height\" content=\"640\" \/>\n\t<meta property=\"og:image:type\" content=\"image\/png\" \/>\n<meta name=\"twitter:card\" content=\"summary_large_image\" \/>\n<script type=\"application\/ld+json\" class=\"yoast-schema-graph\">{\"@context\":\"https:\\\/\\\/schema.org\",\"@graph\":[{\"@type\":\"WebPage\",\"@id\":\"https:\\\/\\\/www.biopapa.lt\\\/en\\\/produktas\\\/instant-pot-duo-plus-6qt-multi-function-pressure-cooker-silent-steam-release-v4-5-7l\\\/\",\"url\":\"https:\\\/\\\/www.biopapa.lt\\\/en\\\/produktas\\\/instant-pot-duo-plus-6qt-multi-function-pressure-cooker-silent-steam-release-v4-5-7l\\\/\",\"name\":\"Instant Pot\u00ae Duo\u2122 Plus 6QT multi-function pressure cooker with silent steam release function V4, (5,7L) - Biopapa\",\"isPartOf\":{\"@id\":\"https:\\\/\\\/www.biopapa.lt\\\/#website\"},\"primaryImageOfPage\":{\"@id\":\"https:\\\/\\\/www.biopapa.lt\\\/en\\\/produktas\\\/instant-pot-duo-plus-6qt-multi-function-pressure-cooker-silent-steam-release-v4-5-7l\\\/#primaryimage\"},\"image\":{\"@id\":\"https:\\\/\\\/www.biopapa.lt\\\/en\\\/produktas\\\/instant-pot-duo-plus-6qt-multi-function-pressure-cooker-silent-steam-release-v4-5-7l\\\/#primaryimage\"},\"thumbnailUrl\":\"https:\\\/\\\/www.biopapa.lt\\\/wp-content\\\/uploads\\\/2025\\\/07\\\/Greitpuodis-Instant-Pot\u00ae-Duo\u2122-Plus-6QT-daugiafunkcine-slegine-virykle-su-tylaus-garo-isleidimo-funkcija1.png\",\"datePublished\":\"2025-07-02T12:19:22+00:00\",\"dateModified\":\"2025-12-16T11:46:32+00:00\",\"description\":\"Instant Pot - Instant Pot\u00ae Duo\u2122 Plus 6QT multifunction pressure cooker with silent steam release (5,7L)\",\"breadcrumb\":{\"@id\":\"https:\\\/\\\/www.biopapa.lt\\\/en\\\/produktas\\\/instant-pot-duo-plus-6qt-multi-function-pressure-cooker-silent-steam-release-v4-5-7l\\\/#breadcrumb\"},\"inLanguage\":\"en-US\",\"potentialAction\":[{\"@type\":\"ReadAction\",\"target\":[\"https:\\\/\\\/www.biopapa.lt\\\/en\\\/produktas\\\/instant-pot-duo-plus-6qt-multi-function-pressure-cooker-silent-steam-release-v4-5-7l\\\/\"]}]},{\"@type\":\"ImageObject\",\"inLanguage\":\"en-US\",\"@id\":\"https:\\\/\\\/www.biopapa.lt\\\/en\\\/produktas\\\/instant-pot-duo-plus-6qt-multi-function-pressure-cooker-silent-steam-release-v4-5-7l\\\/#primaryimage\",\"url\":\"https:\\\/\\\/www.biopapa.lt\\\/wp-content\\\/uploads\\\/2025\\\/07\\\/Greitpuodis-Instant-Pot\u00ae-Duo\u2122-Plus-6QT-daugiafunkcine-slegine-virykle-su-tylaus-garo-isleidimo-funkcija1.png\",\"contentUrl\":\"https:\\\/\\\/www.biopapa.lt\\\/wp-content\\\/uploads\\\/2025\\\/07\\\/Greitpuodis-Instant-Pot\u00ae-Duo\u2122-Plus-6QT-daugiafunkcine-slegine-virykle-su-tylaus-garo-isleidimo-funkcija1.png\",\"width\":800,\"height\":640},{\"@type\":\"BreadcrumbList\",\"@id\":\"https:\\\/\\\/www.biopapa.lt\\\/en\\\/produktas\\\/instant-pot-duo-plus-6qt-multi-function-pressure-cooker-silent-steam-release-v4-5-7l\\\/#breadcrumb\",\"itemListElement\":[{\"@type\":\"ListItem\",\"position\":1,\"name\":\"Home\",\"item\":\"https:\\\/\\\/www.biopapa.lt\\\/en\\\/\"},{\"@type\":\"ListItem\",\"position\":2,\"name\":\"Shop\",\"item\":\"https:\\\/\\\/www.biopapa.lt\\\/en\\\/shop\\\/\"},{\"@type\":\"ListItem\",\"position\":3,\"name\":\"Instant Pot\u00ae Duo\u2122 Plus 6QT multi-function pressure cooker with silent steam release function V4, (5,7L)\"}]},{\"@type\":\"WebSite\",\"@id\":\"https:\\\/\\\/www.biopapa.lt\\\/#website\",\"url\":\"https:\\\/\\\/www.biopapa.lt\\\/\",\"name\":\"Biopapa\",\"description\":\"\u0160var\u016bs ekologi\u0161ki produktai\",\"publisher\":{\"@id\":\"https:\\\/\\\/www.biopapa.lt\\\/#organization\"},\"potentialAction\":[{\"@type\":\"SearchAction\",\"target\":{\"@type\":\"EntryPoint\",\"urlTemplate\":\"https:\\\/\\\/www.biopapa.lt\\\/?s={search_term_string}\"},\"query-input\":{\"@type\":\"PropertyValueSpecification\",\"valueRequired\":true,\"valueName\":\"search_term_string\"}}],\"inLanguage\":\"en-US\"},{\"@type\":\"Organization\",\"@id\":\"https:\\\/\\\/www.biopapa.lt\\\/#organization\",\"name\":\"Biopapa\",\"url\":\"https:\\\/\\\/www.biopapa.lt\\\/\",\"logo\":{\"@type\":\"ImageObject\",\"inLanguage\":\"en-US\",\"@id\":\"https:\\\/\\\/www.biopapa.lt\\\/#\\\/schema\\\/logo\\\/image\\\/\",\"url\":\"https:\\\/\\\/www.biopapa.lt\\\/wp-content\\\/uploads\\\/2022\\\/04\\\/facebook_biopapa.jpg\",\"contentUrl\":\"https:\\\/\\\/www.biopapa.lt\\\/wp-content\\\/uploads\\\/2022\\\/04\\\/facebook_biopapa.jpg\",\"width\":1733,\"height\":907,\"caption\":\"Biopapa\"},\"image\":{\"@id\":\"https:\\\/\\\/www.biopapa.lt\\\/#\\\/schema\\\/logo\\\/image\\\/\"},\"sameAs\":[\"https:\\\/\\\/www.facebook.com\\\/biopapa.lt\"]}]}<\/script>\n<!-- \/ Yoast SEO plugin. -->","yoast_head_json":{"title":"Instant Pot\u00ae Duo\u2122 Plus 6QT multi-function pressure cooker with silent steam release function V4, (5,7L) - Biopapa","description":"Instant Pot - Instant Pot\u00ae Duo\u2122 Plus 6QT multifunction pressure cooker with silent steam release (5,7L)","robots":{"index":"index","follow":"follow","max-snippet":"max-snippet:-1","max-image-preview":"max-image-preview:large","max-video-preview":"max-video-preview:-1"},"canonical":"https:\/\/www.biopapa.lt\/en\/produktas\/instant-pot-duo-plus-6qt-multi-function-pressure-cooker-silent-steam-release-v4-5-7l\/","og_locale":"en_US","og_type":"article","og_title":"Instant Pot\u00ae Duo\u2122 Plus 6QT multi-function pressure cooker with silent steam release function V4, (5,7L) - Biopapa","og_description":"Instant Pot - Instant Pot\u00ae Duo\u2122 Plus 6QT multifunction pressure cooker with silent steam release (5,7L)","og_url":"https:\/\/www.biopapa.lt\/en\/produktas\/instant-pot-duo-plus-6qt-multi-function-pressure-cooker-silent-steam-release-v4-5-7l\/","og_site_name":"Biopapa","article_publisher":"https:\/\/www.facebook.com\/biopapa.lt","article_modified_time":"2025-12-16T11:46:32+00:00","og_image":[{"width":800,"height":640,"url":"https:\/\/www.biopapa.lt\/wp-content\/uploads\/2025\/07\/Greitpuodis-Instant-Pot\u00ae-Duo\u2122-Plus-6QT-daugiafunkcine-slegine-virykle-su-tylaus-garo-isleidimo-funkcija1.png","type":"image\/png"}],"twitter_card":"summary_large_image","schema":{"@context":"https:\/\/schema.org","@graph":[{"@type":"WebPage","@id":"https:\/\/www.biopapa.lt\/en\/produktas\/instant-pot-duo-plus-6qt-multi-function-pressure-cooker-silent-steam-release-v4-5-7l\/","url":"https:\/\/www.biopapa.lt\/en\/produktas\/instant-pot-duo-plus-6qt-multi-function-pressure-cooker-silent-steam-release-v4-5-7l\/","name":"Instant Pot\u00ae Duo\u2122 Plus 6QT multi-function pressure cooker with silent steam release function V4, (5,7L) - Biopapa","isPartOf":{"@id":"https:\/\/www.biopapa.lt\/#website"},"primaryImageOfPage":{"@id":"https:\/\/www.biopapa.lt\/en\/produktas\/instant-pot-duo-plus-6qt-multi-function-pressure-cooker-silent-steam-release-v4-5-7l\/#primaryimage"},"image":{"@id":"https:\/\/www.biopapa.lt\/en\/produktas\/instant-pot-duo-plus-6qt-multi-function-pressure-cooker-silent-steam-release-v4-5-7l\/#primaryimage"},"thumbnailUrl":"https:\/\/www.biopapa.lt\/wp-content\/uploads\/2025\/07\/Greitpuodis-Instant-Pot\u00ae-Duo\u2122-Plus-6QT-daugiafunkcine-slegine-virykle-su-tylaus-garo-isleidimo-funkcija1.png","datePublished":"2025-07-02T12:19:22+00:00","dateModified":"2025-12-16T11:46:32+00:00","description":"Instant Pot - Instant Pot\u00ae Duo\u2122 Plus 6QT multifunction pressure cooker with silent steam release (5,7L)","breadcrumb":{"@id":"https:\/\/www.biopapa.lt\/en\/produktas\/instant-pot-duo-plus-6qt-multi-function-pressure-cooker-silent-steam-release-v4-5-7l\/#breadcrumb"},"inLanguage":"en-US","potentialAction":[{"@type":"ReadAction","target":["https:\/\/www.biopapa.lt\/en\/produktas\/instant-pot-duo-plus-6qt-multi-function-pressure-cooker-silent-steam-release-v4-5-7l\/"]}]},{"@type":"ImageObject","inLanguage":"en-US","@id":"https:\/\/www.biopapa.lt\/en\/produktas\/instant-pot-duo-plus-6qt-multi-function-pressure-cooker-silent-steam-release-v4-5-7l\/#primaryimage","url":"https:\/\/www.biopapa.lt\/wp-content\/uploads\/2025\/07\/Greitpuodis-Instant-Pot\u00ae-Duo\u2122-Plus-6QT-daugiafunkcine-slegine-virykle-su-tylaus-garo-isleidimo-funkcija1.png","contentUrl":"https:\/\/www.biopapa.lt\/wp-content\/uploads\/2025\/07\/Greitpuodis-Instant-Pot\u00ae-Duo\u2122-Plus-6QT-daugiafunkcine-slegine-virykle-su-tylaus-garo-isleidimo-funkcija1.png","width":800,"height":640},{"@type":"BreadcrumbList","@id":"https:\/\/www.biopapa.lt\/en\/produktas\/instant-pot-duo-plus-6qt-multi-function-pressure-cooker-silent-steam-release-v4-5-7l\/#breadcrumb","itemListElement":[{"@type":"ListItem","position":1,"name":"Home","item":"https:\/\/www.biopapa.lt\/en\/"},{"@type":"ListItem","position":2,"name":"Shop","item":"https:\/\/www.biopapa.lt\/en\/shop\/"},{"@type":"ListItem","position":3,"name":"Instant Pot\u00ae Duo\u2122 Plus 6QT multi-function pressure cooker with silent steam release function V4, (5,7L)"}]},{"@type":"WebSite","@id":"https:\/\/www.biopapa.lt\/#website","url":"https:\/\/www.biopapa.lt\/","name":"Biopapa","description":"\u0160var\u016bs ekologi\u0161ki produktai","publisher":{"@id":"https:\/\/www.biopapa.lt\/#organization"},"potentialAction":[{"@type":"SearchAction","target":{"@type":"EntryPoint","urlTemplate":"https:\/\/www.biopapa.lt\/?s={search_term_string}"},"query-input":{"@type":"PropertyValueSpecification","valueRequired":true,"valueName":"search_term_string"}}],"inLanguage":"en-US"},{"@type":"Organization","@id":"https:\/\/www.biopapa.lt\/#organization","name":"Biopapa","url":"https:\/\/www.biopapa.lt\/","logo":{"@type":"ImageObject","inLanguage":"en-US","@id":"https:\/\/www.biopapa.lt\/#\/schema\/logo\/image\/","url":"https:\/\/www.biopapa.lt\/wp-content\/uploads\/2022\/04\/facebook_biopapa.jpg","contentUrl":"https:\/\/www.biopapa.lt\/wp-content\/uploads\/2022\/04\/facebook_biopapa.jpg","width":1733,"height":907,"caption":"Biopapa"},"image":{"@id":"https:\/\/www.biopapa.lt\/#\/schema\/logo\/image\/"},"sameAs":["https:\/\/www.facebook.com\/biopapa.lt"]}]}},"_links":{"self":[{"href":"https:\/\/www.biopapa.lt\/en\/wp-json\/wp\/v2\/product\/141745","targetHints":{"allow":["GET"]}}],"collection":[{"href":"https:\/\/www.biopapa.lt\/en\/wp-json\/wp\/v2\/product"}],"about":[{"href":"https:\/\/www.biopapa.lt\/en\/wp-json\/wp\/v2\/types\/product"}],"wp:featuredmedia":[{"embeddable":true,"href":"https:\/\/www.biopapa.lt\/en\/wp-json\/wp\/v2\/media\/141753"}],"wp:attachment":[{"href":"https:\/\/www.biopapa.lt\/en\/wp-json\/wp\/v2\/media?parent=141745"}],"wp:term":[{"taxonomy":"product_brand","embeddable":true,"href":"https:\/\/www.biopapa.lt\/en\/wp-json\/wp\/v2\/product_brand?post=141745"},{"taxonomy":"product_cat","embeddable":true,"href":"https:\/\/www.biopapa.lt\/en\/wp-json\/wp\/v2\/product_cat?post=141745"},{"taxonomy":"product_tag","embeddable":true,"href":"https:\/\/www.biopapa.lt\/en\/wp-json\/wp\/v2\/product_tag?post=141745"}],"curies":[{"name":"wp","href":"https:\/\/api.w.org\/{rel}","templated":true}]}}