{"id":127739,"date":"2025-06-02T11:56:01","date_gmt":"2025-06-02T08:56:01","guid":{"rendered":"https:\/\/www.biopapa.lt\/?post_type=product&#038;p=127739"},"modified":"2026-03-08T01:07:02","modified_gmt":"2026-03-07T23:07:02","slug":"twist-out-sunscreen-pencil-face-body-spf30-sol-de-ibiza-45g","status":"publish","type":"product","link":"https:\/\/www.biopapa.lt\/en\/produktas\/twist-out-sunscreen-pencil-face-body-spf30-sol-de-ibiza-45g\/","title":{"rendered":"Twist-out sunscreen pencil for face and body with SPF 30, 45 g SOL DE IBIZA"},"content":{"rendered":"<p><strong>The twist-out sunscreen pencil for face and body with SPF 30<\/strong> (Super Zinc Stick SPF30) &#8211; more than just sun protection! This antioxidant-enriched formula moisturises, protects and repairs sensitive skin, promotes cell regeneration and helps prevent photo-ageing, melasma and pigment spots. It protects not only against UV rays, but also against pollution, infrared rays, blue light and other harmful factors.  <\/p>\n<p>Suitable for the whole family &#8211; both children and adults. Perfect for scars, moles, tattoos and other sensitive areas of the skin.<br \/>\nBroad spectrum UVA protection and up to 97% UVB blocking make this product ideal for everyday use or on holiday. The soft, creamy texture spreads easily and is perfect for both sunny days and winter sports &#8211; leaving skin soft, moisturised and protected.  <\/p>\n<p>Organic Sweet Almond Oil: deeply moisturises, soothes irritation and protects the skin, enriched with vitamin E and antioxidants to promote soft and healthy skin.<br \/>\nZinc Oxide: natural UVA and UVB filter that provides excellent skin protection, supports skin regeneration and helps treat pigment spots and melasma.<br \/>\nOrganic Cocoa Butter: improves skin elasticity and deeply nourishes the skin.<br \/>\nOrganic Aloe Vera: promotes healing, provides antioxidant protection and leaves the skin feeling fresh and calm.<br \/>\nOrganic Calendula Flower Extract: smooths the skin, maintains hydration and helps regeneration.<\/p>\n<p>Avoid contact with eyes and mucous membranes.<br \/>\nApply before going into the sun. Re-application is required after 40 minutes of bathing.<br \/>\nApply frequently, especially after bathing or sweating.<br \/>\nDermatologically tested.<br \/>\nThe product is packed in a 100% compostable carton!<br \/>\n45 g <\/p>\n","protected":false},"excerpt":{"rendered":"<p>The twist-out sunscreen pencil for face and body with SPF 30 (Super Zinc Stick SPF30) &#8211; more than just sun<\/p>\n","protected":false},"featured_media":127742,"template":"","meta":{"_acf_changed":false},"product_brand":[],"product_cat":[1962,1967,1971,2497],"product_tag":[2058,2090,2088],"class_list":{"0":"post-127739","1":"product","2":"type-product","3":"status-publish","4":"has-post-thumbnail","6":"product_cat-beauty-and-hygiene","7":"product_cat-body-care","8":"product_cat-facial-care","9":"product_cat-ibiza5-en","10":"product_tag-body-care","11":"product_tag-facial-care","12":"product_tag-vegan","14":"first","15":"instock","16":"shipping-taxable","17":"purchasable","18":"product-type-simple"},"acf":[],"yoast_head":"<!-- This site is optimized with the Yoast SEO plugin v27.4 - https:\/\/yoast.com\/product\/yoast-seo-wordpress\/ -->\n<title>Twist-out sunscreen pencil for face and body with SPF 30, 45 g SOL DE IBIZA - Biopapa<\/title>\n<meta name=\"description\" content=\"Sol de Ibiza is a daily mineral face and body protection for babies and children SPF30 in a plastic-free container.\" \/>\n<meta name=\"robots\" content=\"index, follow, max-snippet:-1, max-image-preview:large, max-video-preview:-1\" \/>\n<link rel=\"canonical\" href=\"https:\/\/www.biopapa.lt\/en\/produktas\/twist-out-sunscreen-pencil-face-body-spf30-sol-de-ibiza-45g\/\" \/>\n<meta property=\"og:locale\" content=\"en_US\" \/>\n<meta property=\"og:type\" content=\"article\" \/>\n<meta property=\"og:title\" content=\"Twist-out sunscreen pencil for face and body with SPF 30, 45 g SOL DE IBIZA - Biopapa\" \/>\n<meta property=\"og:description\" content=\"Sol de Ibiza is a daily mineral face and body protection for babies and children SPF30 in a plastic-free container.\" \/>\n<meta property=\"og:url\" content=\"https:\/\/www.biopapa.lt\/en\/produktas\/twist-out-sunscreen-pencil-face-body-spf30-sol-de-ibiza-45g\/\" \/>\n<meta property=\"og:site_name\" content=\"Biopapa\" \/>\n<meta property=\"article:publisher\" content=\"https:\/\/www.facebook.com\/biopapa.lt\" \/>\n<meta property=\"article:modified_time\" content=\"2026-03-07T23:07:02+00:00\" \/>\n<meta property=\"og:image\" content=\"https:\/\/www.biopapa.lt\/wp-content\/uploads\/2025\/06\/Issukamas-piestukas-nuo-saules-veidui-ir-kunui-su-SPF-30.png\" \/>\n\t<meta property=\"og:image:width\" content=\"800\" \/>\n\t<meta property=\"og:image:height\" content=\"640\" \/>\n\t<meta property=\"og:image:type\" content=\"image\/png\" \/>\n<meta name=\"twitter:card\" content=\"summary_large_image\" \/>\n<script type=\"application\/ld+json\" class=\"yoast-schema-graph\">{\"@context\":\"https:\\\/\\\/schema.org\",\"@graph\":[{\"@type\":\"WebPage\",\"@id\":\"https:\\\/\\\/www.biopapa.lt\\\/en\\\/produktas\\\/twist-out-sunscreen-pencil-face-body-spf30-sol-de-ibiza-45g\\\/\",\"url\":\"https:\\\/\\\/www.biopapa.lt\\\/en\\\/produktas\\\/twist-out-sunscreen-pencil-face-body-spf30-sol-de-ibiza-45g\\\/\",\"name\":\"Twist-out sunscreen pencil for face and body with SPF 30, 45 g SOL DE IBIZA - Biopapa\",\"isPartOf\":{\"@id\":\"https:\\\/\\\/www.biopapa.lt\\\/#website\"},\"primaryImageOfPage\":{\"@id\":\"https:\\\/\\\/www.biopapa.lt\\\/en\\\/produktas\\\/twist-out-sunscreen-pencil-face-body-spf30-sol-de-ibiza-45g\\\/#primaryimage\"},\"image\":{\"@id\":\"https:\\\/\\\/www.biopapa.lt\\\/en\\\/produktas\\\/twist-out-sunscreen-pencil-face-body-spf30-sol-de-ibiza-45g\\\/#primaryimage\"},\"thumbnailUrl\":\"https:\\\/\\\/www.biopapa.lt\\\/wp-content\\\/uploads\\\/2025\\\/06\\\/Issukamas-piestukas-nuo-saules-veidui-ir-kunui-su-SPF-30.png\",\"datePublished\":\"2025-06-02T08:56:01+00:00\",\"dateModified\":\"2026-03-07T23:07:02+00:00\",\"description\":\"Sol de Ibiza is a daily mineral face and body protection for babies and children SPF30 in a plastic-free container.\",\"breadcrumb\":{\"@id\":\"https:\\\/\\\/www.biopapa.lt\\\/en\\\/produktas\\\/twist-out-sunscreen-pencil-face-body-spf30-sol-de-ibiza-45g\\\/#breadcrumb\"},\"inLanguage\":\"en-US\",\"potentialAction\":[{\"@type\":\"ReadAction\",\"target\":[\"https:\\\/\\\/www.biopapa.lt\\\/en\\\/produktas\\\/twist-out-sunscreen-pencil-face-body-spf30-sol-de-ibiza-45g\\\/\"]}]},{\"@type\":\"ImageObject\",\"inLanguage\":\"en-US\",\"@id\":\"https:\\\/\\\/www.biopapa.lt\\\/en\\\/produktas\\\/twist-out-sunscreen-pencil-face-body-spf30-sol-de-ibiza-45g\\\/#primaryimage\",\"url\":\"https:\\\/\\\/www.biopapa.lt\\\/wp-content\\\/uploads\\\/2025\\\/06\\\/Issukamas-piestukas-nuo-saules-veidui-ir-kunui-su-SPF-30.png\",\"contentUrl\":\"https:\\\/\\\/www.biopapa.lt\\\/wp-content\\\/uploads\\\/2025\\\/06\\\/Issukamas-piestukas-nuo-saules-veidui-ir-kunui-su-SPF-30.png\",\"width\":800,\"height\":640},{\"@type\":\"BreadcrumbList\",\"@id\":\"https:\\\/\\\/www.biopapa.lt\\\/en\\\/produktas\\\/twist-out-sunscreen-pencil-face-body-spf30-sol-de-ibiza-45g\\\/#breadcrumb\",\"itemListElement\":[{\"@type\":\"ListItem\",\"position\":1,\"name\":\"Home\",\"item\":\"https:\\\/\\\/www.biopapa.lt\\\/en\\\/\"},{\"@type\":\"ListItem\",\"position\":2,\"name\":\"Shop\",\"item\":\"https:\\\/\\\/www.biopapa.lt\\\/en\\\/shop\\\/\"},{\"@type\":\"ListItem\",\"position\":3,\"name\":\"Twist-out sunscreen pencil for face and body with SPF 30, 45 g SOL DE IBIZA\"}]},{\"@type\":\"WebSite\",\"@id\":\"https:\\\/\\\/www.biopapa.lt\\\/#website\",\"url\":\"https:\\\/\\\/www.biopapa.lt\\\/\",\"name\":\"Biopapa\",\"description\":\"\u0160var\u016bs ekologi\u0161ki produktai\",\"publisher\":{\"@id\":\"https:\\\/\\\/www.biopapa.lt\\\/#organization\"},\"potentialAction\":[{\"@type\":\"SearchAction\",\"target\":{\"@type\":\"EntryPoint\",\"urlTemplate\":\"https:\\\/\\\/www.biopapa.lt\\\/?s={search_term_string}\"},\"query-input\":{\"@type\":\"PropertyValueSpecification\",\"valueRequired\":true,\"valueName\":\"search_term_string\"}}],\"inLanguage\":\"en-US\"},{\"@type\":\"Organization\",\"@id\":\"https:\\\/\\\/www.biopapa.lt\\\/#organization\",\"name\":\"Biopapa\",\"url\":\"https:\\\/\\\/www.biopapa.lt\\\/\",\"logo\":{\"@type\":\"ImageObject\",\"inLanguage\":\"en-US\",\"@id\":\"https:\\\/\\\/www.biopapa.lt\\\/#\\\/schema\\\/logo\\\/image\\\/\",\"url\":\"https:\\\/\\\/www.biopapa.lt\\\/wp-content\\\/uploads\\\/2022\\\/04\\\/facebook_biopapa.jpg\",\"contentUrl\":\"https:\\\/\\\/www.biopapa.lt\\\/wp-content\\\/uploads\\\/2022\\\/04\\\/facebook_biopapa.jpg\",\"width\":1733,\"height\":907,\"caption\":\"Biopapa\"},\"image\":{\"@id\":\"https:\\\/\\\/www.biopapa.lt\\\/#\\\/schema\\\/logo\\\/image\\\/\"},\"sameAs\":[\"https:\\\/\\\/www.facebook.com\\\/biopapa.lt\"]}]}<\/script>\n<!-- \/ Yoast SEO plugin. -->","yoast_head_json":{"title":"Twist-out sunscreen pencil for face and body with SPF 30, 45 g SOL DE IBIZA - Biopapa","description":"Sol de Ibiza is a daily mineral face and body protection for babies and children SPF30 in a plastic-free container.","robots":{"index":"index","follow":"follow","max-snippet":"max-snippet:-1","max-image-preview":"max-image-preview:large","max-video-preview":"max-video-preview:-1"},"canonical":"https:\/\/www.biopapa.lt\/en\/produktas\/twist-out-sunscreen-pencil-face-body-spf30-sol-de-ibiza-45g\/","og_locale":"en_US","og_type":"article","og_title":"Twist-out sunscreen pencil for face and body with SPF 30, 45 g SOL DE IBIZA - Biopapa","og_description":"Sol de Ibiza is a daily mineral face and body protection for babies and children SPF30 in a plastic-free container.","og_url":"https:\/\/www.biopapa.lt\/en\/produktas\/twist-out-sunscreen-pencil-face-body-spf30-sol-de-ibiza-45g\/","og_site_name":"Biopapa","article_publisher":"https:\/\/www.facebook.com\/biopapa.lt","article_modified_time":"2026-03-07T23:07:02+00:00","og_image":[{"width":800,"height":640,"url":"https:\/\/www.biopapa.lt\/wp-content\/uploads\/2025\/06\/Issukamas-piestukas-nuo-saules-veidui-ir-kunui-su-SPF-30.png","type":"image\/png"}],"twitter_card":"summary_large_image","schema":{"@context":"https:\/\/schema.org","@graph":[{"@type":"WebPage","@id":"https:\/\/www.biopapa.lt\/en\/produktas\/twist-out-sunscreen-pencil-face-body-spf30-sol-de-ibiza-45g\/","url":"https:\/\/www.biopapa.lt\/en\/produktas\/twist-out-sunscreen-pencil-face-body-spf30-sol-de-ibiza-45g\/","name":"Twist-out sunscreen pencil for face and body with SPF 30, 45 g SOL DE IBIZA - Biopapa","isPartOf":{"@id":"https:\/\/www.biopapa.lt\/#website"},"primaryImageOfPage":{"@id":"https:\/\/www.biopapa.lt\/en\/produktas\/twist-out-sunscreen-pencil-face-body-spf30-sol-de-ibiza-45g\/#primaryimage"},"image":{"@id":"https:\/\/www.biopapa.lt\/en\/produktas\/twist-out-sunscreen-pencil-face-body-spf30-sol-de-ibiza-45g\/#primaryimage"},"thumbnailUrl":"https:\/\/www.biopapa.lt\/wp-content\/uploads\/2025\/06\/Issukamas-piestukas-nuo-saules-veidui-ir-kunui-su-SPF-30.png","datePublished":"2025-06-02T08:56:01+00:00","dateModified":"2026-03-07T23:07:02+00:00","description":"Sol de Ibiza is a daily mineral face and body protection for babies and children SPF30 in a plastic-free container.","breadcrumb":{"@id":"https:\/\/www.biopapa.lt\/en\/produktas\/twist-out-sunscreen-pencil-face-body-spf30-sol-de-ibiza-45g\/#breadcrumb"},"inLanguage":"en-US","potentialAction":[{"@type":"ReadAction","target":["https:\/\/www.biopapa.lt\/en\/produktas\/twist-out-sunscreen-pencil-face-body-spf30-sol-de-ibiza-45g\/"]}]},{"@type":"ImageObject","inLanguage":"en-US","@id":"https:\/\/www.biopapa.lt\/en\/produktas\/twist-out-sunscreen-pencil-face-body-spf30-sol-de-ibiza-45g\/#primaryimage","url":"https:\/\/www.biopapa.lt\/wp-content\/uploads\/2025\/06\/Issukamas-piestukas-nuo-saules-veidui-ir-kunui-su-SPF-30.png","contentUrl":"https:\/\/www.biopapa.lt\/wp-content\/uploads\/2025\/06\/Issukamas-piestukas-nuo-saules-veidui-ir-kunui-su-SPF-30.png","width":800,"height":640},{"@type":"BreadcrumbList","@id":"https:\/\/www.biopapa.lt\/en\/produktas\/twist-out-sunscreen-pencil-face-body-spf30-sol-de-ibiza-45g\/#breadcrumb","itemListElement":[{"@type":"ListItem","position":1,"name":"Home","item":"https:\/\/www.biopapa.lt\/en\/"},{"@type":"ListItem","position":2,"name":"Shop","item":"https:\/\/www.biopapa.lt\/en\/shop\/"},{"@type":"ListItem","position":3,"name":"Twist-out sunscreen pencil for face and body with SPF 30, 45 g SOL DE IBIZA"}]},{"@type":"WebSite","@id":"https:\/\/www.biopapa.lt\/#website","url":"https:\/\/www.biopapa.lt\/","name":"Biopapa","description":"\u0160var\u016bs ekologi\u0161ki produktai","publisher":{"@id":"https:\/\/www.biopapa.lt\/#organization"},"potentialAction":[{"@type":"SearchAction","target":{"@type":"EntryPoint","urlTemplate":"https:\/\/www.biopapa.lt\/?s={search_term_string}"},"query-input":{"@type":"PropertyValueSpecification","valueRequired":true,"valueName":"search_term_string"}}],"inLanguage":"en-US"},{"@type":"Organization","@id":"https:\/\/www.biopapa.lt\/#organization","name":"Biopapa","url":"https:\/\/www.biopapa.lt\/","logo":{"@type":"ImageObject","inLanguage":"en-US","@id":"https:\/\/www.biopapa.lt\/#\/schema\/logo\/image\/","url":"https:\/\/www.biopapa.lt\/wp-content\/uploads\/2022\/04\/facebook_biopapa.jpg","contentUrl":"https:\/\/www.biopapa.lt\/wp-content\/uploads\/2022\/04\/facebook_biopapa.jpg","width":1733,"height":907,"caption":"Biopapa"},"image":{"@id":"https:\/\/www.biopapa.lt\/#\/schema\/logo\/image\/"},"sameAs":["https:\/\/www.facebook.com\/biopapa.lt"]}]}},"_links":{"self":[{"href":"https:\/\/www.biopapa.lt\/en\/wp-json\/wp\/v2\/product\/127739","targetHints":{"allow":["GET"]}}],"collection":[{"href":"https:\/\/www.biopapa.lt\/en\/wp-json\/wp\/v2\/product"}],"about":[{"href":"https:\/\/www.biopapa.lt\/en\/wp-json\/wp\/v2\/types\/product"}],"wp:featuredmedia":[{"embeddable":true,"href":"https:\/\/www.biopapa.lt\/en\/wp-json\/wp\/v2\/media\/127742"}],"wp:attachment":[{"href":"https:\/\/www.biopapa.lt\/en\/wp-json\/wp\/v2\/media?parent=127739"}],"wp:term":[{"taxonomy":"product_brand","embeddable":true,"href":"https:\/\/www.biopapa.lt\/en\/wp-json\/wp\/v2\/product_brand?post=127739"},{"taxonomy":"product_cat","embeddable":true,"href":"https:\/\/www.biopapa.lt\/en\/wp-json\/wp\/v2\/product_cat?post=127739"},{"taxonomy":"product_tag","embeddable":true,"href":"https:\/\/www.biopapa.lt\/en\/wp-json\/wp\/v2\/product_tag?post=127739"}],"curies":[{"name":"wp","href":"https:\/\/api.w.org\/{rel}","templated":true}]}}