{"id":125627,"date":"2025-05-28T15:07:30","date_gmt":"2025-05-28T12:07:30","guid":{"rendered":"https:\/\/www.biopapa.lt\/?post_type=product&#038;p=125627"},"modified":"2026-03-08T01:07:02","modified_gmt":"2026-03-07T23:07:02","slug":"soap-amaranth-scrub-100g","status":"publish","type":"product","link":"https:\/\/www.biopapa.lt\/en\/produktas\/soap-amaranth-scrub-100g\/","title":{"rendered":"Soap \u201cAmaranth scrub\u201d (~100g)"},"content":{"rendered":"<p>\u201cAmaranth scrub\u201d is a natural soap made with Lithuanian amaranth seeds. This soap can be used instead of a sponge, as it is a scrubbing soap that gives a gentle, pleasant scrubbing. Lemongrass essential oil is invigorating, making it ideal for the morning and after a busy day.<\/p>\n<p>Soap making: cold process, t. y. there is no boiling process, so the properties of the oils, vitamins and amino acids are preserved &#8211; this soap does not dry out the skin. Enriched with Lithuanian plant extracts, the soap always has a touch of summer in it.  Only natural scents and natural colors are used: essential oils, petals, juices and clays.<\/p>\n<p>For use: mild, skin-loving scrub, suitable for children, skin-loving, palm oil-free, no animal ingredients, no artificial colours, no synthetic fragrances, no preservatives.<br \/>\nHandmade soaps are made with only vegetable oils and plant-based additives.<\/p>\n<p>Smell: fresh.<br \/>\nWeight: ~ 100 g<\/p>\n<p>&nbsp;<\/p>\n","protected":false},"excerpt":{"rendered":"<p>\u201cAmaranth scrub\u201d is a natural soap made with Lithuanian amaranth seeds. This soap can be used instead of a sponge,<\/p>\n","protected":false},"featured_media":125635,"template":"","meta":{"_acf_changed":false},"product_brand":[],"product_cat":[1962,1967,2544],"product_tag":[2058,2088],"class_list":{"0":"post-125627","1":"product","2":"type-product","3":"status-publish","4":"has-post-thumbnail","6":"product_cat-beauty-and-hygiene","7":"product_cat-body-care","8":"product_cat-soap","9":"product_tag-body-care","10":"product_tag-vegan","12":"first","13":"instock","14":"shipping-taxable","15":"purchasable","16":"product-type-simple"},"acf":[],"yoast_head":"<!-- This site is optimized with the Yoast SEO plugin v27.4 - https:\/\/yoast.com\/product\/yoast-seo-wordpress\/ -->\n<title>Soap \u201cAmaranth scrub\u201d (~100g) - Biopapa<\/title>\n<meta name=\"description\" content=\"\u201cAmaranth scrub\u201d is a natural soap made with Lithuanian amaranth seeds. This soap can be used instead of a sponge, as it is a scrubbing soap that gives a gentle, pleasant scrubbing.\" \/>\n<meta name=\"robots\" content=\"index, follow, max-snippet:-1, max-image-preview:large, max-video-preview:-1\" \/>\n<link rel=\"canonical\" href=\"https:\/\/www.biopapa.lt\/en\/produktas\/soap-amaranth-scrub-100g\/\" \/>\n<meta property=\"og:locale\" content=\"en_US\" \/>\n<meta property=\"og:type\" content=\"article\" \/>\n<meta property=\"og:title\" content=\"Soap \u201cAmaranth scrub\u201d (~100g) - Biopapa\" \/>\n<meta property=\"og:description\" content=\"\u201cAmaranth scrub\u201d is a natural soap made with Lithuanian amaranth seeds. This soap can be used instead of a sponge, as it is a scrubbing soap that gives a gentle, pleasant scrubbing.\" \/>\n<meta property=\"og:url\" content=\"https:\/\/www.biopapa.lt\/en\/produktas\/soap-amaranth-scrub-100g\/\" \/>\n<meta property=\"og:site_name\" content=\"Biopapa\" \/>\n<meta property=\"article:publisher\" content=\"https:\/\/www.facebook.com\/biopapa.lt\" \/>\n<meta property=\"article:modified_time\" content=\"2026-03-07T23:07:02+00:00\" \/>\n<meta property=\"og:image\" content=\"https:\/\/www.biopapa.lt\/wp-content\/uploads\/2023\/07\/kazkoks-muilas-800x640-2.png\" \/>\n\t<meta property=\"og:image:width\" content=\"800\" \/>\n\t<meta property=\"og:image:height\" content=\"640\" \/>\n\t<meta property=\"og:image:type\" content=\"image\/png\" \/>\n<meta name=\"twitter:card\" content=\"summary_large_image\" \/>\n<script type=\"application\/ld+json\" class=\"yoast-schema-graph\">{\"@context\":\"https:\\\/\\\/schema.org\",\"@graph\":[{\"@type\":\"WebPage\",\"@id\":\"https:\\\/\\\/www.biopapa.lt\\\/en\\\/produktas\\\/soap-amaranth-scrub-100g\\\/\",\"url\":\"https:\\\/\\\/www.biopapa.lt\\\/en\\\/produktas\\\/soap-amaranth-scrub-100g\\\/\",\"name\":\"Soap \u201cAmaranth scrub\u201d (~100g) - Biopapa\",\"isPartOf\":{\"@id\":\"https:\\\/\\\/www.biopapa.lt\\\/#website\"},\"primaryImageOfPage\":{\"@id\":\"https:\\\/\\\/www.biopapa.lt\\\/en\\\/produktas\\\/soap-amaranth-scrub-100g\\\/#primaryimage\"},\"image\":{\"@id\":\"https:\\\/\\\/www.biopapa.lt\\\/en\\\/produktas\\\/soap-amaranth-scrub-100g\\\/#primaryimage\"},\"thumbnailUrl\":\"https:\\\/\\\/www.biopapa.lt\\\/wp-content\\\/uploads\\\/2025\\\/05\\\/Muilas-Burnocio-seklu-sveistukas-100g.png\",\"datePublished\":\"2025-05-28T12:07:30+00:00\",\"dateModified\":\"2026-03-07T23:07:02+00:00\",\"description\":\"\u201cAmaranth scrub\u201d is a natural soap made with Lithuanian amaranth seeds. This soap can be used instead of a sponge, as it is a scrubbing soap that gives a gentle, pleasant scrubbing.\",\"breadcrumb\":{\"@id\":\"https:\\\/\\\/www.biopapa.lt\\\/en\\\/produktas\\\/soap-amaranth-scrub-100g\\\/#breadcrumb\"},\"inLanguage\":\"en-US\",\"potentialAction\":[{\"@type\":\"ReadAction\",\"target\":[\"https:\\\/\\\/www.biopapa.lt\\\/en\\\/produktas\\\/soap-amaranth-scrub-100g\\\/\"]}]},{\"@type\":\"ImageObject\",\"inLanguage\":\"en-US\",\"@id\":\"https:\\\/\\\/www.biopapa.lt\\\/en\\\/produktas\\\/soap-amaranth-scrub-100g\\\/#primaryimage\",\"url\":\"https:\\\/\\\/www.biopapa.lt\\\/wp-content\\\/uploads\\\/2025\\\/05\\\/Muilas-Burnocio-seklu-sveistukas-100g.png\",\"contentUrl\":\"https:\\\/\\\/www.biopapa.lt\\\/wp-content\\\/uploads\\\/2025\\\/05\\\/Muilas-Burnocio-seklu-sveistukas-100g.png\",\"width\":800,\"height\":640},{\"@type\":\"BreadcrumbList\",\"@id\":\"https:\\\/\\\/www.biopapa.lt\\\/en\\\/produktas\\\/soap-amaranth-scrub-100g\\\/#breadcrumb\",\"itemListElement\":[{\"@type\":\"ListItem\",\"position\":1,\"name\":\"Home\",\"item\":\"https:\\\/\\\/www.biopapa.lt\\\/en\\\/\"},{\"@type\":\"ListItem\",\"position\":2,\"name\":\"Shop\",\"item\":\"https:\\\/\\\/www.biopapa.lt\\\/en\\\/shop\\\/\"},{\"@type\":\"ListItem\",\"position\":3,\"name\":\"Soap \u201cAmaranth scrub\u201d (~100g)\"}]},{\"@type\":\"WebSite\",\"@id\":\"https:\\\/\\\/www.biopapa.lt\\\/#website\",\"url\":\"https:\\\/\\\/www.biopapa.lt\\\/\",\"name\":\"Biopapa\",\"description\":\"\u0160var\u016bs ekologi\u0161ki produktai\",\"publisher\":{\"@id\":\"https:\\\/\\\/www.biopapa.lt\\\/#organization\"},\"potentialAction\":[{\"@type\":\"SearchAction\",\"target\":{\"@type\":\"EntryPoint\",\"urlTemplate\":\"https:\\\/\\\/www.biopapa.lt\\\/?s={search_term_string}\"},\"query-input\":{\"@type\":\"PropertyValueSpecification\",\"valueRequired\":true,\"valueName\":\"search_term_string\"}}],\"inLanguage\":\"en-US\"},{\"@type\":\"Organization\",\"@id\":\"https:\\\/\\\/www.biopapa.lt\\\/#organization\",\"name\":\"Biopapa\",\"url\":\"https:\\\/\\\/www.biopapa.lt\\\/\",\"logo\":{\"@type\":\"ImageObject\",\"inLanguage\":\"en-US\",\"@id\":\"https:\\\/\\\/www.biopapa.lt\\\/#\\\/schema\\\/logo\\\/image\\\/\",\"url\":\"https:\\\/\\\/www.biopapa.lt\\\/wp-content\\\/uploads\\\/2022\\\/04\\\/facebook_biopapa.jpg\",\"contentUrl\":\"https:\\\/\\\/www.biopapa.lt\\\/wp-content\\\/uploads\\\/2022\\\/04\\\/facebook_biopapa.jpg\",\"width\":1733,\"height\":907,\"caption\":\"Biopapa\"},\"image\":{\"@id\":\"https:\\\/\\\/www.biopapa.lt\\\/#\\\/schema\\\/logo\\\/image\\\/\"},\"sameAs\":[\"https:\\\/\\\/www.facebook.com\\\/biopapa.lt\"]}]}<\/script>\n<!-- \/ Yoast SEO plugin. -->","yoast_head_json":{"title":"Soap \u201cAmaranth scrub\u201d (~100g) - Biopapa","description":"\u201cAmaranth scrub\u201d is a natural soap made with Lithuanian amaranth seeds. This soap can be used instead of a sponge, as it is a scrubbing soap that gives a gentle, pleasant scrubbing.","robots":{"index":"index","follow":"follow","max-snippet":"max-snippet:-1","max-image-preview":"max-image-preview:large","max-video-preview":"max-video-preview:-1"},"canonical":"https:\/\/www.biopapa.lt\/en\/produktas\/soap-amaranth-scrub-100g\/","og_locale":"en_US","og_type":"article","og_title":"Soap \u201cAmaranth scrub\u201d (~100g) - Biopapa","og_description":"\u201cAmaranth scrub\u201d is a natural soap made with Lithuanian amaranth seeds. This soap can be used instead of a sponge, as it is a scrubbing soap that gives a gentle, pleasant scrubbing.","og_url":"https:\/\/www.biopapa.lt\/en\/produktas\/soap-amaranth-scrub-100g\/","og_site_name":"Biopapa","article_publisher":"https:\/\/www.facebook.com\/biopapa.lt","article_modified_time":"2026-03-07T23:07:02+00:00","og_image":[{"width":800,"height":640,"url":"https:\/\/www.biopapa.lt\/wp-content\/uploads\/2023\/07\/kazkoks-muilas-800x640-2.png","type":"image\/png"}],"twitter_card":"summary_large_image","schema":{"@context":"https:\/\/schema.org","@graph":[{"@type":"WebPage","@id":"https:\/\/www.biopapa.lt\/en\/produktas\/soap-amaranth-scrub-100g\/","url":"https:\/\/www.biopapa.lt\/en\/produktas\/soap-amaranth-scrub-100g\/","name":"Soap \u201cAmaranth scrub\u201d (~100g) - Biopapa","isPartOf":{"@id":"https:\/\/www.biopapa.lt\/#website"},"primaryImageOfPage":{"@id":"https:\/\/www.biopapa.lt\/en\/produktas\/soap-amaranth-scrub-100g\/#primaryimage"},"image":{"@id":"https:\/\/www.biopapa.lt\/en\/produktas\/soap-amaranth-scrub-100g\/#primaryimage"},"thumbnailUrl":"https:\/\/www.biopapa.lt\/wp-content\/uploads\/2025\/05\/Muilas-Burnocio-seklu-sveistukas-100g.png","datePublished":"2025-05-28T12:07:30+00:00","dateModified":"2026-03-07T23:07:02+00:00","description":"\u201cAmaranth scrub\u201d is a natural soap made with Lithuanian amaranth seeds. This soap can be used instead of a sponge, as it is a scrubbing soap that gives a gentle, pleasant scrubbing.","breadcrumb":{"@id":"https:\/\/www.biopapa.lt\/en\/produktas\/soap-amaranth-scrub-100g\/#breadcrumb"},"inLanguage":"en-US","potentialAction":[{"@type":"ReadAction","target":["https:\/\/www.biopapa.lt\/en\/produktas\/soap-amaranth-scrub-100g\/"]}]},{"@type":"ImageObject","inLanguage":"en-US","@id":"https:\/\/www.biopapa.lt\/en\/produktas\/soap-amaranth-scrub-100g\/#primaryimage","url":"https:\/\/www.biopapa.lt\/wp-content\/uploads\/2025\/05\/Muilas-Burnocio-seklu-sveistukas-100g.png","contentUrl":"https:\/\/www.biopapa.lt\/wp-content\/uploads\/2025\/05\/Muilas-Burnocio-seklu-sveistukas-100g.png","width":800,"height":640},{"@type":"BreadcrumbList","@id":"https:\/\/www.biopapa.lt\/en\/produktas\/soap-amaranth-scrub-100g\/#breadcrumb","itemListElement":[{"@type":"ListItem","position":1,"name":"Home","item":"https:\/\/www.biopapa.lt\/en\/"},{"@type":"ListItem","position":2,"name":"Shop","item":"https:\/\/www.biopapa.lt\/en\/shop\/"},{"@type":"ListItem","position":3,"name":"Soap \u201cAmaranth scrub\u201d (~100g)"}]},{"@type":"WebSite","@id":"https:\/\/www.biopapa.lt\/#website","url":"https:\/\/www.biopapa.lt\/","name":"Biopapa","description":"\u0160var\u016bs ekologi\u0161ki produktai","publisher":{"@id":"https:\/\/www.biopapa.lt\/#organization"},"potentialAction":[{"@type":"SearchAction","target":{"@type":"EntryPoint","urlTemplate":"https:\/\/www.biopapa.lt\/?s={search_term_string}"},"query-input":{"@type":"PropertyValueSpecification","valueRequired":true,"valueName":"search_term_string"}}],"inLanguage":"en-US"},{"@type":"Organization","@id":"https:\/\/www.biopapa.lt\/#organization","name":"Biopapa","url":"https:\/\/www.biopapa.lt\/","logo":{"@type":"ImageObject","inLanguage":"en-US","@id":"https:\/\/www.biopapa.lt\/#\/schema\/logo\/image\/","url":"https:\/\/www.biopapa.lt\/wp-content\/uploads\/2022\/04\/facebook_biopapa.jpg","contentUrl":"https:\/\/www.biopapa.lt\/wp-content\/uploads\/2022\/04\/facebook_biopapa.jpg","width":1733,"height":907,"caption":"Biopapa"},"image":{"@id":"https:\/\/www.biopapa.lt\/#\/schema\/logo\/image\/"},"sameAs":["https:\/\/www.facebook.com\/biopapa.lt"]}]}},"_links":{"self":[{"href":"https:\/\/www.biopapa.lt\/en\/wp-json\/wp\/v2\/product\/125627","targetHints":{"allow":["GET"]}}],"collection":[{"href":"https:\/\/www.biopapa.lt\/en\/wp-json\/wp\/v2\/product"}],"about":[{"href":"https:\/\/www.biopapa.lt\/en\/wp-json\/wp\/v2\/types\/product"}],"wp:featuredmedia":[{"embeddable":true,"href":"https:\/\/www.biopapa.lt\/en\/wp-json\/wp\/v2\/media\/125635"}],"wp:attachment":[{"href":"https:\/\/www.biopapa.lt\/en\/wp-json\/wp\/v2\/media?parent=125627"}],"wp:term":[{"taxonomy":"product_brand","embeddable":true,"href":"https:\/\/www.biopapa.lt\/en\/wp-json\/wp\/v2\/product_brand?post=125627"},{"taxonomy":"product_cat","embeddable":true,"href":"https:\/\/www.biopapa.lt\/en\/wp-json\/wp\/v2\/product_cat?post=125627"},{"taxonomy":"product_tag","embeddable":true,"href":"https:\/\/www.biopapa.lt\/en\/wp-json\/wp\/v2\/product_tag?post=125627"}],"curies":[{"name":"wp","href":"https:\/\/api.w.org\/{rel}","templated":true}]}}