{"id":124427,"date":"2025-04-29T21:12:46","date_gmt":"2025-04-29T18:12:46","guid":{"rendered":"https:\/\/www.biopapa.lt\/produktas\/biopapa-gift-voucher-2\/"},"modified":"2025-08-25T09:22:11","modified_gmt":"2025-08-25T06:22:11","slug":"biopapa-gift-voucher-2","status":"publish","type":"product","link":"https:\/\/www.biopapa.lt\/en\/produktas\/biopapa-gift-voucher-2\/","title":{"rendered":"Biopapa Gift Voucher"},"content":{"rendered":"<p>Treat your family and friends to a digital Biopapa gift voucher &#8211; let them choose whatever their heart desires! As well as a wide selection of organic food, you&#8217;ll also find natural cosmetics, eco-friendly household and hygiene products.<\/p>\n<p>Once you have purchased a gift voucher, it will be emailed to you. to the email address you provide at checkout. You can also pay with a gift voucher in our physical store on Klaip\u0117dos g. 3, Vilnius, and email. at www.biopapa.lt.<\/p>\n<p>In line with the \u201czero waste\u201d principle, please do not print your gift voucher.<\/p>\n<p>You can buy a gift voucher from \u20ac10 to \u20ac500. If you don&#8217;t find the amount you want among the gift vouchers, please contact us and we will add it for you.<\/p>\n<p><strong>The gift voucher is valid for one year from the date of purchase.<\/strong><\/p>\n<p><strong>Gift vouchers are non-refundable and do not qualify for discounts.<\/strong><\/p>\n","protected":false},"excerpt":{"rendered":"<p>Treat your family and friends to a digital Biopapa gift voucher &#8211; let them choose whatever their heart desires! As<\/p>\n","protected":false},"featured_media":217101,"template":"","meta":{"_acf_changed":false},"product_brand":[],"product_cat":[1846,2374],"product_tag":[],"class_list":{"0":"post-124427","1":"product","2":"type-product","3":"status-publish","4":"has-post-thumbnail","6":"product_cat-gift-vouchers","7":"product_cat-gifts-en","9":"first","10":"instock","11":"shipping-taxable","12":"product-type-variable"},"acf":[],"yoast_head":"<!-- This site is optimized with the Yoast SEO plugin v27.5 - https:\/\/yoast.com\/product\/yoast-seo-wordpress\/ -->\n<title>Biopapa Gift Voucher - Biopapa<\/title>\n<meta name=\"description\" content=\"Treat your family and friends to a digital Biopapa gift voucher - let them choose whatever their heart desires!\" \/>\n<meta name=\"robots\" content=\"index, follow, max-snippet:-1, max-image-preview:large, max-video-preview:-1\" \/>\n<link rel=\"canonical\" href=\"https:\/\/www.biopapa.lt\/en\/produktas\/biopapa-gift-voucher-2\/\" \/>\n<meta property=\"og:locale\" content=\"en_US\" \/>\n<meta property=\"og:type\" content=\"article\" \/>\n<meta property=\"og:title\" content=\"Biopapa Gift Voucher - Biopapa\" \/>\n<meta property=\"og:description\" content=\"Treat your family and friends to a digital Biopapa gift voucher - let them choose whatever their heart desires!\" \/>\n<meta property=\"og:url\" content=\"https:\/\/www.biopapa.lt\/en\/produktas\/biopapa-gift-voucher-2\/\" \/>\n<meta property=\"og:site_name\" content=\"Biopapa\" \/>\n<meta property=\"article:publisher\" content=\"https:\/\/www.facebook.com\/biopapa.lt\" \/>\n<meta property=\"article:modified_time\" content=\"2025-08-25T06:22:11+00:00\" \/>\n<meta property=\"og:image\" content=\"https:\/\/www.biopapa.lt\/wp-content\/uploads\/2021\/10\/zaliuomenes-dovanu-cekis.jpg\" \/>\n\t<meta property=\"og:image:width\" content=\"570\" \/>\n\t<meta property=\"og:image:height\" content=\"456\" \/>\n\t<meta property=\"og:image:type\" content=\"image\/jpeg\" \/>\n<meta name=\"twitter:card\" content=\"summary_large_image\" \/>\n<script type=\"application\/ld+json\" class=\"yoast-schema-graph\">{\"@context\":\"https:\\\/\\\/schema.org\",\"@graph\":[{\"@type\":\"WebPage\",\"@id\":\"https:\\\/\\\/www.biopapa.lt\\\/en\\\/produktas\\\/biopapa-gift-voucher-2\\\/\",\"url\":\"https:\\\/\\\/www.biopapa.lt\\\/en\\\/produktas\\\/biopapa-gift-voucher-2\\\/\",\"name\":\"Biopapa Gift Voucher - Biopapa\",\"isPartOf\":{\"@id\":\"https:\\\/\\\/www.biopapa.lt\\\/#website\"},\"primaryImageOfPage\":{\"@id\":\"https:\\\/\\\/www.biopapa.lt\\\/en\\\/produktas\\\/biopapa-gift-voucher-2\\\/#primaryimage\"},\"image\":{\"@id\":\"https:\\\/\\\/www.biopapa.lt\\\/en\\\/produktas\\\/biopapa-gift-voucher-2\\\/#primaryimage\"},\"thumbnailUrl\":\"https:\\\/\\\/www.biopapa.lt\\\/wp-content\\\/uploads\\\/2025\\\/04\\\/Biopapa-dovanu-kuponas.png\",\"datePublished\":\"2025-04-29T18:12:46+00:00\",\"dateModified\":\"2025-08-25T06:22:11+00:00\",\"description\":\"Treat your family and friends to a digital Biopapa gift voucher - let them choose whatever their heart desires!\",\"breadcrumb\":{\"@id\":\"https:\\\/\\\/www.biopapa.lt\\\/en\\\/produktas\\\/biopapa-gift-voucher-2\\\/#breadcrumb\"},\"inLanguage\":\"en-US\",\"potentialAction\":[{\"@type\":\"ReadAction\",\"target\":[\"https:\\\/\\\/www.biopapa.lt\\\/en\\\/produktas\\\/biopapa-gift-voucher-2\\\/\"]}]},{\"@type\":\"ImageObject\",\"inLanguage\":\"en-US\",\"@id\":\"https:\\\/\\\/www.biopapa.lt\\\/en\\\/produktas\\\/biopapa-gift-voucher-2\\\/#primaryimage\",\"url\":\"https:\\\/\\\/www.biopapa.lt\\\/wp-content\\\/uploads\\\/2025\\\/04\\\/Biopapa-dovanu-kuponas.png\",\"contentUrl\":\"https:\\\/\\\/www.biopapa.lt\\\/wp-content\\\/uploads\\\/2025\\\/04\\\/Biopapa-dovanu-kuponas.png\",\"width\":800,\"height\":640},{\"@type\":\"BreadcrumbList\",\"@id\":\"https:\\\/\\\/www.biopapa.lt\\\/en\\\/produktas\\\/biopapa-gift-voucher-2\\\/#breadcrumb\",\"itemListElement\":[{\"@type\":\"ListItem\",\"position\":1,\"name\":\"Home\",\"item\":\"https:\\\/\\\/www.biopapa.lt\\\/en\\\/\"},{\"@type\":\"ListItem\",\"position\":2,\"name\":\"Shop\",\"item\":\"https:\\\/\\\/www.biopapa.lt\\\/en\\\/shop\\\/\"},{\"@type\":\"ListItem\",\"position\":3,\"name\":\"Biopapa Gift Voucher\"}]},{\"@type\":\"WebSite\",\"@id\":\"https:\\\/\\\/www.biopapa.lt\\\/#website\",\"url\":\"https:\\\/\\\/www.biopapa.lt\\\/\",\"name\":\"Biopapa\",\"description\":\"\u0160var\u016bs ekologi\u0161ki produktai\",\"publisher\":{\"@id\":\"https:\\\/\\\/www.biopapa.lt\\\/#organization\"},\"potentialAction\":[{\"@type\":\"SearchAction\",\"target\":{\"@type\":\"EntryPoint\",\"urlTemplate\":\"https:\\\/\\\/www.biopapa.lt\\\/?s={search_term_string}\"},\"query-input\":{\"@type\":\"PropertyValueSpecification\",\"valueRequired\":true,\"valueName\":\"search_term_string\"}}],\"inLanguage\":\"en-US\"},{\"@type\":\"Organization\",\"@id\":\"https:\\\/\\\/www.biopapa.lt\\\/#organization\",\"name\":\"Biopapa\",\"url\":\"https:\\\/\\\/www.biopapa.lt\\\/\",\"logo\":{\"@type\":\"ImageObject\",\"inLanguage\":\"en-US\",\"@id\":\"https:\\\/\\\/www.biopapa.lt\\\/#\\\/schema\\\/logo\\\/image\\\/\",\"url\":\"https:\\\/\\\/www.biopapa.lt\\\/wp-content\\\/uploads\\\/2022\\\/04\\\/facebook_biopapa.jpg\",\"contentUrl\":\"https:\\\/\\\/www.biopapa.lt\\\/wp-content\\\/uploads\\\/2022\\\/04\\\/facebook_biopapa.jpg\",\"width\":1733,\"height\":907,\"caption\":\"Biopapa\"},\"image\":{\"@id\":\"https:\\\/\\\/www.biopapa.lt\\\/#\\\/schema\\\/logo\\\/image\\\/\"},\"sameAs\":[\"https:\\\/\\\/www.facebook.com\\\/biopapa.lt\"]}]}<\/script>\n<!-- \/ Yoast SEO plugin. -->","yoast_head_json":{"title":"Biopapa Gift Voucher - Biopapa","description":"Treat your family and friends to a digital Biopapa gift voucher - let them choose whatever their heart desires!","robots":{"index":"index","follow":"follow","max-snippet":"max-snippet:-1","max-image-preview":"max-image-preview:large","max-video-preview":"max-video-preview:-1"},"canonical":"https:\/\/www.biopapa.lt\/en\/produktas\/biopapa-gift-voucher-2\/","og_locale":"en_US","og_type":"article","og_title":"Biopapa Gift Voucher - Biopapa","og_description":"Treat your family and friends to a digital Biopapa gift voucher - let them choose whatever their heart desires!","og_url":"https:\/\/www.biopapa.lt\/en\/produktas\/biopapa-gift-voucher-2\/","og_site_name":"Biopapa","article_publisher":"https:\/\/www.facebook.com\/biopapa.lt","article_modified_time":"2025-08-25T06:22:11+00:00","og_image":[{"width":570,"height":456,"url":"https:\/\/www.biopapa.lt\/wp-content\/uploads\/2021\/10\/zaliuomenes-dovanu-cekis.jpg","type":"image\/jpeg"}],"twitter_card":"summary_large_image","schema":{"@context":"https:\/\/schema.org","@graph":[{"@type":"WebPage","@id":"https:\/\/www.biopapa.lt\/en\/produktas\/biopapa-gift-voucher-2\/","url":"https:\/\/www.biopapa.lt\/en\/produktas\/biopapa-gift-voucher-2\/","name":"Biopapa Gift Voucher - Biopapa","isPartOf":{"@id":"https:\/\/www.biopapa.lt\/#website"},"primaryImageOfPage":{"@id":"https:\/\/www.biopapa.lt\/en\/produktas\/biopapa-gift-voucher-2\/#primaryimage"},"image":{"@id":"https:\/\/www.biopapa.lt\/en\/produktas\/biopapa-gift-voucher-2\/#primaryimage"},"thumbnailUrl":"https:\/\/www.biopapa.lt\/wp-content\/uploads\/2025\/04\/Biopapa-dovanu-kuponas.png","datePublished":"2025-04-29T18:12:46+00:00","dateModified":"2025-08-25T06:22:11+00:00","description":"Treat your family and friends to a digital Biopapa gift voucher - let them choose whatever their heart desires!","breadcrumb":{"@id":"https:\/\/www.biopapa.lt\/en\/produktas\/biopapa-gift-voucher-2\/#breadcrumb"},"inLanguage":"en-US","potentialAction":[{"@type":"ReadAction","target":["https:\/\/www.biopapa.lt\/en\/produktas\/biopapa-gift-voucher-2\/"]}]},{"@type":"ImageObject","inLanguage":"en-US","@id":"https:\/\/www.biopapa.lt\/en\/produktas\/biopapa-gift-voucher-2\/#primaryimage","url":"https:\/\/www.biopapa.lt\/wp-content\/uploads\/2025\/04\/Biopapa-dovanu-kuponas.png","contentUrl":"https:\/\/www.biopapa.lt\/wp-content\/uploads\/2025\/04\/Biopapa-dovanu-kuponas.png","width":800,"height":640},{"@type":"BreadcrumbList","@id":"https:\/\/www.biopapa.lt\/en\/produktas\/biopapa-gift-voucher-2\/#breadcrumb","itemListElement":[{"@type":"ListItem","position":1,"name":"Home","item":"https:\/\/www.biopapa.lt\/en\/"},{"@type":"ListItem","position":2,"name":"Shop","item":"https:\/\/www.biopapa.lt\/en\/shop\/"},{"@type":"ListItem","position":3,"name":"Biopapa Gift Voucher"}]},{"@type":"WebSite","@id":"https:\/\/www.biopapa.lt\/#website","url":"https:\/\/www.biopapa.lt\/","name":"Biopapa","description":"\u0160var\u016bs ekologi\u0161ki produktai","publisher":{"@id":"https:\/\/www.biopapa.lt\/#organization"},"potentialAction":[{"@type":"SearchAction","target":{"@type":"EntryPoint","urlTemplate":"https:\/\/www.biopapa.lt\/?s={search_term_string}"},"query-input":{"@type":"PropertyValueSpecification","valueRequired":true,"valueName":"search_term_string"}}],"inLanguage":"en-US"},{"@type":"Organization","@id":"https:\/\/www.biopapa.lt\/#organization","name":"Biopapa","url":"https:\/\/www.biopapa.lt\/","logo":{"@type":"ImageObject","inLanguage":"en-US","@id":"https:\/\/www.biopapa.lt\/#\/schema\/logo\/image\/","url":"https:\/\/www.biopapa.lt\/wp-content\/uploads\/2022\/04\/facebook_biopapa.jpg","contentUrl":"https:\/\/www.biopapa.lt\/wp-content\/uploads\/2022\/04\/facebook_biopapa.jpg","width":1733,"height":907,"caption":"Biopapa"},"image":{"@id":"https:\/\/www.biopapa.lt\/#\/schema\/logo\/image\/"},"sameAs":["https:\/\/www.facebook.com\/biopapa.lt"]}]}},"_links":{"self":[{"href":"https:\/\/www.biopapa.lt\/en\/wp-json\/wp\/v2\/product\/124427","targetHints":{"allow":["GET"]}}],"collection":[{"href":"https:\/\/www.biopapa.lt\/en\/wp-json\/wp\/v2\/product"}],"about":[{"href":"https:\/\/www.biopapa.lt\/en\/wp-json\/wp\/v2\/types\/product"}],"wp:featuredmedia":[{"embeddable":true,"href":"https:\/\/www.biopapa.lt\/en\/wp-json\/wp\/v2\/media\/217101"}],"wp:attachment":[{"href":"https:\/\/www.biopapa.lt\/en\/wp-json\/wp\/v2\/media?parent=124427"}],"wp:term":[{"taxonomy":"product_brand","embeddable":true,"href":"https:\/\/www.biopapa.lt\/en\/wp-json\/wp\/v2\/product_brand?post=124427"},{"taxonomy":"product_cat","embeddable":true,"href":"https:\/\/www.biopapa.lt\/en\/wp-json\/wp\/v2\/product_cat?post=124427"},{"taxonomy":"product_tag","embeddable":true,"href":"https:\/\/www.biopapa.lt\/en\/wp-json\/wp\/v2\/product_tag?post=124427"}],"curies":[{"name":"wp","href":"https:\/\/api.w.org\/{rel}","templated":true}]}}