{"id":115324,"date":"2025-05-07T10:18:52","date_gmt":"2025-05-07T07:18:52","guid":{"rendered":"https:\/\/www.biopapa.lt\/?post_type=product&#038;p=115324"},"modified":"2026-03-08T01:06:05","modified_gmt":"2026-03-07T23:06:05","slug":"organic-hair-colour-natural-copper","status":"publish","type":"product","link":"https:\/\/www.biopapa.lt\/en\/produktas\/organic-hair-colour-natural-copper\/","title":{"rendered":"Organic hair colour Natural Copper"},"content":{"rendered":"<p><strong>Organic Hair Colour Natural Copper<br \/>\n<\/strong>A natural golden copper shade that enhances the natural colour of your hair, giving it shine and lustre.<br \/>\nThis natural hair colour blends in with your natural hair colour. As they are chemical-free, they do not lighten the hair. Recommended for light blonde to light brown hair.  <\/p>\n<p><strong>Benefits:<\/strong><br \/>\nNatural results<br \/>\nHealthy and shiny hair<br \/>\nCoats and protects hair fibres<br \/>\nPerfect coverage of grey hair<br \/>\nBiodegradable and vegan formula<br \/>\nThe colour results shown are indicative only and may vary depending on hair type and previous colouring.<\/p>\n<p><strong>The kit contains:<br \/>\n<\/strong>One 100g packet of vegetable powder<br \/>\nOne pair of gloves made of bioplastic<br \/>\nOne cap made of bioplastic<br \/>\n1 thermometer<br \/>\n= one application for long hair or two applications for short hair.<\/p>\n<p><strong>Instructions for use:<\/strong><br \/>\nRINSE AND DRY YOUR HAIR WITH A HANDBRAND<br \/>\nMIX the vegetable powder with warm water<br \/>\nAPPLY one strand at a time on the hair (or only on the roots if you are updos)<br \/>\nLEAVE ON for 30 min.<br \/>\nRINSE OFF until the water is completely clear<\/p>\n<p>Wait at least 48 hours before using the shampoo, during which time the pigments will react with the air and bind to the hair. The final colour will develop within two days. <\/p>\n<p><strong>Note: <\/strong>The colour results are indicative. The final shade may vary depending on hair type and previous colouring. <\/p>\n<p><strong>Certified COSMOS ORGANIC according to the COSMOS standard approved by Ecocert Greenlife<\/strong><\/p>\n<p>Colouring your hair with vegetable dyes can take time &#8211; why?<br \/>\nNatural plant pigments react slowly. They activate on contact with water and surround the hair cuticle, coating the surface of the hair. Unlike conventional chemical dyes, vegetable pigments do not damage or weaken the hair &#8211; on the contrary, they protect and strengthen it.  <\/p>\n<p><strong>Your hair will thank you!<\/strong><\/p>\n","protected":false},"excerpt":{"rendered":"<p>Organic Hair Colour Natural Copper A natural golden copper shade that enhances the natural colour of your hair, giving it<\/p>\n","protected":false},"featured_media":115350,"template":"","meta":{"_acf_changed":false},"product_brand":[],"product_cat":[1962,1969,2626],"product_tag":[2070,2088],"class_list":{"0":"post-115324","1":"product","2":"type-product","3":"status-publish","4":"has-post-thumbnail","6":"product_cat-beauty-and-hygiene","7":"product_cat-hair-care","8":"product_cat-organic-hair-colour","9":"product_tag-hair-care","10":"product_tag-vegan","12":"first","13":"instock","14":"shipping-taxable","15":"purchasable","16":"product-type-simple"},"acf":[],"yoast_head":"<!-- This site is optimized with the Yoast SEO plugin v27.5 - https:\/\/yoast.com\/product\/yoast-seo-wordpress\/ -->\n<title>Organic hair colour Natural Copper - Biopapa<\/title>\n<meta name=\"description\" content=\"Natural Copper Organic Hair Colour - 6 botanicals and nothing else - certified 100% organic - perfect coverage of grey hair - vegan\" \/>\n<meta name=\"robots\" content=\"index, follow, max-snippet:-1, max-image-preview:large, max-video-preview:-1\" \/>\n<link rel=\"canonical\" href=\"https:\/\/www.biopapa.lt\/en\/produktas\/organic-hair-colour-natural-copper\/\" \/>\n<meta property=\"og:locale\" content=\"en_US\" \/>\n<meta property=\"og:type\" content=\"article\" \/>\n<meta property=\"og:title\" content=\"Organic hair colour Natural Copper - Biopapa\" \/>\n<meta property=\"og:description\" content=\"Natural Copper Organic Hair Colour - 6 botanicals and nothing else - certified 100% organic - perfect coverage of grey hair - vegan\" \/>\n<meta property=\"og:url\" content=\"https:\/\/www.biopapa.lt\/en\/produktas\/organic-hair-colour-natural-copper\/\" \/>\n<meta property=\"og:site_name\" content=\"Biopapa\" \/>\n<meta property=\"article:publisher\" content=\"https:\/\/www.facebook.com\/biopapa.lt\" \/>\n<meta property=\"article:modified_time\" content=\"2026-03-07T23:06:05+00:00\" \/>\n<meta property=\"og:image\" content=\"https:\/\/www.biopapa.lt\/wp-content\/uploads\/2025\/05\/Ekologiski-plauku-dazai-Natural-Copper.png\" \/>\n\t<meta property=\"og:image:width\" content=\"800\" \/>\n\t<meta property=\"og:image:height\" content=\"640\" \/>\n\t<meta property=\"og:image:type\" content=\"image\/png\" \/>\n<meta name=\"twitter:card\" content=\"summary_large_image\" \/>\n<script type=\"application\/ld+json\" class=\"yoast-schema-graph\">{\"@context\":\"https:\\\/\\\/schema.org\",\"@graph\":[{\"@type\":\"WebPage\",\"@id\":\"https:\\\/\\\/www.biopapa.lt\\\/en\\\/produktas\\\/organic-hair-colour-natural-copper\\\/\",\"url\":\"https:\\\/\\\/www.biopapa.lt\\\/en\\\/produktas\\\/organic-hair-colour-natural-copper\\\/\",\"name\":\"Organic hair colour Natural Copper - Biopapa\",\"isPartOf\":{\"@id\":\"https:\\\/\\\/www.biopapa.lt\\\/#website\"},\"primaryImageOfPage\":{\"@id\":\"https:\\\/\\\/www.biopapa.lt\\\/en\\\/produktas\\\/organic-hair-colour-natural-copper\\\/#primaryimage\"},\"image\":{\"@id\":\"https:\\\/\\\/www.biopapa.lt\\\/en\\\/produktas\\\/organic-hair-colour-natural-copper\\\/#primaryimage\"},\"thumbnailUrl\":\"https:\\\/\\\/www.biopapa.lt\\\/wp-content\\\/uploads\\\/2025\\\/05\\\/Ekologiski-plauku-dazai-Natural-Copper.png\",\"datePublished\":\"2025-05-07T07:18:52+00:00\",\"dateModified\":\"2026-03-07T23:06:05+00:00\",\"description\":\"Natural Copper Organic Hair Colour - 6 botanicals and nothing else - certified 100% organic - perfect coverage of grey hair - vegan\",\"breadcrumb\":{\"@id\":\"https:\\\/\\\/www.biopapa.lt\\\/en\\\/produktas\\\/organic-hair-colour-natural-copper\\\/#breadcrumb\"},\"inLanguage\":\"en-US\",\"potentialAction\":[{\"@type\":\"ReadAction\",\"target\":[\"https:\\\/\\\/www.biopapa.lt\\\/en\\\/produktas\\\/organic-hair-colour-natural-copper\\\/\"]}]},{\"@type\":\"ImageObject\",\"inLanguage\":\"en-US\",\"@id\":\"https:\\\/\\\/www.biopapa.lt\\\/en\\\/produktas\\\/organic-hair-colour-natural-copper\\\/#primaryimage\",\"url\":\"https:\\\/\\\/www.biopapa.lt\\\/wp-content\\\/uploads\\\/2025\\\/05\\\/Ekologiski-plauku-dazai-Natural-Copper.png\",\"contentUrl\":\"https:\\\/\\\/www.biopapa.lt\\\/wp-content\\\/uploads\\\/2025\\\/05\\\/Ekologiski-plauku-dazai-Natural-Copper.png\",\"width\":800,\"height\":640},{\"@type\":\"BreadcrumbList\",\"@id\":\"https:\\\/\\\/www.biopapa.lt\\\/en\\\/produktas\\\/organic-hair-colour-natural-copper\\\/#breadcrumb\",\"itemListElement\":[{\"@type\":\"ListItem\",\"position\":1,\"name\":\"Home\",\"item\":\"https:\\\/\\\/www.biopapa.lt\\\/en\\\/\"},{\"@type\":\"ListItem\",\"position\":2,\"name\":\"Shop\",\"item\":\"https:\\\/\\\/www.biopapa.lt\\\/en\\\/shop\\\/\"},{\"@type\":\"ListItem\",\"position\":3,\"name\":\"Organic hair colour Natural Copper\"}]},{\"@type\":\"WebSite\",\"@id\":\"https:\\\/\\\/www.biopapa.lt\\\/#website\",\"url\":\"https:\\\/\\\/www.biopapa.lt\\\/\",\"name\":\"Biopapa\",\"description\":\"\u0160var\u016bs ekologi\u0161ki produktai\",\"publisher\":{\"@id\":\"https:\\\/\\\/www.biopapa.lt\\\/#organization\"},\"potentialAction\":[{\"@type\":\"SearchAction\",\"target\":{\"@type\":\"EntryPoint\",\"urlTemplate\":\"https:\\\/\\\/www.biopapa.lt\\\/?s={search_term_string}\"},\"query-input\":{\"@type\":\"PropertyValueSpecification\",\"valueRequired\":true,\"valueName\":\"search_term_string\"}}],\"inLanguage\":\"en-US\"},{\"@type\":\"Organization\",\"@id\":\"https:\\\/\\\/www.biopapa.lt\\\/#organization\",\"name\":\"Biopapa\",\"url\":\"https:\\\/\\\/www.biopapa.lt\\\/\",\"logo\":{\"@type\":\"ImageObject\",\"inLanguage\":\"en-US\",\"@id\":\"https:\\\/\\\/www.biopapa.lt\\\/#\\\/schema\\\/logo\\\/image\\\/\",\"url\":\"https:\\\/\\\/www.biopapa.lt\\\/wp-content\\\/uploads\\\/2022\\\/04\\\/facebook_biopapa.jpg\",\"contentUrl\":\"https:\\\/\\\/www.biopapa.lt\\\/wp-content\\\/uploads\\\/2022\\\/04\\\/facebook_biopapa.jpg\",\"width\":1733,\"height\":907,\"caption\":\"Biopapa\"},\"image\":{\"@id\":\"https:\\\/\\\/www.biopapa.lt\\\/#\\\/schema\\\/logo\\\/image\\\/\"},\"sameAs\":[\"https:\\\/\\\/www.facebook.com\\\/biopapa.lt\"]}]}<\/script>\n<!-- \/ Yoast SEO plugin. -->","yoast_head_json":{"title":"Organic hair colour Natural Copper - Biopapa","description":"Natural Copper Organic Hair Colour - 6 botanicals and nothing else - certified 100% organic - perfect coverage of grey hair - vegan","robots":{"index":"index","follow":"follow","max-snippet":"max-snippet:-1","max-image-preview":"max-image-preview:large","max-video-preview":"max-video-preview:-1"},"canonical":"https:\/\/www.biopapa.lt\/en\/produktas\/organic-hair-colour-natural-copper\/","og_locale":"en_US","og_type":"article","og_title":"Organic hair colour Natural Copper - Biopapa","og_description":"Natural Copper Organic Hair Colour - 6 botanicals and nothing else - certified 100% organic - perfect coverage of grey hair - vegan","og_url":"https:\/\/www.biopapa.lt\/en\/produktas\/organic-hair-colour-natural-copper\/","og_site_name":"Biopapa","article_publisher":"https:\/\/www.facebook.com\/biopapa.lt","article_modified_time":"2026-03-07T23:06:05+00:00","og_image":[{"width":800,"height":640,"url":"https:\/\/www.biopapa.lt\/wp-content\/uploads\/2025\/05\/Ekologiski-plauku-dazai-Natural-Copper.png","type":"image\/png"}],"twitter_card":"summary_large_image","schema":{"@context":"https:\/\/schema.org","@graph":[{"@type":"WebPage","@id":"https:\/\/www.biopapa.lt\/en\/produktas\/organic-hair-colour-natural-copper\/","url":"https:\/\/www.biopapa.lt\/en\/produktas\/organic-hair-colour-natural-copper\/","name":"Organic hair colour Natural Copper - Biopapa","isPartOf":{"@id":"https:\/\/www.biopapa.lt\/#website"},"primaryImageOfPage":{"@id":"https:\/\/www.biopapa.lt\/en\/produktas\/organic-hair-colour-natural-copper\/#primaryimage"},"image":{"@id":"https:\/\/www.biopapa.lt\/en\/produktas\/organic-hair-colour-natural-copper\/#primaryimage"},"thumbnailUrl":"https:\/\/www.biopapa.lt\/wp-content\/uploads\/2025\/05\/Ekologiski-plauku-dazai-Natural-Copper.png","datePublished":"2025-05-07T07:18:52+00:00","dateModified":"2026-03-07T23:06:05+00:00","description":"Natural Copper Organic Hair Colour - 6 botanicals and nothing else - certified 100% organic - perfect coverage of grey hair - vegan","breadcrumb":{"@id":"https:\/\/www.biopapa.lt\/en\/produktas\/organic-hair-colour-natural-copper\/#breadcrumb"},"inLanguage":"en-US","potentialAction":[{"@type":"ReadAction","target":["https:\/\/www.biopapa.lt\/en\/produktas\/organic-hair-colour-natural-copper\/"]}]},{"@type":"ImageObject","inLanguage":"en-US","@id":"https:\/\/www.biopapa.lt\/en\/produktas\/organic-hair-colour-natural-copper\/#primaryimage","url":"https:\/\/www.biopapa.lt\/wp-content\/uploads\/2025\/05\/Ekologiski-plauku-dazai-Natural-Copper.png","contentUrl":"https:\/\/www.biopapa.lt\/wp-content\/uploads\/2025\/05\/Ekologiski-plauku-dazai-Natural-Copper.png","width":800,"height":640},{"@type":"BreadcrumbList","@id":"https:\/\/www.biopapa.lt\/en\/produktas\/organic-hair-colour-natural-copper\/#breadcrumb","itemListElement":[{"@type":"ListItem","position":1,"name":"Home","item":"https:\/\/www.biopapa.lt\/en\/"},{"@type":"ListItem","position":2,"name":"Shop","item":"https:\/\/www.biopapa.lt\/en\/shop\/"},{"@type":"ListItem","position":3,"name":"Organic hair colour Natural Copper"}]},{"@type":"WebSite","@id":"https:\/\/www.biopapa.lt\/#website","url":"https:\/\/www.biopapa.lt\/","name":"Biopapa","description":"\u0160var\u016bs ekologi\u0161ki produktai","publisher":{"@id":"https:\/\/www.biopapa.lt\/#organization"},"potentialAction":[{"@type":"SearchAction","target":{"@type":"EntryPoint","urlTemplate":"https:\/\/www.biopapa.lt\/?s={search_term_string}"},"query-input":{"@type":"PropertyValueSpecification","valueRequired":true,"valueName":"search_term_string"}}],"inLanguage":"en-US"},{"@type":"Organization","@id":"https:\/\/www.biopapa.lt\/#organization","name":"Biopapa","url":"https:\/\/www.biopapa.lt\/","logo":{"@type":"ImageObject","inLanguage":"en-US","@id":"https:\/\/www.biopapa.lt\/#\/schema\/logo\/image\/","url":"https:\/\/www.biopapa.lt\/wp-content\/uploads\/2022\/04\/facebook_biopapa.jpg","contentUrl":"https:\/\/www.biopapa.lt\/wp-content\/uploads\/2022\/04\/facebook_biopapa.jpg","width":1733,"height":907,"caption":"Biopapa"},"image":{"@id":"https:\/\/www.biopapa.lt\/#\/schema\/logo\/image\/"},"sameAs":["https:\/\/www.facebook.com\/biopapa.lt"]}]}},"_links":{"self":[{"href":"https:\/\/www.biopapa.lt\/en\/wp-json\/wp\/v2\/product\/115324","targetHints":{"allow":["GET"]}}],"collection":[{"href":"https:\/\/www.biopapa.lt\/en\/wp-json\/wp\/v2\/product"}],"about":[{"href":"https:\/\/www.biopapa.lt\/en\/wp-json\/wp\/v2\/types\/product"}],"wp:featuredmedia":[{"embeddable":true,"href":"https:\/\/www.biopapa.lt\/en\/wp-json\/wp\/v2\/media\/115350"}],"wp:attachment":[{"href":"https:\/\/www.biopapa.lt\/en\/wp-json\/wp\/v2\/media?parent=115324"}],"wp:term":[{"taxonomy":"product_brand","embeddable":true,"href":"https:\/\/www.biopapa.lt\/en\/wp-json\/wp\/v2\/product_brand?post=115324"},{"taxonomy":"product_cat","embeddable":true,"href":"https:\/\/www.biopapa.lt\/en\/wp-json\/wp\/v2\/product_cat?post=115324"},{"taxonomy":"product_tag","embeddable":true,"href":"https:\/\/www.biopapa.lt\/en\/wp-json\/wp\/v2\/product_tag?post=115324"}],"curies":[{"name":"wp","href":"https:\/\/api.w.org\/{rel}","templated":true}]}}