{"id":114874,"date":"2025-05-06T15:48:48","date_gmt":"2025-05-06T12:48:48","guid":{"rendered":"https:\/\/www.biopapa.lt\/?post_type=product&#038;p=114874"},"modified":"2026-03-08T01:06:05","modified_gmt":"2026-03-07T23:06:05","slug":"organic-hair-colour-espresso","status":"publish","type":"product","link":"https:\/\/www.biopapa.lt\/en\/produktas\/organic-hair-colour-espresso\/","title":{"rendered":"Organic hair colour Espresso"},"content":{"rendered":"<p><strong>Organic Hair Colour Espresso<br \/>\n<\/strong>A distinctive espresso brown shade that adds texture and shine.<br \/>\nThe kit includes a base and Espresso colour to ensure perfect coverage of grey hair in a two-step application process.<br \/>\nThis natural hair colour blends in with your natural hair colour. As they are chemical-free, they do not lighten the hair. Recommended for use on brown and dark brown hair.  <\/p>\n<p>Benefits:<br \/>\nNatural result<br \/>\nHealthy and shiny hair<br \/>\nProtects and coats the hair fibres<br \/>\nExcellent coverage of grey hair<br \/>\nBiodegradable and vegan formula<br \/>\nTip: If you have a small amount of grey hair and want a softer hazelnut shade, use the one-step method: mix 50% pigmentation base and 50% colour. This gives a softer but still even result. <\/p>\n<p>The colour results shown are indicative only and may vary depending on hair type and previous colouring.<\/p>\n<p>The kit contains:<br \/>\n2 x 100g packs of vegetable powder (repair base and colour)<br \/>\n2 pairs of gloves made of biodegradable plastic<br \/>\n2 hair caps made of biodegradable plastic<br \/>\n1 user guide<br \/>\nOne application for long hair or two applications for short hair<br \/>\n1 thermometer.<\/p>\n<p>Instructions for use:<br \/>\nWash your hair and towel dry.<br \/>\nMix the vegetable powder with warm water until it forms a smooth paste.<br \/>\nApply to your hair in batches, either all over your hair, or just at the roots if you are updos.<br \/>\nLeave on for 30 minutes.<br \/>\nRinse your hair thoroughly until the water is clear.<br \/>\nWait at least 48 hours before using shampoo to give the pigments time to react with the air and attach themselves to the hair. The final shade is visible within two days. <\/p>\n<p>YOU WILL NEED:<br \/>\nNon-metallic container<br \/>\n250 ml of hot water (approx. 60 \u00b0C &#8211; like tea: neither too hot nor too cold, never boiling)<br \/>\nPaintbrush<br \/>\nTowel<br \/>\nPair of gloves + corn starch caps (included in the kit)<\/p>\n<p>IF YOU HAVE GREY HAIR:<br \/>\nThe colour is applied in two stages (2 colourings): <strong>first the repair base (included in the kit), then the colour<\/strong>. This is an extra step, but it ensures optimum coverage of grey and light hair. <\/p>\n<p>1 &#8211; RINSE AND DRY YOUR HAIR &#8211; Rinse your hair without using conditioner. Comb through and gently blow dry. Wear gloves.  <\/p>\n<p>2 &#8211; COMBINE PLANT POWDER WITH WARM WATER &#8211; Add the right amount of powder to a bowl: 1 bag for long hair, \u00bd for medium-length hair, \u00bc for short hair or updos. Gradually add the water and stir until you have a smooth, homogeneous paste. It should be neither too runny (drips when applied) nor too thick (difficult to spread on the hair).  <\/p>\n<p>3 &#8211; RUN &#8211; Cover your shoulders with a towel. Apply in sections from the roots to the ends, using a brush. Then distribute throughout the hair (unless you are only doing a root refresh). Massage to ensure the mixture is well absorbed.   <\/p>\n<p>4 &#8211; LET IT STAY &#8211; Put on the cap and keep it on for the time indicated.<\/p>\n<p>5 &#8211; RINSE OUT WITH WATER &#8211; Put your gloves back on, take off your hat. Rinse thoroughly until the water is clear and gently dry your hair. Do not blow-dry at high temperatures.  <\/p>\n<p><strong>Wait 48 hours before the next wash<\/strong> to allow the pigments to oxidise in the air. The colour takes two days to reach its final shade. <\/p>\n<p><strong>Have grey hair?<\/strong><br \/>\nIf your hair is silky white, grey or very light blonde and you&#8217;ve chosen a darker shade, vegetable dyes work in 2 STEPS. It&#8217;s an extra step, but it ensures perfect coverage of grey and light hair. <\/p>\n<p>How does it work?<br \/>\n1 STEP 1 &#8211; Pre-pigmentation:<br \/>\nShampoo your hair<br \/>\nPrepare the mixture<br \/>\nApply the paste all over your hair<br \/>\nLeave it on for 1 hour<br \/>\nRinse with clean water (do not shampoo)<br \/>\nSTEP 2 &#8211; Colouring:<br \/>\nPrepare the colour mixture<br \/>\nApply the paste<br \/>\nHold for the specified time<br \/>\nRinse with clean water<br \/>\nApply conditioner<br \/>\nThis process allows the colour to bond more deeply with the hair and gives a uniform, long-lasting result.<br \/>\nWait at least 48 hours before shampooing to allow the pigments to react with the air and attach to the hair. The final shade is visible within two days. <\/p>\n<p><strong>Note:<\/strong> The colour results are indicative. The final shade may vary depending on hair type and previous colouring. <\/p>\n<p><strong>Certified COSMOS ORGANIC according to the COSMOS standard approved by Ecocert Greenlife<\/strong><\/p>\n<p>Colouring your hair with vegetable dyes can take time &#8211; why?<br \/>\nNatural plant pigments react slowly. They activate on contact with water and surround the hair cuticle, coating the surface of the hair. Unlike conventional chemical dyes, vegetable pigments do not damage or weaken the hair &#8211; on the contrary, they protect and strengthen it.  <\/p>\n<p><strong>Your hair will thank you!<\/strong><\/p>\n","protected":false},"excerpt":{"rendered":"<p>Organic Hair Colour Espresso A distinctive espresso brown shade that adds texture and shine. The kit includes a base and<\/p>\n","protected":false},"featured_media":114902,"template":"","meta":{"_acf_changed":false},"product_brand":[],"product_cat":[1962,1969,2626],"product_tag":[2070,2088],"class_list":{"0":"post-114874","1":"product","2":"type-product","3":"status-publish","4":"has-post-thumbnail","6":"product_cat-beauty-and-hygiene","7":"product_cat-hair-care","8":"product_cat-organic-hair-colour","9":"product_tag-hair-care","10":"product_tag-vegan","12":"first","13":"outofstock","14":"shipping-taxable","15":"purchasable","16":"product-type-simple"},"acf":[],"yoast_head":"<!-- This site is optimized with the Yoast SEO plugin v27.5 - https:\/\/yoast.com\/product\/yoast-seo-wordpress\/ -->\n<title>Organic hair colour Espresso - Biopapa<\/title>\n<meta name=\"description\" content=\"Organic Espresso Hair Dye - 5 botanicals and nothing else - certified 100% organic - covers grey hair perfectly - vegan\" \/>\n<meta name=\"robots\" content=\"index, follow, max-snippet:-1, max-image-preview:large, max-video-preview:-1\" \/>\n<link rel=\"canonical\" href=\"https:\/\/www.biopapa.lt\/en\/produktas\/organic-hair-colour-espresso\/\" \/>\n<meta property=\"og:locale\" content=\"en_US\" \/>\n<meta property=\"og:type\" content=\"article\" \/>\n<meta property=\"og:title\" content=\"Organic hair colour Espresso - Biopapa\" \/>\n<meta property=\"og:description\" content=\"Organic Espresso Hair Dye - 5 botanicals and nothing else - certified 100% organic - covers grey hair perfectly - vegan\" \/>\n<meta property=\"og:url\" content=\"https:\/\/www.biopapa.lt\/en\/produktas\/organic-hair-colour-espresso\/\" \/>\n<meta property=\"og:site_name\" content=\"Biopapa\" \/>\n<meta property=\"article:publisher\" content=\"https:\/\/www.facebook.com\/biopapa.lt\" \/>\n<meta property=\"article:modified_time\" content=\"2026-03-07T23:06:05+00:00\" \/>\n<meta property=\"og:image\" content=\"https:\/\/www.biopapa.lt\/wp-content\/uploads\/2025\/05\/Ekologiski-plauku-dazai-Espresso.png\" \/>\n\t<meta property=\"og:image:width\" content=\"800\" \/>\n\t<meta property=\"og:image:height\" content=\"640\" \/>\n\t<meta property=\"og:image:type\" content=\"image\/png\" \/>\n<meta name=\"twitter:card\" content=\"summary_large_image\" \/>\n<script type=\"application\/ld+json\" class=\"yoast-schema-graph\">{\"@context\":\"https:\\\/\\\/schema.org\",\"@graph\":[{\"@type\":\"WebPage\",\"@id\":\"https:\\\/\\\/www.biopapa.lt\\\/en\\\/produktas\\\/organic-hair-colour-espresso\\\/\",\"url\":\"https:\\\/\\\/www.biopapa.lt\\\/en\\\/produktas\\\/organic-hair-colour-espresso\\\/\",\"name\":\"Organic hair colour Espresso - Biopapa\",\"isPartOf\":{\"@id\":\"https:\\\/\\\/www.biopapa.lt\\\/#website\"},\"primaryImageOfPage\":{\"@id\":\"https:\\\/\\\/www.biopapa.lt\\\/en\\\/produktas\\\/organic-hair-colour-espresso\\\/#primaryimage\"},\"image\":{\"@id\":\"https:\\\/\\\/www.biopapa.lt\\\/en\\\/produktas\\\/organic-hair-colour-espresso\\\/#primaryimage\"},\"thumbnailUrl\":\"https:\\\/\\\/www.biopapa.lt\\\/wp-content\\\/uploads\\\/2025\\\/05\\\/Ekologiski-plauku-dazai-Espresso.png\",\"datePublished\":\"2025-05-06T12:48:48+00:00\",\"dateModified\":\"2026-03-07T23:06:05+00:00\",\"description\":\"Organic Espresso Hair Dye - 5 botanicals and nothing else - certified 100% organic - covers grey hair perfectly - vegan\",\"breadcrumb\":{\"@id\":\"https:\\\/\\\/www.biopapa.lt\\\/en\\\/produktas\\\/organic-hair-colour-espresso\\\/#breadcrumb\"},\"inLanguage\":\"en-US\",\"potentialAction\":[{\"@type\":\"ReadAction\",\"target\":[\"https:\\\/\\\/www.biopapa.lt\\\/en\\\/produktas\\\/organic-hair-colour-espresso\\\/\"]}]},{\"@type\":\"ImageObject\",\"inLanguage\":\"en-US\",\"@id\":\"https:\\\/\\\/www.biopapa.lt\\\/en\\\/produktas\\\/organic-hair-colour-espresso\\\/#primaryimage\",\"url\":\"https:\\\/\\\/www.biopapa.lt\\\/wp-content\\\/uploads\\\/2025\\\/05\\\/Ekologiski-plauku-dazai-Espresso.png\",\"contentUrl\":\"https:\\\/\\\/www.biopapa.lt\\\/wp-content\\\/uploads\\\/2025\\\/05\\\/Ekologiski-plauku-dazai-Espresso.png\",\"width\":800,\"height\":640},{\"@type\":\"BreadcrumbList\",\"@id\":\"https:\\\/\\\/www.biopapa.lt\\\/en\\\/produktas\\\/organic-hair-colour-espresso\\\/#breadcrumb\",\"itemListElement\":[{\"@type\":\"ListItem\",\"position\":1,\"name\":\"Home\",\"item\":\"https:\\\/\\\/www.biopapa.lt\\\/en\\\/\"},{\"@type\":\"ListItem\",\"position\":2,\"name\":\"Shop\",\"item\":\"https:\\\/\\\/www.biopapa.lt\\\/en\\\/shop\\\/\"},{\"@type\":\"ListItem\",\"position\":3,\"name\":\"Organic hair colour Espresso\"}]},{\"@type\":\"WebSite\",\"@id\":\"https:\\\/\\\/www.biopapa.lt\\\/#website\",\"url\":\"https:\\\/\\\/www.biopapa.lt\\\/\",\"name\":\"Biopapa\",\"description\":\"\u0160var\u016bs ekologi\u0161ki produktai\",\"publisher\":{\"@id\":\"https:\\\/\\\/www.biopapa.lt\\\/#organization\"},\"potentialAction\":[{\"@type\":\"SearchAction\",\"target\":{\"@type\":\"EntryPoint\",\"urlTemplate\":\"https:\\\/\\\/www.biopapa.lt\\\/?s={search_term_string}\"},\"query-input\":{\"@type\":\"PropertyValueSpecification\",\"valueRequired\":true,\"valueName\":\"search_term_string\"}}],\"inLanguage\":\"en-US\"},{\"@type\":\"Organization\",\"@id\":\"https:\\\/\\\/www.biopapa.lt\\\/#organization\",\"name\":\"Biopapa\",\"url\":\"https:\\\/\\\/www.biopapa.lt\\\/\",\"logo\":{\"@type\":\"ImageObject\",\"inLanguage\":\"en-US\",\"@id\":\"https:\\\/\\\/www.biopapa.lt\\\/#\\\/schema\\\/logo\\\/image\\\/\",\"url\":\"https:\\\/\\\/www.biopapa.lt\\\/wp-content\\\/uploads\\\/2022\\\/04\\\/facebook_biopapa.jpg\",\"contentUrl\":\"https:\\\/\\\/www.biopapa.lt\\\/wp-content\\\/uploads\\\/2022\\\/04\\\/facebook_biopapa.jpg\",\"width\":1733,\"height\":907,\"caption\":\"Biopapa\"},\"image\":{\"@id\":\"https:\\\/\\\/www.biopapa.lt\\\/#\\\/schema\\\/logo\\\/image\\\/\"},\"sameAs\":[\"https:\\\/\\\/www.facebook.com\\\/biopapa.lt\"]}]}<\/script>\n<!-- \/ Yoast SEO plugin. -->","yoast_head_json":{"title":"Organic hair colour Espresso - Biopapa","description":"Organic Espresso Hair Dye - 5 botanicals and nothing else - certified 100% organic - covers grey hair perfectly - vegan","robots":{"index":"index","follow":"follow","max-snippet":"max-snippet:-1","max-image-preview":"max-image-preview:large","max-video-preview":"max-video-preview:-1"},"canonical":"https:\/\/www.biopapa.lt\/en\/produktas\/organic-hair-colour-espresso\/","og_locale":"en_US","og_type":"article","og_title":"Organic hair colour Espresso - Biopapa","og_description":"Organic Espresso Hair Dye - 5 botanicals and nothing else - certified 100% organic - covers grey hair perfectly - vegan","og_url":"https:\/\/www.biopapa.lt\/en\/produktas\/organic-hair-colour-espresso\/","og_site_name":"Biopapa","article_publisher":"https:\/\/www.facebook.com\/biopapa.lt","article_modified_time":"2026-03-07T23:06:05+00:00","og_image":[{"width":800,"height":640,"url":"https:\/\/www.biopapa.lt\/wp-content\/uploads\/2025\/05\/Ekologiski-plauku-dazai-Espresso.png","type":"image\/png"}],"twitter_card":"summary_large_image","schema":{"@context":"https:\/\/schema.org","@graph":[{"@type":"WebPage","@id":"https:\/\/www.biopapa.lt\/en\/produktas\/organic-hair-colour-espresso\/","url":"https:\/\/www.biopapa.lt\/en\/produktas\/organic-hair-colour-espresso\/","name":"Organic hair colour Espresso - Biopapa","isPartOf":{"@id":"https:\/\/www.biopapa.lt\/#website"},"primaryImageOfPage":{"@id":"https:\/\/www.biopapa.lt\/en\/produktas\/organic-hair-colour-espresso\/#primaryimage"},"image":{"@id":"https:\/\/www.biopapa.lt\/en\/produktas\/organic-hair-colour-espresso\/#primaryimage"},"thumbnailUrl":"https:\/\/www.biopapa.lt\/wp-content\/uploads\/2025\/05\/Ekologiski-plauku-dazai-Espresso.png","datePublished":"2025-05-06T12:48:48+00:00","dateModified":"2026-03-07T23:06:05+00:00","description":"Organic Espresso Hair Dye - 5 botanicals and nothing else - certified 100% organic - covers grey hair perfectly - vegan","breadcrumb":{"@id":"https:\/\/www.biopapa.lt\/en\/produktas\/organic-hair-colour-espresso\/#breadcrumb"},"inLanguage":"en-US","potentialAction":[{"@type":"ReadAction","target":["https:\/\/www.biopapa.lt\/en\/produktas\/organic-hair-colour-espresso\/"]}]},{"@type":"ImageObject","inLanguage":"en-US","@id":"https:\/\/www.biopapa.lt\/en\/produktas\/organic-hair-colour-espresso\/#primaryimage","url":"https:\/\/www.biopapa.lt\/wp-content\/uploads\/2025\/05\/Ekologiski-plauku-dazai-Espresso.png","contentUrl":"https:\/\/www.biopapa.lt\/wp-content\/uploads\/2025\/05\/Ekologiski-plauku-dazai-Espresso.png","width":800,"height":640},{"@type":"BreadcrumbList","@id":"https:\/\/www.biopapa.lt\/en\/produktas\/organic-hair-colour-espresso\/#breadcrumb","itemListElement":[{"@type":"ListItem","position":1,"name":"Home","item":"https:\/\/www.biopapa.lt\/en\/"},{"@type":"ListItem","position":2,"name":"Shop","item":"https:\/\/www.biopapa.lt\/en\/shop\/"},{"@type":"ListItem","position":3,"name":"Organic hair colour Espresso"}]},{"@type":"WebSite","@id":"https:\/\/www.biopapa.lt\/#website","url":"https:\/\/www.biopapa.lt\/","name":"Biopapa","description":"\u0160var\u016bs ekologi\u0161ki produktai","publisher":{"@id":"https:\/\/www.biopapa.lt\/#organization"},"potentialAction":[{"@type":"SearchAction","target":{"@type":"EntryPoint","urlTemplate":"https:\/\/www.biopapa.lt\/?s={search_term_string}"},"query-input":{"@type":"PropertyValueSpecification","valueRequired":true,"valueName":"search_term_string"}}],"inLanguage":"en-US"},{"@type":"Organization","@id":"https:\/\/www.biopapa.lt\/#organization","name":"Biopapa","url":"https:\/\/www.biopapa.lt\/","logo":{"@type":"ImageObject","inLanguage":"en-US","@id":"https:\/\/www.biopapa.lt\/#\/schema\/logo\/image\/","url":"https:\/\/www.biopapa.lt\/wp-content\/uploads\/2022\/04\/facebook_biopapa.jpg","contentUrl":"https:\/\/www.biopapa.lt\/wp-content\/uploads\/2022\/04\/facebook_biopapa.jpg","width":1733,"height":907,"caption":"Biopapa"},"image":{"@id":"https:\/\/www.biopapa.lt\/#\/schema\/logo\/image\/"},"sameAs":["https:\/\/www.facebook.com\/biopapa.lt"]}]}},"_links":{"self":[{"href":"https:\/\/www.biopapa.lt\/en\/wp-json\/wp\/v2\/product\/114874","targetHints":{"allow":["GET"]}}],"collection":[{"href":"https:\/\/www.biopapa.lt\/en\/wp-json\/wp\/v2\/product"}],"about":[{"href":"https:\/\/www.biopapa.lt\/en\/wp-json\/wp\/v2\/types\/product"}],"wp:featuredmedia":[{"embeddable":true,"href":"https:\/\/www.biopapa.lt\/en\/wp-json\/wp\/v2\/media\/114902"}],"wp:attachment":[{"href":"https:\/\/www.biopapa.lt\/en\/wp-json\/wp\/v2\/media?parent=114874"}],"wp:term":[{"taxonomy":"product_brand","embeddable":true,"href":"https:\/\/www.biopapa.lt\/en\/wp-json\/wp\/v2\/product_brand?post=114874"},{"taxonomy":"product_cat","embeddable":true,"href":"https:\/\/www.biopapa.lt\/en\/wp-json\/wp\/v2\/product_cat?post=114874"},{"taxonomy":"product_tag","embeddable":true,"href":"https:\/\/www.biopapa.lt\/en\/wp-json\/wp\/v2\/product_tag?post=114874"}],"curies":[{"name":"wp","href":"https:\/\/api.w.org\/{rel}","templated":true}]}}