{"id":114825,"date":"2025-05-06T14:49:39","date_gmt":"2025-05-06T11:49:39","guid":{"rendered":"https:\/\/www.biopapa.lt\/?post_type=product&#038;p=114825"},"modified":"2026-03-08T01:06:05","modified_gmt":"2026-03-07T23:06:05","slug":"ekologiski-plauku-dazai-chesnut-brown","status":"publish","type":"product","link":"https:\/\/www.biopapa.lt\/en\/produktas\/ekologiski-plauku-dazai-chesnut-brown\/","title":{"rendered":"Organic hair dye Chesnut Brown"},"content":{"rendered":"<p><strong>Organic Hair Colour Chesnut Brown<\/strong><br \/>\nA natural and cosy dark brown shade that gives your hair shine and vitality.<br \/>\nTwo-step system: contains a base and a dark chestnut colour for perfect coverage of grey hair.<br \/>\nThis natural hair colour formula blends in with your natural hair colour. As it contains no chemicals, it does not lighten the hair. Recommended for use on brown to dark brown hair.  <\/p>\n<p>Benefits:<br \/>\nNatural result<br \/>\nHealthy and shiny hair<br \/>\nCoats and protects the hair fibre<br \/>\nPerfect coverage of grey hair<br \/>\nBiodegradable and vegan formula<br \/>\nTip: If you only have a few grey hairs and want a softer maroon shade, opt for a one-step colouring: mix 50% base and 50% colour. The colour will be softer but even. <\/p>\n<p>Kit contains:<br \/>\n2 x 100g packets of vegetable powder<br \/>\n2 pairs of gloves made of biodegradable plastic<br \/>\n2 shower caps made of biodegradable plastic<br \/>\n1 instruction manual<br \/>\nSuitable for one dye job for long hair or two dyes for short hair.<\/p>\n<p>Instructions for use:<br \/>\nWash your hair and towel dry.<br \/>\nMix the vegetable powder with warm water until it forms a smooth paste.<br \/>\nApply to your hair in batches, either all over your hair or just at the roots in the case of a renewal.<br \/>\nLeave it on for 30 minutes.<br \/>\nRinse your hair thoroughly, until the water becomes clear.<\/p>\n<p><strong>Have grey hair?<\/strong><br \/>\nIf your hair is silky white, grey or very light blonde and you&#8217;ve chosen a darker shade, vegetable dyes work in 2 STEPS. It&#8217;s an extra step, but it ensures perfect coverage of grey and light hair. <\/p>\n<p>How does it work?<br \/>\n1 STEP 1 &#8211; Pre-pigmentation:<br \/>\nShampoo your hair<br \/>\nPrepare the mixture<br \/>\nApply the paste all over your hair<br \/>\nLeave it on for 1 hour<br \/>\nRinse with clean water (do not shampoo)<br \/>\nSTEP 2 &#8211; Colouring:<br \/>\nPrepare the colour mixture<br \/>\nApply the paste<br \/>\nHold for the specified time<br \/>\nRinse with clean water<br \/>\nApply conditioner<br \/>\nThis process allows the colour to bond more deeply with the hair and gives a uniform, long-lasting result.<br \/>\nWait at least 48 hours before shampooing to allow the pigments to react with the air and attach to the hair. The final shade is visible within two days. <\/p>\n<p><strong>Note: The colour results are indicative. The final shade may vary depending on hair type and previous colouring.<br \/>\n<\/strong><\/p>\n<p>Certified COSMOS ORGANIC according to the COSMOS standard approved by Ecocert Greenlife<\/p>\n<p>Colouring your hair with vegetable dyes can take time &#8211; why?<br \/>\nNatural plant pigments react slowly. They activate on contact with water and surround the hair cuticle, coating the surface of the hair. Unlike conventional chemical dyes, vegetable pigments do not damage or weaken the hair &#8211; on the contrary, they protect and strengthen it.  <\/p>\n<p><strong>Your hair will thank you!<\/strong><\/p>\n","protected":false},"excerpt":{"rendered":"<p>Organic Hair Colour Chesnut Brown A natural and cosy dark brown shade that gives your hair shine and vitality. Two-step<\/p>\n","protected":false},"featured_media":115452,"template":"","meta":{"_acf_changed":false},"product_brand":[],"product_cat":[1962,1969,2626],"product_tag":[2070,2088],"class_list":{"0":"post-114825","1":"product","2":"type-product","3":"status-publish","4":"has-post-thumbnail","6":"product_cat-beauty-and-hygiene","7":"product_cat-hair-care","8":"product_cat-organic-hair-colour","9":"product_tag-hair-care","10":"product_tag-vegan","12":"first","13":"instock","14":"shipping-taxable","15":"purchasable","16":"product-type-simple"},"acf":[],"yoast_head":"<!-- This site is optimized with the Yoast SEO plugin v27.6 - https:\/\/yoast.com\/product\/yoast-seo-wordpress\/ -->\n<title>Organic hair dye Chesnut Brown - Biopapa<\/title>\n<meta name=\"description\" content=\"Deep Chestnut Organic Hair Colour - 6 botanicals and nothing else - certified 100% organic - perfect coverage of grey hair - vegan\" \/>\n<meta name=\"robots\" content=\"index, follow, max-snippet:-1, max-image-preview:large, max-video-preview:-1\" \/>\n<link rel=\"canonical\" href=\"https:\/\/www.biopapa.lt\/en\/produktas\/ekologiski-plauku-dazai-chesnut-brown\/\" \/>\n<meta property=\"og:locale\" content=\"en_US\" \/>\n<meta property=\"og:type\" content=\"article\" \/>\n<meta property=\"og:title\" content=\"Organic hair dye Chesnut Brown - Biopapa\" \/>\n<meta property=\"og:description\" content=\"Deep Chestnut Organic Hair Colour - 6 botanicals and nothing else - certified 100% organic - perfect coverage of grey hair - vegan\" \/>\n<meta property=\"og:url\" content=\"https:\/\/www.biopapa.lt\/en\/produktas\/ekologiski-plauku-dazai-chesnut-brown\/\" \/>\n<meta property=\"og:site_name\" content=\"Biopapa\" \/>\n<meta property=\"article:publisher\" content=\"https:\/\/www.facebook.com\/biopapa.lt\" \/>\n<meta property=\"article:modified_time\" content=\"2026-03-07T23:06:05+00:00\" \/>\n<meta property=\"og:image\" content=\"https:\/\/www.biopapa.lt\/wp-content\/uploads\/2025\/05\/Ekologiski-plauku-dazai-Deep-Chestnut-1.png\" \/>\n\t<meta property=\"og:image:width\" content=\"800\" \/>\n\t<meta property=\"og:image:height\" content=\"640\" \/>\n\t<meta property=\"og:image:type\" content=\"image\/png\" \/>\n<meta name=\"twitter:card\" content=\"summary_large_image\" \/>\n<script type=\"application\/ld+json\" class=\"yoast-schema-graph\">{\"@context\":\"https:\\\/\\\/schema.org\",\"@graph\":[{\"@type\":\"WebPage\",\"@id\":\"https:\\\/\\\/www.biopapa.lt\\\/en\\\/produktas\\\/ekologiski-plauku-dazai-chesnut-brown\\\/\",\"url\":\"https:\\\/\\\/www.biopapa.lt\\\/en\\\/produktas\\\/ekologiski-plauku-dazai-chesnut-brown\\\/\",\"name\":\"Organic hair dye Chesnut Brown - Biopapa\",\"isPartOf\":{\"@id\":\"https:\\\/\\\/www.biopapa.lt\\\/#website\"},\"primaryImageOfPage\":{\"@id\":\"https:\\\/\\\/www.biopapa.lt\\\/en\\\/produktas\\\/ekologiski-plauku-dazai-chesnut-brown\\\/#primaryimage\"},\"image\":{\"@id\":\"https:\\\/\\\/www.biopapa.lt\\\/en\\\/produktas\\\/ekologiski-plauku-dazai-chesnut-brown\\\/#primaryimage\"},\"thumbnailUrl\":\"https:\\\/\\\/www.biopapa.lt\\\/wp-content\\\/uploads\\\/2025\\\/05\\\/Ekologiski-plauku-dazai-Deep-Chestnut-1.png\",\"datePublished\":\"2025-05-06T11:49:39+00:00\",\"dateModified\":\"2026-03-07T23:06:05+00:00\",\"description\":\"Deep Chestnut Organic Hair Colour - 6 botanicals and nothing else - certified 100% organic - perfect coverage of grey hair - vegan\",\"breadcrumb\":{\"@id\":\"https:\\\/\\\/www.biopapa.lt\\\/en\\\/produktas\\\/ekologiski-plauku-dazai-chesnut-brown\\\/#breadcrumb\"},\"inLanguage\":\"en-US\",\"potentialAction\":[{\"@type\":\"ReadAction\",\"target\":[\"https:\\\/\\\/www.biopapa.lt\\\/en\\\/produktas\\\/ekologiski-plauku-dazai-chesnut-brown\\\/\"]}]},{\"@type\":\"ImageObject\",\"inLanguage\":\"en-US\",\"@id\":\"https:\\\/\\\/www.biopapa.lt\\\/en\\\/produktas\\\/ekologiski-plauku-dazai-chesnut-brown\\\/#primaryimage\",\"url\":\"https:\\\/\\\/www.biopapa.lt\\\/wp-content\\\/uploads\\\/2025\\\/05\\\/Ekologiski-plauku-dazai-Deep-Chestnut-1.png\",\"contentUrl\":\"https:\\\/\\\/www.biopapa.lt\\\/wp-content\\\/uploads\\\/2025\\\/05\\\/Ekologiski-plauku-dazai-Deep-Chestnut-1.png\",\"width\":800,\"height\":640,\"caption\":\"Organic hair dye Chesnut Brown\"},{\"@type\":\"BreadcrumbList\",\"@id\":\"https:\\\/\\\/www.biopapa.lt\\\/en\\\/produktas\\\/ekologiski-plauku-dazai-chesnut-brown\\\/#breadcrumb\",\"itemListElement\":[{\"@type\":\"ListItem\",\"position\":1,\"name\":\"Home\",\"item\":\"https:\\\/\\\/www.biopapa.lt\\\/en\\\/\"},{\"@type\":\"ListItem\",\"position\":2,\"name\":\"Shop\",\"item\":\"https:\\\/\\\/www.biopapa.lt\\\/en\\\/shop\\\/\"},{\"@type\":\"ListItem\",\"position\":3,\"name\":\"Organic hair dye Chesnut Brown\"}]},{\"@type\":\"WebSite\",\"@id\":\"https:\\\/\\\/www.biopapa.lt\\\/#website\",\"url\":\"https:\\\/\\\/www.biopapa.lt\\\/\",\"name\":\"Biopapa\",\"description\":\"\u0160var\u016bs ekologi\u0161ki produktai\",\"publisher\":{\"@id\":\"https:\\\/\\\/www.biopapa.lt\\\/#organization\"},\"potentialAction\":[{\"@type\":\"SearchAction\",\"target\":{\"@type\":\"EntryPoint\",\"urlTemplate\":\"https:\\\/\\\/www.biopapa.lt\\\/?s={search_term_string}\"},\"query-input\":{\"@type\":\"PropertyValueSpecification\",\"valueRequired\":true,\"valueName\":\"search_term_string\"}}],\"inLanguage\":\"en-US\"},{\"@type\":\"Organization\",\"@id\":\"https:\\\/\\\/www.biopapa.lt\\\/#organization\",\"name\":\"Biopapa\",\"url\":\"https:\\\/\\\/www.biopapa.lt\\\/\",\"logo\":{\"@type\":\"ImageObject\",\"inLanguage\":\"en-US\",\"@id\":\"https:\\\/\\\/www.biopapa.lt\\\/#\\\/schema\\\/logo\\\/image\\\/\",\"url\":\"https:\\\/\\\/www.biopapa.lt\\\/wp-content\\\/uploads\\\/2022\\\/04\\\/facebook_biopapa.jpg\",\"contentUrl\":\"https:\\\/\\\/www.biopapa.lt\\\/wp-content\\\/uploads\\\/2022\\\/04\\\/facebook_biopapa.jpg\",\"width\":1733,\"height\":907,\"caption\":\"Biopapa\"},\"image\":{\"@id\":\"https:\\\/\\\/www.biopapa.lt\\\/#\\\/schema\\\/logo\\\/image\\\/\"},\"sameAs\":[\"https:\\\/\\\/www.facebook.com\\\/biopapa.lt\"]}]}<\/script>\n<!-- \/ Yoast SEO plugin. -->","yoast_head_json":{"title":"Organic hair dye Chesnut Brown - Biopapa","description":"Deep Chestnut Organic Hair Colour - 6 botanicals and nothing else - certified 100% organic - perfect coverage of grey hair - vegan","robots":{"index":"index","follow":"follow","max-snippet":"max-snippet:-1","max-image-preview":"max-image-preview:large","max-video-preview":"max-video-preview:-1"},"canonical":"https:\/\/www.biopapa.lt\/en\/produktas\/ekologiski-plauku-dazai-chesnut-brown\/","og_locale":"en_US","og_type":"article","og_title":"Organic hair dye Chesnut Brown - Biopapa","og_description":"Deep Chestnut Organic Hair Colour - 6 botanicals and nothing else - certified 100% organic - perfect coverage of grey hair - vegan","og_url":"https:\/\/www.biopapa.lt\/en\/produktas\/ekologiski-plauku-dazai-chesnut-brown\/","og_site_name":"Biopapa","article_publisher":"https:\/\/www.facebook.com\/biopapa.lt","article_modified_time":"2026-03-07T23:06:05+00:00","og_image":[{"width":800,"height":640,"url":"https:\/\/www.biopapa.lt\/wp-content\/uploads\/2025\/05\/Ekologiski-plauku-dazai-Deep-Chestnut-1.png","type":"image\/png"}],"twitter_card":"summary_large_image","schema":{"@context":"https:\/\/schema.org","@graph":[{"@type":"WebPage","@id":"https:\/\/www.biopapa.lt\/en\/produktas\/ekologiski-plauku-dazai-chesnut-brown\/","url":"https:\/\/www.biopapa.lt\/en\/produktas\/ekologiski-plauku-dazai-chesnut-brown\/","name":"Organic hair dye Chesnut Brown - Biopapa","isPartOf":{"@id":"https:\/\/www.biopapa.lt\/#website"},"primaryImageOfPage":{"@id":"https:\/\/www.biopapa.lt\/en\/produktas\/ekologiski-plauku-dazai-chesnut-brown\/#primaryimage"},"image":{"@id":"https:\/\/www.biopapa.lt\/en\/produktas\/ekologiski-plauku-dazai-chesnut-brown\/#primaryimage"},"thumbnailUrl":"https:\/\/www.biopapa.lt\/wp-content\/uploads\/2025\/05\/Ekologiski-plauku-dazai-Deep-Chestnut-1.png","datePublished":"2025-05-06T11:49:39+00:00","dateModified":"2026-03-07T23:06:05+00:00","description":"Deep Chestnut Organic Hair Colour - 6 botanicals and nothing else - certified 100% organic - perfect coverage of grey hair - vegan","breadcrumb":{"@id":"https:\/\/www.biopapa.lt\/en\/produktas\/ekologiski-plauku-dazai-chesnut-brown\/#breadcrumb"},"inLanguage":"en-US","potentialAction":[{"@type":"ReadAction","target":["https:\/\/www.biopapa.lt\/en\/produktas\/ekologiski-plauku-dazai-chesnut-brown\/"]}]},{"@type":"ImageObject","inLanguage":"en-US","@id":"https:\/\/www.biopapa.lt\/en\/produktas\/ekologiski-plauku-dazai-chesnut-brown\/#primaryimage","url":"https:\/\/www.biopapa.lt\/wp-content\/uploads\/2025\/05\/Ekologiski-plauku-dazai-Deep-Chestnut-1.png","contentUrl":"https:\/\/www.biopapa.lt\/wp-content\/uploads\/2025\/05\/Ekologiski-plauku-dazai-Deep-Chestnut-1.png","width":800,"height":640,"caption":"Organic hair dye Chesnut Brown"},{"@type":"BreadcrumbList","@id":"https:\/\/www.biopapa.lt\/en\/produktas\/ekologiski-plauku-dazai-chesnut-brown\/#breadcrumb","itemListElement":[{"@type":"ListItem","position":1,"name":"Home","item":"https:\/\/www.biopapa.lt\/en\/"},{"@type":"ListItem","position":2,"name":"Shop","item":"https:\/\/www.biopapa.lt\/en\/shop\/"},{"@type":"ListItem","position":3,"name":"Organic hair dye Chesnut Brown"}]},{"@type":"WebSite","@id":"https:\/\/www.biopapa.lt\/#website","url":"https:\/\/www.biopapa.lt\/","name":"Biopapa","description":"\u0160var\u016bs ekologi\u0161ki produktai","publisher":{"@id":"https:\/\/www.biopapa.lt\/#organization"},"potentialAction":[{"@type":"SearchAction","target":{"@type":"EntryPoint","urlTemplate":"https:\/\/www.biopapa.lt\/?s={search_term_string}"},"query-input":{"@type":"PropertyValueSpecification","valueRequired":true,"valueName":"search_term_string"}}],"inLanguage":"en-US"},{"@type":"Organization","@id":"https:\/\/www.biopapa.lt\/#organization","name":"Biopapa","url":"https:\/\/www.biopapa.lt\/","logo":{"@type":"ImageObject","inLanguage":"en-US","@id":"https:\/\/www.biopapa.lt\/#\/schema\/logo\/image\/","url":"https:\/\/www.biopapa.lt\/wp-content\/uploads\/2022\/04\/facebook_biopapa.jpg","contentUrl":"https:\/\/www.biopapa.lt\/wp-content\/uploads\/2022\/04\/facebook_biopapa.jpg","width":1733,"height":907,"caption":"Biopapa"},"image":{"@id":"https:\/\/www.biopapa.lt\/#\/schema\/logo\/image\/"},"sameAs":["https:\/\/www.facebook.com\/biopapa.lt"]}]}},"_links":{"self":[{"href":"https:\/\/www.biopapa.lt\/en\/wp-json\/wp\/v2\/product\/114825","targetHints":{"allow":["GET"]}}],"collection":[{"href":"https:\/\/www.biopapa.lt\/en\/wp-json\/wp\/v2\/product"}],"about":[{"href":"https:\/\/www.biopapa.lt\/en\/wp-json\/wp\/v2\/types\/product"}],"wp:featuredmedia":[{"embeddable":true,"href":"https:\/\/www.biopapa.lt\/en\/wp-json\/wp\/v2\/media\/115452"}],"wp:attachment":[{"href":"https:\/\/www.biopapa.lt\/en\/wp-json\/wp\/v2\/media?parent=114825"}],"wp:term":[{"taxonomy":"product_brand","embeddable":true,"href":"https:\/\/www.biopapa.lt\/en\/wp-json\/wp\/v2\/product_brand?post=114825"},{"taxonomy":"product_cat","embeddable":true,"href":"https:\/\/www.biopapa.lt\/en\/wp-json\/wp\/v2\/product_cat?post=114825"},{"taxonomy":"product_tag","embeddable":true,"href":"https:\/\/www.biopapa.lt\/en\/wp-json\/wp\/v2\/product_tag?post=114825"}],"curies":[{"name":"wp","href":"https:\/\/api.w.org\/{rel}","templated":true}]}}