{"id":114543,"date":"2025-05-06T11:32:23","date_gmt":"2025-05-06T08:32:23","guid":{"rendered":"https:\/\/www.biopapa.lt\/?post_type=product&#038;p=114543"},"modified":"2026-01-06T08:37:17","modified_gmt":"2026-01-06T06:37:17","slug":"organic-freeze-dried-acerola-malpighia-powder","status":"publish","type":"product","link":"https:\/\/www.biopapa.lt\/en\/produktas\/organic-freeze-dried-acerola-malpighia-powder\/","title":{"rendered":"Organic freeze-dried Acerola (Malpighia) powder"},"content":{"rendered":"<p class=\"p1\"><strong>Organic freeze-dried acerola (malpighia) powder<\/strong><br \/>\nAcerola (malpighia), also known as Barbados cherry, is a berry native to Central and South America. It belongs to the Malpighiaceae plant family and grows on trees that can grow up to 4.5 metres tall. The trees have widely spreading branches and evergreen oval leaves. The small pinkish-white flowers turn into reddish-orange or bright red, juicy fruits, which are round or slightly flattened. The seeds have three triangular lobes with wavy wings.<br \/>\nThe acerola variety <em>Malpighia glabra<\/em> is particularly rich in vitamin C, which gives it a sour flavour, making it ideal for products with high vitamin C requirements. Acerola is rich in vitamins and minerals (calcium, potassium, iron).<br \/>\nThe edible part of the Malpighia (acerola) is a fruit (botanically, a berry) that is authorised for marketing as a fruit in Europe. Acerola is usually picked while still green, as it retains the highest levels of vitamin C, which can be double that of ripe fruit.  The fruit spoils quickly after harvesting, becoming almost unusable within 3-5 days. For this reason, acerola is freeze-dried to preserve as much of its nutrients as possible.<\/p>\n<p>Consumption<br \/>\nReady to use as a food or as an ingredient in prepared food.<br \/>\n3-5 g\/day.<\/p>\n<p>Uses:<br \/>\nMix acerola powder with water, consume directly as a refreshing drink;<br \/>\nAdd to smoothies, smoothies or juices;<br \/>\nUse in desserts such as ice cream, cakes or fruit salads;<br \/>\nAdd to yoghurt, porridge or granola;<br \/>\nUse as an ingredient in baked goods or sauces.<\/p>\n<p>Acerola is a natural and nutritious fruit, but due to its extremely high vitamin C content, it can cause mild digestive upset in some people, especially when consumed in large quantities. Allergic reactions may occur in rare cases. If you have a medical condition or are taking medication, please take care.  <\/p>\n<p><em>NOTE. The information contained herein should not be construed as a recommendation for treatment or other health issues. We encourage you to make personal decisions about your personal health, taking into account a wide range of sources of information.<\/em><\/p>\n","protected":false},"excerpt":{"rendered":"<p>Organic freeze-dried acerola (malpighia) powder Acerola (malpighia), also known as Barbados cherry, is a berry native to Central and South<\/p>\n","protected":false},"featured_media":128464,"template":"","meta":{"_acf_changed":false},"product_brand":[],"product_cat":[1848,2353],"product_tag":[2088],"class_list":{"0":"post-114543","1":"product","2":"type-product","3":"status-publish","4":"has-post-thumbnail","6":"product_cat-plant-based-superfood","7":"product_cat-powder","8":"product_tag-vegan","9":"pa_svoris-1-kg-en-2","10":"pa_svoris-10-kg-en","11":"pa_svoris-100-g-en-2","12":"pa_svoris-200-g-en","13":"pa_svoris-300-g-en","14":"pa_svoris-400-g-en","15":"pa_svoris-50-g-en","16":"pa_svoris-500-g-en-2","18":"first","19":"instock","20":"shipping-taxable","21":"purchasable","22":"product-type-variable"},"acf":[],"yoast_head":"<!-- This site is optimized with the Yoast SEO plugin v27.5 - https:\/\/yoast.com\/product\/yoast-seo-wordpress\/ -->\n<title>Organic freeze-dried Acerola (Malpighia) powder - Biopapa<\/title>\n<meta name=\"description\" content=\"The acerola variety Malpighia glabra is particularly rich in vitamin C, which gives it a sour flavour, making it ideal for products with high vitamin C requirements.\" \/>\n<meta name=\"robots\" content=\"index, follow, max-snippet:-1, max-image-preview:large, max-video-preview:-1\" \/>\n<link rel=\"canonical\" href=\"https:\/\/www.biopapa.lt\/en\/produktas\/organic-freeze-dried-acerola-malpighia-powder\/\" \/>\n<meta property=\"og:locale\" content=\"en_US\" \/>\n<meta property=\"og:type\" content=\"article\" \/>\n<meta property=\"og:title\" content=\"Organic freeze-dried Acerola (Malpighia) powder - Biopapa\" \/>\n<meta property=\"og:description\" content=\"The acerola variety Malpighia glabra is particularly rich in vitamin C, which gives it a sour flavour, making it ideal for products with high vitamin C requirements.\" \/>\n<meta property=\"og:url\" content=\"https:\/\/www.biopapa.lt\/en\/produktas\/organic-freeze-dried-acerola-malpighia-powder\/\" \/>\n<meta property=\"og:site_name\" content=\"Biopapa\" \/>\n<meta property=\"article:publisher\" content=\"https:\/\/www.facebook.com\/biopapa.lt\" \/>\n<meta property=\"article:modified_time\" content=\"2026-01-06T06:37:17+00:00\" \/>\n<meta property=\"og:image\" content=\"https:\/\/www.biopapa.lt\/wp-content\/uploads\/2025\/05\/Ekologiskas-Gomasio-skrudinti-sezamai-su-juros-druska.png\" \/>\n\t<meta property=\"og:image:width\" content=\"800\" \/>\n\t<meta property=\"og:image:height\" content=\"640\" \/>\n\t<meta property=\"og:image:type\" content=\"image\/png\" \/>\n<meta name=\"twitter:card\" content=\"summary_large_image\" \/>\n<script type=\"application\/ld+json\" class=\"yoast-schema-graph\">{\"@context\":\"https:\\\/\\\/schema.org\",\"@graph\":[{\"@type\":\"WebPage\",\"@id\":\"https:\\\/\\\/www.biopapa.lt\\\/en\\\/produktas\\\/organic-freeze-dried-acerola-malpighia-powder\\\/\",\"url\":\"https:\\\/\\\/www.biopapa.lt\\\/en\\\/produktas\\\/organic-freeze-dried-acerola-malpighia-powder\\\/\",\"name\":\"Organic freeze-dried Acerola (Malpighia) powder - Biopapa\",\"isPartOf\":{\"@id\":\"https:\\\/\\\/www.biopapa.lt\\\/#website\"},\"primaryImageOfPage\":{\"@id\":\"https:\\\/\\\/www.biopapa.lt\\\/en\\\/produktas\\\/organic-freeze-dried-acerola-malpighia-powder\\\/#primaryimage\"},\"image\":{\"@id\":\"https:\\\/\\\/www.biopapa.lt\\\/en\\\/produktas\\\/organic-freeze-dried-acerola-malpighia-powder\\\/#primaryimage\"},\"thumbnailUrl\":\"https:\\\/\\\/www.biopapa.lt\\\/wp-content\\\/uploads\\\/2025\\\/05\\\/Ekologiskas-Gomasio-skrudinti-sezamai-su-juros-druska.png\",\"datePublished\":\"2025-05-06T08:32:23+00:00\",\"dateModified\":\"2026-01-06T06:37:17+00:00\",\"description\":\"The acerola variety Malpighia glabra is particularly rich in vitamin C, which gives it a sour flavour, making it ideal for products with high vitamin C requirements.\",\"breadcrumb\":{\"@id\":\"https:\\\/\\\/www.biopapa.lt\\\/en\\\/produktas\\\/organic-freeze-dried-acerola-malpighia-powder\\\/#breadcrumb\"},\"inLanguage\":\"en-US\",\"potentialAction\":[{\"@type\":\"ReadAction\",\"target\":[\"https:\\\/\\\/www.biopapa.lt\\\/en\\\/produktas\\\/organic-freeze-dried-acerola-malpighia-powder\\\/\"]}]},{\"@type\":\"ImageObject\",\"inLanguage\":\"en-US\",\"@id\":\"https:\\\/\\\/www.biopapa.lt\\\/en\\\/produktas\\\/organic-freeze-dried-acerola-malpighia-powder\\\/#primaryimage\",\"url\":\"https:\\\/\\\/www.biopapa.lt\\\/wp-content\\\/uploads\\\/2025\\\/05\\\/Ekologiskas-Gomasio-skrudinti-sezamai-su-juros-druska.png\",\"contentUrl\":\"https:\\\/\\\/www.biopapa.lt\\\/wp-content\\\/uploads\\\/2025\\\/05\\\/Ekologiskas-Gomasio-skrudinti-sezamai-su-juros-druska.png\",\"width\":800,\"height\":640},{\"@type\":\"BreadcrumbList\",\"@id\":\"https:\\\/\\\/www.biopapa.lt\\\/en\\\/produktas\\\/organic-freeze-dried-acerola-malpighia-powder\\\/#breadcrumb\",\"itemListElement\":[{\"@type\":\"ListItem\",\"position\":1,\"name\":\"Home\",\"item\":\"https:\\\/\\\/www.biopapa.lt\\\/en\\\/\"},{\"@type\":\"ListItem\",\"position\":2,\"name\":\"Shop\",\"item\":\"https:\\\/\\\/www.biopapa.lt\\\/en\\\/shop\\\/\"},{\"@type\":\"ListItem\",\"position\":3,\"name\":\"Organic freeze-dried Acerola (Malpighia) powder\"}]},{\"@type\":\"WebSite\",\"@id\":\"https:\\\/\\\/www.biopapa.lt\\\/#website\",\"url\":\"https:\\\/\\\/www.biopapa.lt\\\/\",\"name\":\"Biopapa\",\"description\":\"\u0160var\u016bs ekologi\u0161ki produktai\",\"publisher\":{\"@id\":\"https:\\\/\\\/www.biopapa.lt\\\/#organization\"},\"potentialAction\":[{\"@type\":\"SearchAction\",\"target\":{\"@type\":\"EntryPoint\",\"urlTemplate\":\"https:\\\/\\\/www.biopapa.lt\\\/?s={search_term_string}\"},\"query-input\":{\"@type\":\"PropertyValueSpecification\",\"valueRequired\":true,\"valueName\":\"search_term_string\"}}],\"inLanguage\":\"en-US\"},{\"@type\":\"Organization\",\"@id\":\"https:\\\/\\\/www.biopapa.lt\\\/#organization\",\"name\":\"Biopapa\",\"url\":\"https:\\\/\\\/www.biopapa.lt\\\/\",\"logo\":{\"@type\":\"ImageObject\",\"inLanguage\":\"en-US\",\"@id\":\"https:\\\/\\\/www.biopapa.lt\\\/#\\\/schema\\\/logo\\\/image\\\/\",\"url\":\"https:\\\/\\\/www.biopapa.lt\\\/wp-content\\\/uploads\\\/2022\\\/04\\\/facebook_biopapa.jpg\",\"contentUrl\":\"https:\\\/\\\/www.biopapa.lt\\\/wp-content\\\/uploads\\\/2022\\\/04\\\/facebook_biopapa.jpg\",\"width\":1733,\"height\":907,\"caption\":\"Biopapa\"},\"image\":{\"@id\":\"https:\\\/\\\/www.biopapa.lt\\\/#\\\/schema\\\/logo\\\/image\\\/\"},\"sameAs\":[\"https:\\\/\\\/www.facebook.com\\\/biopapa.lt\"]}]}<\/script>\n<!-- \/ Yoast SEO plugin. -->","yoast_head_json":{"title":"Organic freeze-dried Acerola (Malpighia) powder - Biopapa","description":"The acerola variety Malpighia glabra is particularly rich in vitamin C, which gives it a sour flavour, making it ideal for products with high vitamin C requirements.","robots":{"index":"index","follow":"follow","max-snippet":"max-snippet:-1","max-image-preview":"max-image-preview:large","max-video-preview":"max-video-preview:-1"},"canonical":"https:\/\/www.biopapa.lt\/en\/produktas\/organic-freeze-dried-acerola-malpighia-powder\/","og_locale":"en_US","og_type":"article","og_title":"Organic freeze-dried Acerola (Malpighia) powder - Biopapa","og_description":"The acerola variety Malpighia glabra is particularly rich in vitamin C, which gives it a sour flavour, making it ideal for products with high vitamin C requirements.","og_url":"https:\/\/www.biopapa.lt\/en\/produktas\/organic-freeze-dried-acerola-malpighia-powder\/","og_site_name":"Biopapa","article_publisher":"https:\/\/www.facebook.com\/biopapa.lt","article_modified_time":"2026-01-06T06:37:17+00:00","og_image":[{"width":800,"height":640,"url":"https:\/\/www.biopapa.lt\/wp-content\/uploads\/2025\/05\/Ekologiskas-Gomasio-skrudinti-sezamai-su-juros-druska.png","type":"image\/png"}],"twitter_card":"summary_large_image","schema":{"@context":"https:\/\/schema.org","@graph":[{"@type":"WebPage","@id":"https:\/\/www.biopapa.lt\/en\/produktas\/organic-freeze-dried-acerola-malpighia-powder\/","url":"https:\/\/www.biopapa.lt\/en\/produktas\/organic-freeze-dried-acerola-malpighia-powder\/","name":"Organic freeze-dried Acerola (Malpighia) powder - Biopapa","isPartOf":{"@id":"https:\/\/www.biopapa.lt\/#website"},"primaryImageOfPage":{"@id":"https:\/\/www.biopapa.lt\/en\/produktas\/organic-freeze-dried-acerola-malpighia-powder\/#primaryimage"},"image":{"@id":"https:\/\/www.biopapa.lt\/en\/produktas\/organic-freeze-dried-acerola-malpighia-powder\/#primaryimage"},"thumbnailUrl":"https:\/\/www.biopapa.lt\/wp-content\/uploads\/2025\/05\/Ekologiskas-Gomasio-skrudinti-sezamai-su-juros-druska.png","datePublished":"2025-05-06T08:32:23+00:00","dateModified":"2026-01-06T06:37:17+00:00","description":"The acerola variety Malpighia glabra is particularly rich in vitamin C, which gives it a sour flavour, making it ideal for products with high vitamin C requirements.","breadcrumb":{"@id":"https:\/\/www.biopapa.lt\/en\/produktas\/organic-freeze-dried-acerola-malpighia-powder\/#breadcrumb"},"inLanguage":"en-US","potentialAction":[{"@type":"ReadAction","target":["https:\/\/www.biopapa.lt\/en\/produktas\/organic-freeze-dried-acerola-malpighia-powder\/"]}]},{"@type":"ImageObject","inLanguage":"en-US","@id":"https:\/\/www.biopapa.lt\/en\/produktas\/organic-freeze-dried-acerola-malpighia-powder\/#primaryimage","url":"https:\/\/www.biopapa.lt\/wp-content\/uploads\/2025\/05\/Ekologiskas-Gomasio-skrudinti-sezamai-su-juros-druska.png","contentUrl":"https:\/\/www.biopapa.lt\/wp-content\/uploads\/2025\/05\/Ekologiskas-Gomasio-skrudinti-sezamai-su-juros-druska.png","width":800,"height":640},{"@type":"BreadcrumbList","@id":"https:\/\/www.biopapa.lt\/en\/produktas\/organic-freeze-dried-acerola-malpighia-powder\/#breadcrumb","itemListElement":[{"@type":"ListItem","position":1,"name":"Home","item":"https:\/\/www.biopapa.lt\/en\/"},{"@type":"ListItem","position":2,"name":"Shop","item":"https:\/\/www.biopapa.lt\/en\/shop\/"},{"@type":"ListItem","position":3,"name":"Organic freeze-dried Acerola (Malpighia) powder"}]},{"@type":"WebSite","@id":"https:\/\/www.biopapa.lt\/#website","url":"https:\/\/www.biopapa.lt\/","name":"Biopapa","description":"\u0160var\u016bs ekologi\u0161ki produktai","publisher":{"@id":"https:\/\/www.biopapa.lt\/#organization"},"potentialAction":[{"@type":"SearchAction","target":{"@type":"EntryPoint","urlTemplate":"https:\/\/www.biopapa.lt\/?s={search_term_string}"},"query-input":{"@type":"PropertyValueSpecification","valueRequired":true,"valueName":"search_term_string"}}],"inLanguage":"en-US"},{"@type":"Organization","@id":"https:\/\/www.biopapa.lt\/#organization","name":"Biopapa","url":"https:\/\/www.biopapa.lt\/","logo":{"@type":"ImageObject","inLanguage":"en-US","@id":"https:\/\/www.biopapa.lt\/#\/schema\/logo\/image\/","url":"https:\/\/www.biopapa.lt\/wp-content\/uploads\/2022\/04\/facebook_biopapa.jpg","contentUrl":"https:\/\/www.biopapa.lt\/wp-content\/uploads\/2022\/04\/facebook_biopapa.jpg","width":1733,"height":907,"caption":"Biopapa"},"image":{"@id":"https:\/\/www.biopapa.lt\/#\/schema\/logo\/image\/"},"sameAs":["https:\/\/www.facebook.com\/biopapa.lt"]}]}},"_links":{"self":[{"href":"https:\/\/www.biopapa.lt\/en\/wp-json\/wp\/v2\/product\/114543","targetHints":{"allow":["GET"]}}],"collection":[{"href":"https:\/\/www.biopapa.lt\/en\/wp-json\/wp\/v2\/product"}],"about":[{"href":"https:\/\/www.biopapa.lt\/en\/wp-json\/wp\/v2\/types\/product"}],"wp:featuredmedia":[{"embeddable":true,"href":"https:\/\/www.biopapa.lt\/en\/wp-json\/wp\/v2\/media\/128464"}],"wp:attachment":[{"href":"https:\/\/www.biopapa.lt\/en\/wp-json\/wp\/v2\/media?parent=114543"}],"wp:term":[{"taxonomy":"product_brand","embeddable":true,"href":"https:\/\/www.biopapa.lt\/en\/wp-json\/wp\/v2\/product_brand?post=114543"},{"taxonomy":"product_cat","embeddable":true,"href":"https:\/\/www.biopapa.lt\/en\/wp-json\/wp\/v2\/product_cat?post=114543"},{"taxonomy":"product_tag","embeddable":true,"href":"https:\/\/www.biopapa.lt\/en\/wp-json\/wp\/v2\/product_tag?post=114543"}],"curies":[{"name":"wp","href":"https:\/\/api.w.org\/{rel}","templated":true}]}}