{"id":42557,"date":"2014-06-03T09:14:28","date_gmt":"2014-06-03T06:14:28","guid":{"rendered":"https:\/\/www.biopapa.lt\/loyalty-programme-and-guarantee\/"},"modified":"2025-12-10T17:01:21","modified_gmt":"2025-12-10T15:01:21","slug":"return-of-goods","status":"publish","type":"page","link":"https:\/\/www.biopapa.lt\/en\/return-of-goods\/","title":{"rendered":"Return of goods"},"content":{"rendered":"<p class=\"p1\"><strong>Returns<br \/>\n<\/strong>In accordance with the provisions of Article 6.228 of the Civil Code of the Republic of Lithuania, the following quality goods shall not be exchanged or returned:<br \/>\nFood products packaged according to the buyer&#8217;s order (cereals, tea, powder, etc.), unless they are of poor quality.<br \/>\nFactory-packaged food products which are not eligible for return if:<br \/>\n&#8211; perishable;<br \/>\n&#8211; unsuitable for return due to hygiene or food safety reasons, if the packaging has been opened or damaged;<br \/>\n&#8211; the packaged goods have been unpacked after delivery;<br \/>\n&#8211; Gift vouchers are among the categories of non-exchangeable and non-returnable goods. <\/p>\n<p class=\"p3\"><strong>Returning faulty goods<br \/>\n<\/strong>Purchased goods can only be exchanged or returned if the terms of return have been agreed in advance.<strong><br \/>\n<\/strong>If the delivered food item is damaged, of poor quality, or if not all or the wrong items have been delivered, please contact us no later than 72 hours after the delivery:<br \/><!-- -->&#8211; by email: info@biopapa.lt<br \/>\n&#8211; by phone: +370 686 15177  <\/p>\n<p class=\"p2\">Be sure to attach a photo of the faulty product.<br \/>\nReturned or exchanged goods must be:<br \/>\n&#8211; returned in the original packaging as received by the buyer, with proof of purchase;<br \/>\n&#8211; in good condition, not damaged, without loss of merchandise appearance (labels intact, protective film not torn off, etc.);<br \/>\n&#8211; unused.<\/p>\n<p class=\"p1\">If the goods are damaged, faulty or not properly packaged, the seller has the right not to accept the goods, not to replace them and not to refund the money paid by the buyer.<br \/>\nIf the buyer applies after the time limit has expired or fails to provide a photograph of the product, the seller is under no obligation to deal with the complaint in the buyer&#8217;s favour.<\/p>\n<p>The seller is responsible for the quality of its products. The money paid for the returned goods will be credited to the bank account (from which the payment was made) within 3-5 working days after the return of the goods. <\/p>\n<p class=\"p3\"><strong>Uncollected orders<\/strong><br \/>\nThe buyer is obliged to collect the ordered goods within an agreed or reasonable period of time (Art.6.205 of the Civil Code of the Republic of Lithuania).<br \/>\nIf the buyer does not collect the order without a justifiable reason, the seller has the right to:<br \/>\n&#8211; refuse to keep the goods;<br \/>\n&#8211; not to refund the order payment.<\/p>\n<p class=\"p1\"><strong>Consumer rights and complaints<br \/>\n<\/strong>You can submit a request or complaint about a product or service purchased from our online shop:<br \/>\n&#8211; email. p. tarnyba@vvtat.lt<br \/>\n&#8211; Tel: (8 5) 262 67 51<br \/>\n&#8211; Website: <a href=\"http:\/\/www.vvtat.lt\/\"><span class=\"s1\">www.vvtat.lt<\/span><\/a><br \/>\n&#8211; or fill in the application form on the EGS platform.<\/p>\n<p><img decoding=\"async\" class=\"aligncenter wp-image-2745 size-full\" src=\"https:\/\/www.biopapa.lt\/wp-content\/uploads\/garantija-lt-1.png\" alt=\"Money-back guarantee\" width=\"130\" height=\"130\"><\/p>\n","protected":false},"excerpt":{"rendered":"<p>Returns In accordance with the provisions of Article 6.228 of the Civil Code of the Republic of Lithuania, the following<\/p>\n","protected":false},"author":1852,"featured_media":0,"parent":0,"menu_order":0,"comment_status":"closed","ping_status":"closed","template":"","meta":{"_acf_changed":false,"footnotes":""},"class_list":["post-42557","page","type-page","status-publish","hentry"],"acf":[],"yoast_head":"<!-- This site is optimized with the Yoast SEO plugin v27.3 - https:\/\/yoast.com\/product\/yoast-seo-wordpress\/ -->\n<title>Return of goods - Biopapa<\/title>\n<meta name=\"robots\" content=\"index, follow, max-snippet:-1, max-image-preview:large, max-video-preview:-1\" \/>\n<link rel=\"canonical\" href=\"https:\/\/www.biopapa.lt\/en\/return-of-goods\/\" \/>\n<meta property=\"og:locale\" content=\"en_US\" \/>\n<meta property=\"og:type\" content=\"article\" \/>\n<meta property=\"og:title\" content=\"Return of goods - Biopapa\" \/>\n<meta property=\"og:description\" content=\"Returns In accordance with the provisions of Article 6.228 of the Civil Code of the Republic of Lithuania, the following\" \/>\n<meta property=\"og:url\" content=\"https:\/\/www.biopapa.lt\/en\/return-of-goods\/\" \/>\n<meta property=\"og:site_name\" content=\"Biopapa\" \/>\n<meta property=\"article:publisher\" content=\"https:\/\/www.facebook.com\/biopapa.lt\" \/>\n<meta property=\"article:modified_time\" content=\"2025-12-10T15:01:21+00:00\" \/>\n<meta property=\"og:image\" content=\"https:\/\/www.biopapa.lt\/wp-content\/uploads\/2022\/04\/facebook_biopapa.jpg\" \/>\n\t<meta property=\"og:image:width\" content=\"1733\" \/>\n\t<meta property=\"og:image:height\" content=\"907\" \/>\n\t<meta property=\"og:image:type\" content=\"image\/jpeg\" \/>\n<meta name=\"twitter:card\" content=\"summary_large_image\" \/>\n<script type=\"application\/ld+json\" class=\"yoast-schema-graph\">{\"@context\":\"https:\\\/\\\/schema.org\",\"@graph\":[{\"@type\":\"WebPage\",\"@id\":\"https:\\\/\\\/www.biopapa.lt\\\/en\\\/return-of-goods\\\/\",\"url\":\"https:\\\/\\\/www.biopapa.lt\\\/en\\\/return-of-goods\\\/\",\"name\":\"Return of goods - Biopapa\",\"isPartOf\":{\"@id\":\"https:\\\/\\\/www.biopapa.lt\\\/#website\"},\"primaryImageOfPage\":{\"@id\":\"https:\\\/\\\/www.biopapa.lt\\\/en\\\/return-of-goods\\\/#primaryimage\"},\"image\":{\"@id\":\"https:\\\/\\\/www.biopapa.lt\\\/en\\\/return-of-goods\\\/#primaryimage\"},\"thumbnailUrl\":\"https:\\\/\\\/www.biopapa.lt\\\/wp-content\\\/uploads\\\/garantija-lt-1.png\",\"datePublished\":\"2014-06-03T06:14:28+00:00\",\"dateModified\":\"2025-12-10T15:01:21+00:00\",\"breadcrumb\":{\"@id\":\"https:\\\/\\\/www.biopapa.lt\\\/en\\\/return-of-goods\\\/#breadcrumb\"},\"inLanguage\":\"en-US\",\"potentialAction\":[{\"@type\":\"ReadAction\",\"target\":[\"https:\\\/\\\/www.biopapa.lt\\\/en\\\/return-of-goods\\\/\"]}]},{\"@type\":\"ImageObject\",\"inLanguage\":\"en-US\",\"@id\":\"https:\\\/\\\/www.biopapa.lt\\\/en\\\/return-of-goods\\\/#primaryimage\",\"url\":\"https:\\\/\\\/www.biopapa.lt\\\/wp-content\\\/uploads\\\/garantija-lt-1.png\",\"contentUrl\":\"https:\\\/\\\/www.biopapa.lt\\\/wp-content\\\/uploads\\\/garantija-lt-1.png\"},{\"@type\":\"BreadcrumbList\",\"@id\":\"https:\\\/\\\/www.biopapa.lt\\\/en\\\/return-of-goods\\\/#breadcrumb\",\"itemListElement\":[{\"@type\":\"ListItem\",\"position\":1,\"name\":\"Home\",\"item\":\"https:\\\/\\\/www.biopapa.lt\\\/en\\\/\"},{\"@type\":\"ListItem\",\"position\":2,\"name\":\"Return of goods\"}]},{\"@type\":\"WebSite\",\"@id\":\"https:\\\/\\\/www.biopapa.lt\\\/#website\",\"url\":\"https:\\\/\\\/www.biopapa.lt\\\/\",\"name\":\"Biopapa\",\"description\":\"\u0160var\u016bs ekologi\u0161ki produktai\",\"publisher\":{\"@id\":\"https:\\\/\\\/www.biopapa.lt\\\/#organization\"},\"potentialAction\":[{\"@type\":\"SearchAction\",\"target\":{\"@type\":\"EntryPoint\",\"urlTemplate\":\"https:\\\/\\\/www.biopapa.lt\\\/?s={search_term_string}\"},\"query-input\":{\"@type\":\"PropertyValueSpecification\",\"valueRequired\":true,\"valueName\":\"search_term_string\"}}],\"inLanguage\":\"en-US\"},{\"@type\":\"Organization\",\"@id\":\"https:\\\/\\\/www.biopapa.lt\\\/#organization\",\"name\":\"Biopapa\",\"url\":\"https:\\\/\\\/www.biopapa.lt\\\/\",\"logo\":{\"@type\":\"ImageObject\",\"inLanguage\":\"en-US\",\"@id\":\"https:\\\/\\\/www.biopapa.lt\\\/#\\\/schema\\\/logo\\\/image\\\/\",\"url\":\"https:\\\/\\\/www.biopapa.lt\\\/wp-content\\\/uploads\\\/2022\\\/04\\\/facebook_biopapa.jpg\",\"contentUrl\":\"https:\\\/\\\/www.biopapa.lt\\\/wp-content\\\/uploads\\\/2022\\\/04\\\/facebook_biopapa.jpg\",\"width\":1733,\"height\":907,\"caption\":\"Biopapa\"},\"image\":{\"@id\":\"https:\\\/\\\/www.biopapa.lt\\\/#\\\/schema\\\/logo\\\/image\\\/\"},\"sameAs\":[\"https:\\\/\\\/www.facebook.com\\\/biopapa.lt\"]}]}<\/script>\n<!-- \/ Yoast SEO plugin. -->","yoast_head_json":{"title":"Return of goods - Biopapa","robots":{"index":"index","follow":"follow","max-snippet":"max-snippet:-1","max-image-preview":"max-image-preview:large","max-video-preview":"max-video-preview:-1"},"canonical":"https:\/\/www.biopapa.lt\/en\/return-of-goods\/","og_locale":"en_US","og_type":"article","og_title":"Return of goods - Biopapa","og_description":"Returns In accordance with the provisions of Article 6.228 of the Civil Code of the Republic of Lithuania, the following","og_url":"https:\/\/www.biopapa.lt\/en\/return-of-goods\/","og_site_name":"Biopapa","article_publisher":"https:\/\/www.facebook.com\/biopapa.lt","article_modified_time":"2025-12-10T15:01:21+00:00","og_image":[{"width":1733,"height":907,"url":"https:\/\/www.biopapa.lt\/wp-content\/uploads\/2022\/04\/facebook_biopapa.jpg","type":"image\/jpeg"}],"twitter_card":"summary_large_image","schema":{"@context":"https:\/\/schema.org","@graph":[{"@type":"WebPage","@id":"https:\/\/www.biopapa.lt\/en\/return-of-goods\/","url":"https:\/\/www.biopapa.lt\/en\/return-of-goods\/","name":"Return of goods - Biopapa","isPartOf":{"@id":"https:\/\/www.biopapa.lt\/#website"},"primaryImageOfPage":{"@id":"https:\/\/www.biopapa.lt\/en\/return-of-goods\/#primaryimage"},"image":{"@id":"https:\/\/www.biopapa.lt\/en\/return-of-goods\/#primaryimage"},"thumbnailUrl":"https:\/\/www.biopapa.lt\/wp-content\/uploads\/garantija-lt-1.png","datePublished":"2014-06-03T06:14:28+00:00","dateModified":"2025-12-10T15:01:21+00:00","breadcrumb":{"@id":"https:\/\/www.biopapa.lt\/en\/return-of-goods\/#breadcrumb"},"inLanguage":"en-US","potentialAction":[{"@type":"ReadAction","target":["https:\/\/www.biopapa.lt\/en\/return-of-goods\/"]}]},{"@type":"ImageObject","inLanguage":"en-US","@id":"https:\/\/www.biopapa.lt\/en\/return-of-goods\/#primaryimage","url":"https:\/\/www.biopapa.lt\/wp-content\/uploads\/garantija-lt-1.png","contentUrl":"https:\/\/www.biopapa.lt\/wp-content\/uploads\/garantija-lt-1.png"},{"@type":"BreadcrumbList","@id":"https:\/\/www.biopapa.lt\/en\/return-of-goods\/#breadcrumb","itemListElement":[{"@type":"ListItem","position":1,"name":"Home","item":"https:\/\/www.biopapa.lt\/en\/"},{"@type":"ListItem","position":2,"name":"Return of goods"}]},{"@type":"WebSite","@id":"https:\/\/www.biopapa.lt\/#website","url":"https:\/\/www.biopapa.lt\/","name":"Biopapa","description":"\u0160var\u016bs ekologi\u0161ki produktai","publisher":{"@id":"https:\/\/www.biopapa.lt\/#organization"},"potentialAction":[{"@type":"SearchAction","target":{"@type":"EntryPoint","urlTemplate":"https:\/\/www.biopapa.lt\/?s={search_term_string}"},"query-input":{"@type":"PropertyValueSpecification","valueRequired":true,"valueName":"search_term_string"}}],"inLanguage":"en-US"},{"@type":"Organization","@id":"https:\/\/www.biopapa.lt\/#organization","name":"Biopapa","url":"https:\/\/www.biopapa.lt\/","logo":{"@type":"ImageObject","inLanguage":"en-US","@id":"https:\/\/www.biopapa.lt\/#\/schema\/logo\/image\/","url":"https:\/\/www.biopapa.lt\/wp-content\/uploads\/2022\/04\/facebook_biopapa.jpg","contentUrl":"https:\/\/www.biopapa.lt\/wp-content\/uploads\/2022\/04\/facebook_biopapa.jpg","width":1733,"height":907,"caption":"Biopapa"},"image":{"@id":"https:\/\/www.biopapa.lt\/#\/schema\/logo\/image\/"},"sameAs":["https:\/\/www.facebook.com\/biopapa.lt"]}]}},"_links":{"self":[{"href":"https:\/\/www.biopapa.lt\/en\/wp-json\/wp\/v2\/pages\/42557","targetHints":{"allow":["GET"]}}],"collection":[{"href":"https:\/\/www.biopapa.lt\/en\/wp-json\/wp\/v2\/pages"}],"about":[{"href":"https:\/\/www.biopapa.lt\/en\/wp-json\/wp\/v2\/types\/page"}],"author":[{"embeddable":true,"href":"https:\/\/www.biopapa.lt\/en\/wp-json\/wp\/v2\/users\/1852"}],"replies":[{"embeddable":true,"href":"https:\/\/www.biopapa.lt\/en\/wp-json\/wp\/v2\/comments?post=42557"}],"version-history":[{"count":0,"href":"https:\/\/www.biopapa.lt\/en\/wp-json\/wp\/v2\/pages\/42557\/revisions"}],"wp:attachment":[{"href":"https:\/\/www.biopapa.lt\/en\/wp-json\/wp\/v2\/media?parent=42557"}],"curies":[{"name":"wp","href":"https:\/\/api.w.org\/{rel}","templated":true}]}}