{"id":35323,"date":"2013-04-27T08:51:35","date_gmt":"2013-04-27T05:51:35","guid":{"rendered":"https:\/\/www.biopapa.lt\/about-us\/"},"modified":"2025-12-29T14:05:00","modified_gmt":"2025-12-29T12:05:00","slug":"about-us","status":"publish","type":"page","link":"https:\/\/www.biopapa.lt\/en\/about-us\/","title":{"rendered":"About us"},"content":{"rendered":"\n<h2 class=\"wp-block-heading has-text-align-center\"><strong>Biopapa Mission:<\/strong><\/h2>\n\n<h3 class=\"has-text-align-center wp-block-heading\"><span style=\"font-size: large;\">We were founded to offer a wide range of health and environmentally friendly products for people who care about their healthy diet and a healthy environment and nature, free from unnecessary packaging\/waste.<\/span><\/h3>&#13;\n<h3 class=\"has-text-align-center\"><span style=\"font-size: large;\">By learning on our own, we want to share knowledge about sustainable lifestyles, healthy food and build a community of like-minded people who share similar values, based on the principles of enriching cooperation and goodwill between all.<\/span><\/h3>\n\n<p>Biopapa is the first certified organic shop in Lithuania &#8211; a community based on sustainable lifestyle. We started our work to promote cleaner, healthier and more conscious living.*<\/p>\n\n<p>To reduce environmental pollution from unnecessary and non-eco-friendly packaging, e-waste is a key part of the EU&#8217;s efforts to reduce packaging waste. We pack food bought in-store in paper bags, and invite customers visiting the physical store to bring their own containers &#8211; for which we apply a 5% charge. discount. <\/p>\n\n<p>The shop offers plant-based products. You will find a wide range of organic, uncooked products with and without packaging, snacks and environmentally friendly household products.<\/p>\n\n<p><\/p>\n<p>We want to build friendly business relationships with government and business, so that we can effectively promote the idea of sustainability, which we believe we all share and care about.<\/p>\n<p><em>*Promoting cleaner, healthier and more conscious consumption and living: healthier &#8211; because we sell organic, cleanly grown and produced products; more conscious &#8211; because we think before we act about the consequences of our actions for the environment and for the future of all of us; and cleaner &#8211; because we avoid unnecessary packaging and use sustainable packaging when necessary.<\/em><\/p>\n\n<p>You can view the Biopapa Ecolabel certificates on <a href=\"https:\/\/www.ekoagros.lt\/certificates?utf8=%E2%9C%93&amp;q[title_or_fieldss_value_cont]=%C5%BEaliuomen%C4%97&amp;q[per_page]=20&amp;commit=Filtruoti\" target=\"_blank\" rel=\"noreferrer noopener\"> the Ekoagros website<\/a>.<br\/><br\/>LRT radio programme One Planet. Certified Organic &#8211; <a href=\"https:\/\/www.lrt.lt\/mediateka\/irasas\/2000170002\/vienkartine-planeta-sertifikuota-ekologija\">listen to the recording<\/a>.<\/p>\n\n<p>We look forward to welcoming you at Biopapa, at Klaip\u0117dos g. 3, Vilnius.<\/p>\n\n<div> <\/div>\n\n<div>Biopapa team<\/div>\n","protected":false},"excerpt":{"rendered":"<p>Biopapa Mission: We were founded to offer a wide range of health and environmentally friendly products for people who care<\/p>\n","protected":false},"author":694,"featured_media":0,"parent":0,"menu_order":0,"comment_status":"closed","ping_status":"closed","template":"","meta":{"_acf_changed":false,"footnotes":""},"class_list":["post-35323","page","type-page","status-publish","hentry"],"acf":[],"yoast_head":"<!-- This site is optimized with the Yoast SEO plugin v27.5 - https:\/\/yoast.com\/product\/yoast-seo-wordpress\/ -->\n<title>About us - Biopapa<\/title>\n<meta name=\"description\" content=\"The Biopapa shop offers a wide range of organic products without packaging (wholemeal, pulses, dried fruits, berries, spices, plant powders, flour, RAW), desserts, snacks, beverages, and environmentally friendly household products. Our range is health and environmentally friendly. Did you find a product in our range? Then be sure to share your ideas and suggestions with us.\" \/>\n<meta name=\"robots\" content=\"index, follow, max-snippet:-1, max-image-preview:large, max-video-preview:-1\" \/>\n<link rel=\"canonical\" href=\"https:\/\/www.biopapa.lt\/en\/about-us\/\" \/>\n<meta property=\"og:locale\" content=\"en_US\" \/>\n<meta property=\"og:type\" content=\"article\" \/>\n<meta property=\"og:title\" content=\"About us - Biopapa\" \/>\n<meta property=\"og:description\" content=\"The Biopapa shop offers a wide range of organic products without packaging (wholemeal, pulses, dried fruits, berries, spices, plant powders, flour, RAW), desserts, snacks, beverages, and environmentally friendly household products. Our range is health and environmentally friendly. Did you find a product in our range? Then be sure to share your ideas and suggestions with us.\" \/>\n<meta property=\"og:url\" content=\"https:\/\/www.biopapa.lt\/en\/about-us\/\" \/>\n<meta property=\"og:site_name\" content=\"Biopapa\" \/>\n<meta property=\"article:publisher\" content=\"https:\/\/www.facebook.com\/biopapa.lt\" \/>\n<meta property=\"article:modified_time\" content=\"2025-12-29T12:05:00+00:00\" \/>\n<meta property=\"og:image\" content=\"https:\/\/www.biopapa.lt\/wp-content\/uploads\/2022\/04\/facebook_biopapa.jpg\" \/>\n\t<meta property=\"og:image:width\" content=\"1733\" \/>\n\t<meta property=\"og:image:height\" content=\"907\" \/>\n\t<meta property=\"og:image:type\" content=\"image\/jpeg\" \/>\n<meta name=\"twitter:card\" content=\"summary_large_image\" \/>\n<script type=\"application\/ld+json\" class=\"yoast-schema-graph\">{\"@context\":\"https:\\\/\\\/schema.org\",\"@graph\":[{\"@type\":\"WebPage\",\"@id\":\"https:\\\/\\\/www.biopapa.lt\\\/en\\\/about-us\\\/\",\"url\":\"https:\\\/\\\/www.biopapa.lt\\\/en\\\/about-us\\\/\",\"name\":\"About us - Biopapa\",\"isPartOf\":{\"@id\":\"https:\\\/\\\/www.biopapa.lt\\\/#website\"},\"datePublished\":\"2013-04-27T05:51:35+00:00\",\"dateModified\":\"2025-12-29T12:05:00+00:00\",\"description\":\"The Biopapa shop offers a wide range of organic products without packaging (wholemeal, pulses, dried fruits, berries, spices, plant powders, flour, RAW), desserts, snacks, beverages, and environmentally friendly household products. Our range is health and environmentally friendly. Did you find a product in our range? Then be sure to share your ideas and suggestions with us.\",\"breadcrumb\":{\"@id\":\"https:\\\/\\\/www.biopapa.lt\\\/en\\\/about-us\\\/#breadcrumb\"},\"inLanguage\":\"en-US\",\"potentialAction\":[{\"@type\":\"ReadAction\",\"target\":[\"https:\\\/\\\/www.biopapa.lt\\\/en\\\/about-us\\\/\"]}]},{\"@type\":\"BreadcrumbList\",\"@id\":\"https:\\\/\\\/www.biopapa.lt\\\/en\\\/about-us\\\/#breadcrumb\",\"itemListElement\":[{\"@type\":\"ListItem\",\"position\":1,\"name\":\"Home\",\"item\":\"https:\\\/\\\/www.biopapa.lt\\\/en\\\/\"},{\"@type\":\"ListItem\",\"position\":2,\"name\":\"About us\"}]},{\"@type\":\"WebSite\",\"@id\":\"https:\\\/\\\/www.biopapa.lt\\\/#website\",\"url\":\"https:\\\/\\\/www.biopapa.lt\\\/\",\"name\":\"Biopapa\",\"description\":\"\u0160var\u016bs ekologi\u0161ki produktai\",\"publisher\":{\"@id\":\"https:\\\/\\\/www.biopapa.lt\\\/#organization\"},\"potentialAction\":[{\"@type\":\"SearchAction\",\"target\":{\"@type\":\"EntryPoint\",\"urlTemplate\":\"https:\\\/\\\/www.biopapa.lt\\\/?s={search_term_string}\"},\"query-input\":{\"@type\":\"PropertyValueSpecification\",\"valueRequired\":true,\"valueName\":\"search_term_string\"}}],\"inLanguage\":\"en-US\"},{\"@type\":\"Organization\",\"@id\":\"https:\\\/\\\/www.biopapa.lt\\\/#organization\",\"name\":\"Biopapa\",\"url\":\"https:\\\/\\\/www.biopapa.lt\\\/\",\"logo\":{\"@type\":\"ImageObject\",\"inLanguage\":\"en-US\",\"@id\":\"https:\\\/\\\/www.biopapa.lt\\\/#\\\/schema\\\/logo\\\/image\\\/\",\"url\":\"https:\\\/\\\/www.biopapa.lt\\\/wp-content\\\/uploads\\\/2022\\\/04\\\/facebook_biopapa.jpg\",\"contentUrl\":\"https:\\\/\\\/www.biopapa.lt\\\/wp-content\\\/uploads\\\/2022\\\/04\\\/facebook_biopapa.jpg\",\"width\":1733,\"height\":907,\"caption\":\"Biopapa\"},\"image\":{\"@id\":\"https:\\\/\\\/www.biopapa.lt\\\/#\\\/schema\\\/logo\\\/image\\\/\"},\"sameAs\":[\"https:\\\/\\\/www.facebook.com\\\/biopapa.lt\"]}]}<\/script>\n<!-- \/ Yoast SEO plugin. -->","yoast_head_json":{"title":"About us - Biopapa","description":"The Biopapa shop offers a wide range of organic products without packaging (wholemeal, pulses, dried fruits, berries, spices, plant powders, flour, RAW), desserts, snacks, beverages, and environmentally friendly household products. Our range is health and environmentally friendly. Did you find a product in our range? Then be sure to share your ideas and suggestions with us.","robots":{"index":"index","follow":"follow","max-snippet":"max-snippet:-1","max-image-preview":"max-image-preview:large","max-video-preview":"max-video-preview:-1"},"canonical":"https:\/\/www.biopapa.lt\/en\/about-us\/","og_locale":"en_US","og_type":"article","og_title":"About us - Biopapa","og_description":"The Biopapa shop offers a wide range of organic products without packaging (wholemeal, pulses, dried fruits, berries, spices, plant powders, flour, RAW), desserts, snacks, beverages, and environmentally friendly household products. Our range is health and environmentally friendly. Did you find a product in our range? Then be sure to share your ideas and suggestions with us.","og_url":"https:\/\/www.biopapa.lt\/en\/about-us\/","og_site_name":"Biopapa","article_publisher":"https:\/\/www.facebook.com\/biopapa.lt","article_modified_time":"2025-12-29T12:05:00+00:00","og_image":[{"width":1733,"height":907,"url":"https:\/\/www.biopapa.lt\/wp-content\/uploads\/2022\/04\/facebook_biopapa.jpg","type":"image\/jpeg"}],"twitter_card":"summary_large_image","schema":{"@context":"https:\/\/schema.org","@graph":[{"@type":"WebPage","@id":"https:\/\/www.biopapa.lt\/en\/about-us\/","url":"https:\/\/www.biopapa.lt\/en\/about-us\/","name":"About us - Biopapa","isPartOf":{"@id":"https:\/\/www.biopapa.lt\/#website"},"datePublished":"2013-04-27T05:51:35+00:00","dateModified":"2025-12-29T12:05:00+00:00","description":"The Biopapa shop offers a wide range of organic products without packaging (wholemeal, pulses, dried fruits, berries, spices, plant powders, flour, RAW), desserts, snacks, beverages, and environmentally friendly household products. Our range is health and environmentally friendly. Did you find a product in our range? Then be sure to share your ideas and suggestions with us.","breadcrumb":{"@id":"https:\/\/www.biopapa.lt\/en\/about-us\/#breadcrumb"},"inLanguage":"en-US","potentialAction":[{"@type":"ReadAction","target":["https:\/\/www.biopapa.lt\/en\/about-us\/"]}]},{"@type":"BreadcrumbList","@id":"https:\/\/www.biopapa.lt\/en\/about-us\/#breadcrumb","itemListElement":[{"@type":"ListItem","position":1,"name":"Home","item":"https:\/\/www.biopapa.lt\/en\/"},{"@type":"ListItem","position":2,"name":"About us"}]},{"@type":"WebSite","@id":"https:\/\/www.biopapa.lt\/#website","url":"https:\/\/www.biopapa.lt\/","name":"Biopapa","description":"\u0160var\u016bs ekologi\u0161ki produktai","publisher":{"@id":"https:\/\/www.biopapa.lt\/#organization"},"potentialAction":[{"@type":"SearchAction","target":{"@type":"EntryPoint","urlTemplate":"https:\/\/www.biopapa.lt\/?s={search_term_string}"},"query-input":{"@type":"PropertyValueSpecification","valueRequired":true,"valueName":"search_term_string"}}],"inLanguage":"en-US"},{"@type":"Organization","@id":"https:\/\/www.biopapa.lt\/#organization","name":"Biopapa","url":"https:\/\/www.biopapa.lt\/","logo":{"@type":"ImageObject","inLanguage":"en-US","@id":"https:\/\/www.biopapa.lt\/#\/schema\/logo\/image\/","url":"https:\/\/www.biopapa.lt\/wp-content\/uploads\/2022\/04\/facebook_biopapa.jpg","contentUrl":"https:\/\/www.biopapa.lt\/wp-content\/uploads\/2022\/04\/facebook_biopapa.jpg","width":1733,"height":907,"caption":"Biopapa"},"image":{"@id":"https:\/\/www.biopapa.lt\/#\/schema\/logo\/image\/"},"sameAs":["https:\/\/www.facebook.com\/biopapa.lt"]}]}},"_links":{"self":[{"href":"https:\/\/www.biopapa.lt\/en\/wp-json\/wp\/v2\/pages\/35323","targetHints":{"allow":["GET"]}}],"collection":[{"href":"https:\/\/www.biopapa.lt\/en\/wp-json\/wp\/v2\/pages"}],"about":[{"href":"https:\/\/www.biopapa.lt\/en\/wp-json\/wp\/v2\/types\/page"}],"author":[{"embeddable":true,"href":"https:\/\/www.biopapa.lt\/en\/wp-json\/wp\/v2\/users\/694"}],"replies":[{"embeddable":true,"href":"https:\/\/www.biopapa.lt\/en\/wp-json\/wp\/v2\/comments?post=35323"}],"version-history":[{"count":0,"href":"https:\/\/www.biopapa.lt\/en\/wp-json\/wp\/v2\/pages\/35323\/revisions"}],"wp:attachment":[{"href":"https:\/\/www.biopapa.lt\/en\/wp-json\/wp\/v2\/media?parent=35323"}],"curies":[{"name":"wp","href":"https:\/\/api.w.org\/{rel}","templated":true}]}}