{"id":35318,"date":"2021-08-27T14:06:38","date_gmt":"2021-08-27T11:06:38","guid":{"rendered":"https:\/\/www.biopapa.lt\/contact\/"},"modified":"2024-03-04T16:09:21","modified_gmt":"2024-03-04T14:09:21","slug":"contact","status":"publish","type":"page","link":"https:\/\/www.biopapa.lt\/en\/contact\/","title":{"rendered":"Contact"},"content":{"rendered":"<p>Biopapa is an organic shop-community located in Vilnius, in the city centre, at Klaip\u0117dos g. 3.<\/p>\n<p>Opening hours:<br \/>\nI-V: 10-19, VI: 11-18, VII: closed<br \/>\nWe are closed on public holidays.<\/p>\n<p>Shop phone <a href=\"tel:+37068615177\">+370 686 15177<\/a>;<br \/>\nEmail: <a href=\"mailto:info@biopapa.lt\">info@biopapa.lt;<\/a><br \/>\nAddress. Klaipedos st. 3, Vilnius LT01117<\/p>\n<p>\u017daliuomen\u0117, UAB<br \/>\nCurrent account: LT89 3500 0100 1227 8243 Paysera<br \/>\nCompany code 305766803<br \/>\nVAT code: LT100014047611<\/p>\n","protected":false},"excerpt":{"rendered":"<p>Biopapa is an organic shop-community located in Vilnius, in the city centre, at Klaip\u0117dos g. 3. Opening hours: I-V: 10-19,<\/p>\n","protected":false},"author":265,"featured_media":0,"parent":0,"menu_order":0,"comment_status":"closed","ping_status":"closed","template":"","meta":{"_acf_changed":false,"footnotes":""},"class_list":["post-35318","page","type-page","status-publish","hentry"],"acf":[],"yoast_head":"<!-- This site is optimized with the Yoast SEO plugin v27.4 - https:\/\/yoast.com\/product\/yoast-seo-wordpress\/ -->\n<title>Contact - Biopapa<\/title>\n<meta name=\"description\" content=\"The Biopapa shop is located in the centre of Vilnius, Klaip\u0117dos g. 3. We are open weekdays 10 am - 7 pm and Saturdays 11 am - 6 pm.\" \/>\n<meta name=\"robots\" content=\"index, follow, max-snippet:-1, max-image-preview:large, max-video-preview:-1\" \/>\n<link rel=\"canonical\" href=\"https:\/\/www.biopapa.lt\/en\/contact\/\" \/>\n<meta property=\"og:locale\" content=\"en_US\" \/>\n<meta property=\"og:type\" content=\"article\" \/>\n<meta property=\"og:title\" content=\"Contact - Biopapa\" \/>\n<meta property=\"og:description\" content=\"The Biopapa shop is located in the centre of Vilnius, Klaip\u0117dos g. 3. We are open weekdays 10 am - 7 pm and Saturdays 11 am - 6 pm.\" \/>\n<meta property=\"og:url\" content=\"https:\/\/www.biopapa.lt\/en\/contact\/\" \/>\n<meta property=\"og:site_name\" content=\"Biopapa\" \/>\n<meta property=\"article:publisher\" content=\"https:\/\/www.facebook.com\/biopapa.lt\" \/>\n<meta property=\"article:modified_time\" content=\"2024-03-04T14:09:21+00:00\" \/>\n<meta property=\"og:image\" content=\"https:\/\/www.biopapa.lt\/wp-content\/uploads\/2022\/04\/facebook_biopapa.jpg\" \/>\n\t<meta property=\"og:image:width\" content=\"1733\" \/>\n\t<meta property=\"og:image:height\" content=\"907\" \/>\n\t<meta property=\"og:image:type\" content=\"image\/jpeg\" \/>\n<meta name=\"twitter:card\" content=\"summary_large_image\" \/>\n<script type=\"application\/ld+json\" class=\"yoast-schema-graph\">{\"@context\":\"https:\\\/\\\/schema.org\",\"@graph\":[{\"@type\":\"WebPage\",\"@id\":\"https:\\\/\\\/www.biopapa.lt\\\/en\\\/contact\\\/\",\"url\":\"https:\\\/\\\/www.biopapa.lt\\\/en\\\/contact\\\/\",\"name\":\"Contact - Biopapa\",\"isPartOf\":{\"@id\":\"https:\\\/\\\/www.biopapa.lt\\\/#website\"},\"datePublished\":\"2021-08-27T11:06:38+00:00\",\"dateModified\":\"2024-03-04T14:09:21+00:00\",\"description\":\"The Biopapa shop is located in the centre of Vilnius, Klaip\u0117dos g. 3. We are open weekdays 10 am - 7 pm and Saturdays 11 am - 6 pm.\",\"breadcrumb\":{\"@id\":\"https:\\\/\\\/www.biopapa.lt\\\/en\\\/contact\\\/#breadcrumb\"},\"inLanguage\":\"en-US\",\"potentialAction\":[{\"@type\":\"ReadAction\",\"target\":[\"https:\\\/\\\/www.biopapa.lt\\\/en\\\/contact\\\/\"]}]},{\"@type\":\"BreadcrumbList\",\"@id\":\"https:\\\/\\\/www.biopapa.lt\\\/en\\\/contact\\\/#breadcrumb\",\"itemListElement\":[{\"@type\":\"ListItem\",\"position\":1,\"name\":\"Home\",\"item\":\"https:\\\/\\\/www.biopapa.lt\\\/en\\\/\"},{\"@type\":\"ListItem\",\"position\":2,\"name\":\"Contact\"}]},{\"@type\":\"WebSite\",\"@id\":\"https:\\\/\\\/www.biopapa.lt\\\/#website\",\"url\":\"https:\\\/\\\/www.biopapa.lt\\\/\",\"name\":\"Biopapa\",\"description\":\"\u0160var\u016bs ekologi\u0161ki produktai\",\"publisher\":{\"@id\":\"https:\\\/\\\/www.biopapa.lt\\\/#organization\"},\"potentialAction\":[{\"@type\":\"SearchAction\",\"target\":{\"@type\":\"EntryPoint\",\"urlTemplate\":\"https:\\\/\\\/www.biopapa.lt\\\/?s={search_term_string}\"},\"query-input\":{\"@type\":\"PropertyValueSpecification\",\"valueRequired\":true,\"valueName\":\"search_term_string\"}}],\"inLanguage\":\"en-US\"},{\"@type\":\"Organization\",\"@id\":\"https:\\\/\\\/www.biopapa.lt\\\/#organization\",\"name\":\"Biopapa\",\"url\":\"https:\\\/\\\/www.biopapa.lt\\\/\",\"logo\":{\"@type\":\"ImageObject\",\"inLanguage\":\"en-US\",\"@id\":\"https:\\\/\\\/www.biopapa.lt\\\/#\\\/schema\\\/logo\\\/image\\\/\",\"url\":\"https:\\\/\\\/www.biopapa.lt\\\/wp-content\\\/uploads\\\/2022\\\/04\\\/facebook_biopapa.jpg\",\"contentUrl\":\"https:\\\/\\\/www.biopapa.lt\\\/wp-content\\\/uploads\\\/2022\\\/04\\\/facebook_biopapa.jpg\",\"width\":1733,\"height\":907,\"caption\":\"Biopapa\"},\"image\":{\"@id\":\"https:\\\/\\\/www.biopapa.lt\\\/#\\\/schema\\\/logo\\\/image\\\/\"},\"sameAs\":[\"https:\\\/\\\/www.facebook.com\\\/biopapa.lt\"]}]}<\/script>\n<!-- \/ Yoast SEO plugin. -->","yoast_head_json":{"title":"Contact - Biopapa","description":"The Biopapa shop is located in the centre of Vilnius, Klaip\u0117dos g. 3. We are open weekdays 10 am - 7 pm and Saturdays 11 am - 6 pm.","robots":{"index":"index","follow":"follow","max-snippet":"max-snippet:-1","max-image-preview":"max-image-preview:large","max-video-preview":"max-video-preview:-1"},"canonical":"https:\/\/www.biopapa.lt\/en\/contact\/","og_locale":"en_US","og_type":"article","og_title":"Contact - Biopapa","og_description":"The Biopapa shop is located in the centre of Vilnius, Klaip\u0117dos g. 3. We are open weekdays 10 am - 7 pm and Saturdays 11 am - 6 pm.","og_url":"https:\/\/www.biopapa.lt\/en\/contact\/","og_site_name":"Biopapa","article_publisher":"https:\/\/www.facebook.com\/biopapa.lt","article_modified_time":"2024-03-04T14:09:21+00:00","og_image":[{"width":1733,"height":907,"url":"https:\/\/www.biopapa.lt\/wp-content\/uploads\/2022\/04\/facebook_biopapa.jpg","type":"image\/jpeg"}],"twitter_card":"summary_large_image","schema":{"@context":"https:\/\/schema.org","@graph":[{"@type":"WebPage","@id":"https:\/\/www.biopapa.lt\/en\/contact\/","url":"https:\/\/www.biopapa.lt\/en\/contact\/","name":"Contact - Biopapa","isPartOf":{"@id":"https:\/\/www.biopapa.lt\/#website"},"datePublished":"2021-08-27T11:06:38+00:00","dateModified":"2024-03-04T14:09:21+00:00","description":"The Biopapa shop is located in the centre of Vilnius, Klaip\u0117dos g. 3. We are open weekdays 10 am - 7 pm and Saturdays 11 am - 6 pm.","breadcrumb":{"@id":"https:\/\/www.biopapa.lt\/en\/contact\/#breadcrumb"},"inLanguage":"en-US","potentialAction":[{"@type":"ReadAction","target":["https:\/\/www.biopapa.lt\/en\/contact\/"]}]},{"@type":"BreadcrumbList","@id":"https:\/\/www.biopapa.lt\/en\/contact\/#breadcrumb","itemListElement":[{"@type":"ListItem","position":1,"name":"Home","item":"https:\/\/www.biopapa.lt\/en\/"},{"@type":"ListItem","position":2,"name":"Contact"}]},{"@type":"WebSite","@id":"https:\/\/www.biopapa.lt\/#website","url":"https:\/\/www.biopapa.lt\/","name":"Biopapa","description":"\u0160var\u016bs ekologi\u0161ki produktai","publisher":{"@id":"https:\/\/www.biopapa.lt\/#organization"},"potentialAction":[{"@type":"SearchAction","target":{"@type":"EntryPoint","urlTemplate":"https:\/\/www.biopapa.lt\/?s={search_term_string}"},"query-input":{"@type":"PropertyValueSpecification","valueRequired":true,"valueName":"search_term_string"}}],"inLanguage":"en-US"},{"@type":"Organization","@id":"https:\/\/www.biopapa.lt\/#organization","name":"Biopapa","url":"https:\/\/www.biopapa.lt\/","logo":{"@type":"ImageObject","inLanguage":"en-US","@id":"https:\/\/www.biopapa.lt\/#\/schema\/logo\/image\/","url":"https:\/\/www.biopapa.lt\/wp-content\/uploads\/2022\/04\/facebook_biopapa.jpg","contentUrl":"https:\/\/www.biopapa.lt\/wp-content\/uploads\/2022\/04\/facebook_biopapa.jpg","width":1733,"height":907,"caption":"Biopapa"},"image":{"@id":"https:\/\/www.biopapa.lt\/#\/schema\/logo\/image\/"},"sameAs":["https:\/\/www.facebook.com\/biopapa.lt"]}]}},"_links":{"self":[{"href":"https:\/\/www.biopapa.lt\/en\/wp-json\/wp\/v2\/pages\/35318","targetHints":{"allow":["GET"]}}],"collection":[{"href":"https:\/\/www.biopapa.lt\/en\/wp-json\/wp\/v2\/pages"}],"about":[{"href":"https:\/\/www.biopapa.lt\/en\/wp-json\/wp\/v2\/types\/page"}],"author":[{"embeddable":true,"href":"https:\/\/www.biopapa.lt\/en\/wp-json\/wp\/v2\/users\/265"}],"replies":[{"embeddable":true,"href":"https:\/\/www.biopapa.lt\/en\/wp-json\/wp\/v2\/comments?post=35318"}],"version-history":[{"count":0,"href":"https:\/\/www.biopapa.lt\/en\/wp-json\/wp\/v2\/pages\/35318\/revisions"}],"wp:attachment":[{"href":"https:\/\/www.biopapa.lt\/en\/wp-json\/wp\/v2\/media?parent=35318"}],"curies":[{"name":"wp","href":"https:\/\/api.w.org\/{rel}","templated":true}]}}