{"id":32940,"date":"2013-04-27T09:12:36","date_gmt":"2013-04-27T06:12:36","guid":{"rendered":"https:\/\/www.biopapa.lt\/delivery\/"},"modified":"2025-12-29T14:12:32","modified_gmt":"2025-12-29T12:12:32","slug":"delivery","status":"publish","type":"page","link":"https:\/\/www.biopapa.lt\/en\/delivery\/","title":{"rendered":"Delivery"},"content":{"rendered":"\n<h4 id=\"wd-0beab491\" class=\"wp-block-wd-title title\">DELIVERY TERMS:<\/h4>\n\n<ul class=\"wp-block-list\">\n<li>We deliver your order within 2 &#8211; 4 working days (we try to do it as quickly as possible).<\/li>\n\n\n\n<li>Home appliances can be delivered within 3 to 5 working days.<\/li>\n\n\n\n<li>Delivery is made within the territory of the Republic of Lithuania (to other territories by separate agreement).<\/li>\n<\/ul>\n\n<h4 id=\"wd-220f53c2\" class=\"wp-block-wd-title title\"><strong>By Standard delivery of goods ordered in the shop is carried out with DPD and Venipak courier service to the address you specify or to DPD, Venipak and LP EXPRESS post offices:<\/strong><\/h4>\n\n<ul class=\"wp-block-list\">\n<li><strong>Free<\/strong> delivery to SMARTPOSTI \/ DPD \/ Venipak \/ Omniva \/ LP EXPRESS post offices for purchases over *28 \u20ac.<\/li>\n\n\n\n<li><strong>Free<\/strong> delivery via Venipak courier to your address for shipments over *34 euros.<\/li>\n\n\n\n<li><strong>Free<\/strong> delivery via DPD courier to your address for items over *40 euros.<\/li>\n\n\n\n<li>Standard delivery to SMARTPOSTI post offices for parcels up to *28 \u20ac &#8211; 1,39 \u20ac.<\/li>\n\n\n\n<li>Standard delivery to DPD \/ Venipak \/ Omniva \/ LP EXPRESS post offices for parcels from *20 \u20ac to 28 \u20ac &#8211; 1,90 \u20ac.<\/li>\n\n\n\n<li>Standard delivery to DPD \/ Venipak \/ Omniva \/ LP EXPRESS post offices for parcels up to *20 \u20ac &#8211; 2,90 \u20ac.<\/li>\n\n\n\n<li>Standard delivery via Venipak courier to the address you specify &#8211; \u20ac 3.90 for items up to *34 \u20ac.<\/li>\n\n\n\n<li>Standard delivery via DPD courier to the address you specify &#8211; 4,50 \u20ac for parcels up to *40 \u20ac.<\/li>\n\n\n\n<li>  We deliver <strong> to Curonian Spit<\/strong> for the same fee* to DPD\/ LP EXPRESS post offices;<br\/>Delivery with Venipak (courier and post offices) will cost additional 15 \u20ac;<br\/>Delivery with DPD and LP EXPRESS courier will cost additional 22 \u20ac fee*.<\/li>\n<\/ul>\n\n<h4 id=\"wd-63ba7d2e\" class=\"wp-block-wd-title title\">By delivery of goods ordered in the shop to foreign countries:<\/h4>\n\n<p id=\"wd-304f6895\" class=\"wp-block-wd-paragraph\">Cyprus, Ireland, Belgium, Bulgaria, Denmark, Greece, Spain, Italy, Croatia, Poland, Luxembourg, Malta, the Netherlands, Portugal, France, Romania, Slovakia, Slovenia, Spain, Finland, Hungary, the Czech Republic, Sweden &#8211; delivered by DPD courier.<br\/><strong>Standard delivery with DPD courier to your address &#8211; 20 \u20ac.<br\/>For the wholesale price of delivery to foreign countries, please contact info@biopapa.lt. <\/strong><\/p>\n\n<h4 id=\"wd-a317ceb0\" class=\"wp-block-wd-title title\">Attention!<\/h4>\n\n<p id=\"wd-914f5cfe\" class=\"wp-block-wd-paragraph\">*Minimum order amount &#8211; 10 \u20ac (final amount after discounts are applied). For orders of less than \u20ac10, an additional packaging fee of \u20ac3 applies. <\/p>\n\n<p id=\"wd-fa8e6076\" class=\"wp-block-wd-paragraph\">Please take responsibility for the method of delivery chosen in the event of low or high outdoor temperatures, as this may adversely affect the quality of the product.<\/p>\n\n<p id=\"wd-e57db3f7\" class=\"wp-block-wd-paragraph\">With high volumes of orders, delivery may be delayed.<\/p>\n\n<h4 id=\"wd-adf2e626\" class=\"wp-block-wd-title title\"><strong>In-store pick-up of your order:<\/strong><\/h4>\n\n<ul class=\"wp-block-list\">\n<li>You can pick up your order free of charge at the shop located at Klaip\u0117dos str. 3, Vilnius.<\/li>\n\n\n\n<li>Please collect your order within 1-7 days of receipt of the seller&#8217;s shipment preparation email. If you are unable to collect in time, please contact the store to arrange another collection time.  <\/li>\n\n\n\n<li>The buyer is obliged to collect the ordered goods within the agreed or reasonable time (Art.6.205 of the Civil Code). <br\/>If the buyer does not collect the order without a justified reason, the seller has the right to forfeit the order. <\/li>\n<\/ul>\n\n<h4 id=\"wd-a0612808\" class=\"wp-block-wd-title title\"><strong>Additional information on delivery:<\/strong><\/h4>\n\n<ul class=\"wp-block-list\">\n<li>Please note: Please check the condition of the packaging upon delivery. If you notice irregularities, be sure to note them at the time of acceptance of the consignment and draw up a free-form Consignment Irregularity Report. If no damage to the packaging is indicated at the time of delivery, the parcel will be deemed to have been delivered in good order and without damage.<\/li>\n\n\n\n<li>If the parcel is missing any items or the packaging appears damaged, please inform us by email. by email <a href=\"mailto:info@zaliuomene.lt\">info@biopapa.lt<\/a> or by phone <a href=\"tel:+37068615177\">+370 686 15177<\/a>. See <a href=\"https:\/\/www.biopapa.lt\/en\/return-of-goods\/\">Returning goods <\/a>for more information .<\/li>\n\n\n\n<li>To reduce environmental pollution, we try to reuse packaging from other goods for shipments. We always try to pack your order as safely as possible so that the goods reach you in good condition.<br\/><\/li>\n<\/ul>\n\n<div id=\"wd-3b213730\" class=\"wp-block-wd-row wd-custom-width wd-align-s-center\">\n<div id=\"wd-e53fc401\" class=\"wp-block-wd-column wd-align-is-lg-center\">\n<div id=\"wd-49adb3bc\" class=\"wp-block-wd-image wd-block-image wd-custom-width\"><img decoding=\"async\" width=\"423\" height=\"90\" class=\"wp-image-154037\" src=\"https:\/\/www.biopapa.lt\/wp-content\/uploads\/2025\/07\/venipak_logo.svg\" alt=\"venipak_logo\"\/><\/div>\n<\/div>\n\n\n\n<div id=\"wd-ef0eaff7\" class=\"wp-block-wd-column wd-align-is-lg-center\">\n<div id=\"wd-35594c4f\" class=\"wp-block-wd-image wd-block-image wd-custom-width\"><img decoding=\"async\" width=\"200\" height=\"88\" class=\"wp-image-14723\" src=\"https:\/\/www.biopapa.lt\/wp-content\/uploads\/2021\/08\/dpd-logo-5.png\" alt=\"venipak_logo\" srcset=\"https:\/\/www.biopapa.lt\/wp-content\/uploads\/2021\/08\/dpd-logo-5.png 200w, https:\/\/www.biopapa.lt\/wp-content\/uploads\/2021\/08\/dpd-logo-5-150x66.png 150w\" sizes=\"(max-width: 200px) 100vw, 200px\" \/><\/div>\n<\/div>\n\n\n\n<div id=\"wd-4be0f73a\" class=\"wp-block-wd-column wd-align-is-lg-center\">\n<div id=\"wd-e817871b\" class=\"wp-block-wd-image wd-block-image wd-custom-width\"><img decoding=\"async\" width=\"2173\" height=\"869\" class=\"wp-image-154044\" src=\"https:\/\/www.biopapa.lt\/wp-content\/uploads\/2025\/07\/omniva_logo_f.svg\" alt=\"omniva_logo_f\"\/><\/div>\n<\/div>\n<\/div>\n\n<p id=\"wd-62fbad02\" class=\"wp-block-wd-paragraph\"><\/p>\n\n<p id=\"wd-7eaf7658\" class=\"wp-block-wd-paragraph\"><\/p>\n\n<p><\/p>\n","protected":false},"excerpt":{"rendered":"","protected":false},"author":694,"featured_media":0,"parent":0,"menu_order":0,"comment_status":"closed","ping_status":"closed","template":"","meta":{"_acf_changed":false,"footnotes":""},"class_list":["post-32940","page","type-page","status-publish","hentry"],"acf":[],"yoast_head":"<!-- This site is optimized with the Yoast SEO plugin v27.5 - https:\/\/yoast.com\/product\/yoast-seo-wordpress\/ -->\n<title>Delivery - Biopapa<\/title>\n<meta name=\"description\" content=\"Organic, uncooked, healthy food. Organic nuts, dried fruit, superfoods. Carefully packed in Lithuania.\" \/>\n<meta name=\"robots\" content=\"index, follow, max-snippet:-1, max-image-preview:large, max-video-preview:-1\" \/>\n<link rel=\"canonical\" href=\"https:\/\/www.biopapa.lt\/en\/delivery\/\" \/>\n<meta property=\"og:locale\" content=\"en_US\" \/>\n<meta property=\"og:type\" content=\"article\" \/>\n<meta property=\"og:title\" content=\"Delivery - Biopapa\" \/>\n<meta property=\"og:description\" content=\"Organic, uncooked, healthy food. Organic nuts, dried fruit, superfoods. Carefully packed in Lithuania.\" \/>\n<meta property=\"og:url\" content=\"https:\/\/www.biopapa.lt\/en\/delivery\/\" \/>\n<meta property=\"og:site_name\" content=\"Biopapa\" \/>\n<meta property=\"article:publisher\" content=\"https:\/\/www.facebook.com\/biopapa.lt\" \/>\n<meta property=\"article:modified_time\" content=\"2025-12-29T12:12:32+00:00\" \/>\n<meta property=\"og:image\" content=\"https:\/\/www.biopapa.lt\/wp-content\/uploads\/2022\/04\/facebook_biopapa.jpg\" \/>\n\t<meta property=\"og:image:width\" content=\"1733\" \/>\n\t<meta property=\"og:image:height\" content=\"907\" \/>\n\t<meta property=\"og:image:type\" content=\"image\/jpeg\" \/>\n<meta name=\"twitter:card\" content=\"summary_large_image\" \/>\n<script type=\"application\/ld+json\" class=\"yoast-schema-graph\">{\"@context\":\"https:\\\/\\\/schema.org\",\"@graph\":[{\"@type\":\"WebPage\",\"@id\":\"https:\\\/\\\/www.biopapa.lt\\\/en\\\/delivery\\\/\",\"url\":\"https:\\\/\\\/www.biopapa.lt\\\/en\\\/delivery\\\/\",\"name\":\"Delivery - Biopapa\",\"isPartOf\":{\"@id\":\"https:\\\/\\\/www.biopapa.lt\\\/#website\"},\"primaryImageOfPage\":{\"@id\":\"https:\\\/\\\/www.biopapa.lt\\\/en\\\/delivery\\\/#primaryimage\"},\"image\":{\"@id\":\"https:\\\/\\\/www.biopapa.lt\\\/en\\\/delivery\\\/#primaryimage\"},\"thumbnailUrl\":\"https:\\\/\\\/www.biopapa.lt\\\/wp-content\\\/uploads\\\/2025\\\/07\\\/venipak_logo.svg\",\"datePublished\":\"2013-04-27T06:12:36+00:00\",\"dateModified\":\"2025-12-29T12:12:32+00:00\",\"description\":\"Organic, uncooked, healthy food. Organic nuts, dried fruit, superfoods. Carefully packed in Lithuania.\",\"breadcrumb\":{\"@id\":\"https:\\\/\\\/www.biopapa.lt\\\/en\\\/delivery\\\/#breadcrumb\"},\"inLanguage\":\"en-US\",\"potentialAction\":[{\"@type\":\"ReadAction\",\"target\":[\"https:\\\/\\\/www.biopapa.lt\\\/en\\\/delivery\\\/\"]}]},{\"@type\":\"ImageObject\",\"inLanguage\":\"en-US\",\"@id\":\"https:\\\/\\\/www.biopapa.lt\\\/en\\\/delivery\\\/#primaryimage\",\"url\":\"https:\\\/\\\/www.biopapa.lt\\\/wp-content\\\/uploads\\\/2025\\\/07\\\/venipak_logo.svg\",\"contentUrl\":\"https:\\\/\\\/www.biopapa.lt\\\/wp-content\\\/uploads\\\/2025\\\/07\\\/venipak_logo.svg\"},{\"@type\":\"BreadcrumbList\",\"@id\":\"https:\\\/\\\/www.biopapa.lt\\\/en\\\/delivery\\\/#breadcrumb\",\"itemListElement\":[{\"@type\":\"ListItem\",\"position\":1,\"name\":\"Home\",\"item\":\"https:\\\/\\\/www.biopapa.lt\\\/en\\\/\"},{\"@type\":\"ListItem\",\"position\":2,\"name\":\"Delivery\"}]},{\"@type\":\"WebSite\",\"@id\":\"https:\\\/\\\/www.biopapa.lt\\\/#website\",\"url\":\"https:\\\/\\\/www.biopapa.lt\\\/\",\"name\":\"Biopapa\",\"description\":\"\u0160var\u016bs ekologi\u0161ki produktai\",\"publisher\":{\"@id\":\"https:\\\/\\\/www.biopapa.lt\\\/#organization\"},\"potentialAction\":[{\"@type\":\"SearchAction\",\"target\":{\"@type\":\"EntryPoint\",\"urlTemplate\":\"https:\\\/\\\/www.biopapa.lt\\\/?s={search_term_string}\"},\"query-input\":{\"@type\":\"PropertyValueSpecification\",\"valueRequired\":true,\"valueName\":\"search_term_string\"}}],\"inLanguage\":\"en-US\"},{\"@type\":\"Organization\",\"@id\":\"https:\\\/\\\/www.biopapa.lt\\\/#organization\",\"name\":\"Biopapa\",\"url\":\"https:\\\/\\\/www.biopapa.lt\\\/\",\"logo\":{\"@type\":\"ImageObject\",\"inLanguage\":\"en-US\",\"@id\":\"https:\\\/\\\/www.biopapa.lt\\\/#\\\/schema\\\/logo\\\/image\\\/\",\"url\":\"https:\\\/\\\/www.biopapa.lt\\\/wp-content\\\/uploads\\\/2022\\\/04\\\/facebook_biopapa.jpg\",\"contentUrl\":\"https:\\\/\\\/www.biopapa.lt\\\/wp-content\\\/uploads\\\/2022\\\/04\\\/facebook_biopapa.jpg\",\"width\":1733,\"height\":907,\"caption\":\"Biopapa\"},\"image\":{\"@id\":\"https:\\\/\\\/www.biopapa.lt\\\/#\\\/schema\\\/logo\\\/image\\\/\"},\"sameAs\":[\"https:\\\/\\\/www.facebook.com\\\/biopapa.lt\"]}]}<\/script>\n<!-- \/ Yoast SEO plugin. -->","yoast_head_json":{"title":"Delivery - Biopapa","description":"Organic, uncooked, healthy food. Organic nuts, dried fruit, superfoods. Carefully packed in Lithuania.","robots":{"index":"index","follow":"follow","max-snippet":"max-snippet:-1","max-image-preview":"max-image-preview:large","max-video-preview":"max-video-preview:-1"},"canonical":"https:\/\/www.biopapa.lt\/en\/delivery\/","og_locale":"en_US","og_type":"article","og_title":"Delivery - Biopapa","og_description":"Organic, uncooked, healthy food. Organic nuts, dried fruit, superfoods. Carefully packed in Lithuania.","og_url":"https:\/\/www.biopapa.lt\/en\/delivery\/","og_site_name":"Biopapa","article_publisher":"https:\/\/www.facebook.com\/biopapa.lt","article_modified_time":"2025-12-29T12:12:32+00:00","og_image":[{"width":1733,"height":907,"url":"https:\/\/www.biopapa.lt\/wp-content\/uploads\/2022\/04\/facebook_biopapa.jpg","type":"image\/jpeg"}],"twitter_card":"summary_large_image","schema":{"@context":"https:\/\/schema.org","@graph":[{"@type":"WebPage","@id":"https:\/\/www.biopapa.lt\/en\/delivery\/","url":"https:\/\/www.biopapa.lt\/en\/delivery\/","name":"Delivery - Biopapa","isPartOf":{"@id":"https:\/\/www.biopapa.lt\/#website"},"primaryImageOfPage":{"@id":"https:\/\/www.biopapa.lt\/en\/delivery\/#primaryimage"},"image":{"@id":"https:\/\/www.biopapa.lt\/en\/delivery\/#primaryimage"},"thumbnailUrl":"https:\/\/www.biopapa.lt\/wp-content\/uploads\/2025\/07\/venipak_logo.svg","datePublished":"2013-04-27T06:12:36+00:00","dateModified":"2025-12-29T12:12:32+00:00","description":"Organic, uncooked, healthy food. Organic nuts, dried fruit, superfoods. Carefully packed in Lithuania.","breadcrumb":{"@id":"https:\/\/www.biopapa.lt\/en\/delivery\/#breadcrumb"},"inLanguage":"en-US","potentialAction":[{"@type":"ReadAction","target":["https:\/\/www.biopapa.lt\/en\/delivery\/"]}]},{"@type":"ImageObject","inLanguage":"en-US","@id":"https:\/\/www.biopapa.lt\/en\/delivery\/#primaryimage","url":"https:\/\/www.biopapa.lt\/wp-content\/uploads\/2025\/07\/venipak_logo.svg","contentUrl":"https:\/\/www.biopapa.lt\/wp-content\/uploads\/2025\/07\/venipak_logo.svg"},{"@type":"BreadcrumbList","@id":"https:\/\/www.biopapa.lt\/en\/delivery\/#breadcrumb","itemListElement":[{"@type":"ListItem","position":1,"name":"Home","item":"https:\/\/www.biopapa.lt\/en\/"},{"@type":"ListItem","position":2,"name":"Delivery"}]},{"@type":"WebSite","@id":"https:\/\/www.biopapa.lt\/#website","url":"https:\/\/www.biopapa.lt\/","name":"Biopapa","description":"\u0160var\u016bs ekologi\u0161ki produktai","publisher":{"@id":"https:\/\/www.biopapa.lt\/#organization"},"potentialAction":[{"@type":"SearchAction","target":{"@type":"EntryPoint","urlTemplate":"https:\/\/www.biopapa.lt\/?s={search_term_string}"},"query-input":{"@type":"PropertyValueSpecification","valueRequired":true,"valueName":"search_term_string"}}],"inLanguage":"en-US"},{"@type":"Organization","@id":"https:\/\/www.biopapa.lt\/#organization","name":"Biopapa","url":"https:\/\/www.biopapa.lt\/","logo":{"@type":"ImageObject","inLanguage":"en-US","@id":"https:\/\/www.biopapa.lt\/#\/schema\/logo\/image\/","url":"https:\/\/www.biopapa.lt\/wp-content\/uploads\/2022\/04\/facebook_biopapa.jpg","contentUrl":"https:\/\/www.biopapa.lt\/wp-content\/uploads\/2022\/04\/facebook_biopapa.jpg","width":1733,"height":907,"caption":"Biopapa"},"image":{"@id":"https:\/\/www.biopapa.lt\/#\/schema\/logo\/image\/"},"sameAs":["https:\/\/www.facebook.com\/biopapa.lt"]}]}},"_links":{"self":[{"href":"https:\/\/www.biopapa.lt\/en\/wp-json\/wp\/v2\/pages\/32940","targetHints":{"allow":["GET"]}}],"collection":[{"href":"https:\/\/www.biopapa.lt\/en\/wp-json\/wp\/v2\/pages"}],"about":[{"href":"https:\/\/www.biopapa.lt\/en\/wp-json\/wp\/v2\/types\/page"}],"author":[{"embeddable":true,"href":"https:\/\/www.biopapa.lt\/en\/wp-json\/wp\/v2\/users\/694"}],"replies":[{"embeddable":true,"href":"https:\/\/www.biopapa.lt\/en\/wp-json\/wp\/v2\/comments?post=32940"}],"version-history":[{"count":0,"href":"https:\/\/www.biopapa.lt\/en\/wp-json\/wp\/v2\/pages\/32940\/revisions"}],"wp:attachment":[{"href":"https:\/\/www.biopapa.lt\/en\/wp-json\/wp\/v2\/media?parent=32940"}],"curies":[{"name":"wp","href":"https:\/\/api.w.org\/{rel}","templated":true}]}}